{"id":710,"date":"2026-02-27T10:30:35","date_gmt":"2026-02-27T09:30:35","guid":{"rendered":"http:\/\/www.christophelinage.com\/conspiration\/?page_id=710"},"modified":"2026-02-27T10:30:35","modified_gmt":"2026-02-27T09:30:35","slug":"usages-du-monde","status":"publish","type":"page","link":"https:\/\/conspiration-editions.com\/en\/usages-du-monde\/","title":{"rendered":"Usages du monde"},"content":{"rendered":"<div data-elementor-type=\"wp-page\" data-elementor-id=\"710\" class=\"elementor elementor-710\" data-elementor-settings=\"[]\">\n\t\t\t\t\t\t<div class=\"elementor-inner\">\n\t\t\t\t\t\t\t<div class=\"elementor-section-wrap\">\n\t\t\t\t\t\t\t<section class=\"elementor-section elementor-top-section elementor-element elementor-element-37829767 elementor-section-boxed elementor-section-height-default elementor-section-height-default\" data-id=\"37829767\" data-element_type=\"section\">\n\t\t\t\t\t\t<div class=\"elementor-container elementor-column-gap-default\">\n\t\t\t\t\t\t\t<div class=\"elementor-row\">\n\t\t\t\t\t<div class=\"elementor-column elementor-col-50 elementor-top-column elementor-element elementor-element-5631ad4b\" data-id=\"5631ad4b\" data-element_type=\"column\">\n\t\t\t<div class=\"elementor-column-wrap elementor-element-populated\">\n\t\t\t\t\t\t\t<div class=\"elementor-widget-wrap\">\n\t\t\t\t\t\t<div class=\"elementor-element elementor-element-7aae8d8f euclid elementor-widget elementor-widget-heading\" data-id=\"7aae8d8f\" data-element_type=\"widget\" data-widget_type=\"heading.default\">\n\t\t\t\t<div class=\"elementor-widget-container\">\n\t\t\t<h2 class=\"elementor-heading-title elementor-size-default\">Usages du monde<\/h2>\t\t<\/div>\n\t\t\t\t<\/div>\n\t\t\t\t<div class=\"elementor-element elementor-element-6bc5dea2 elementor-widget elementor-widget-text-editor\" data-id=\"6bc5dea2\" data-element_type=\"widget\" data-widget_type=\"text-editor.default\">\n\t\t\t\t<div class=\"elementor-widget-container\">\n\t\t\t\t\t<div class=\"elementor-text-editor elementor-clearfix\"><p>Baronne Staffe<\/p><\/div>\n\t\t\t\t<\/div>\n\t\t\t\t<\/div>\n\t\t\t\t<div class=\"elementor-element elementor-element-145f1474 elementor-widget elementor-widget-text-editor\" data-id=\"145f1474\" data-element_type=\"widget\" data-widget_type=\"text-editor.default\">\n\t\t\t\t<div class=\"elementor-widget-container\">\n\t\t\t\t\t<div class=\"elementor-text-editor elementor-clearfix\"><p>Le savoir \/ un<\/p><\/div>\n\t\t\t\t<\/div>\n\t\t\t\t<\/div>\n\t\t\t\t<div class=\"elementor-element elementor-element-355507f elementor-widget-divider--view-line elementor-widget elementor-widget-divider\" data-id=\"355507f\" data-element_type=\"widget\" data-widget_type=\"divider.default\">\n\t\t\t\t<div class=\"elementor-widget-container\">\n\t\t\t\t\t<div class=\"elementor-divider\">\n\t\t\t<span class=\"elementor-divider-separator\">\n\t\t\t\t\t\t<\/span>\n\t\t<\/div>\n\t\t\t\t<\/div>\n\t\t\t\t<\/div>\n\t\t\t\t<section class=\"elementor-section elementor-inner-section elementor-element elementor-element-837001c elementor-section-boxed elementor-section-height-default elementor-section-height-default\" data-id=\"837001c\" data-element_type=\"section\">\n\t\t\t\t\t\t<div class=\"elementor-container elementor-column-gap-default\">\n\t\t\t\t\t\t\t<div class=\"elementor-row\">\n\t\t\t\t\t<div class=\"elementor-column elementor-col-50 elementor-inner-column elementor-element elementor-element-899dcfe\" data-id=\"899dcfe\" data-element_type=\"column\">\n\t\t\t<div class=\"elementor-column-wrap elementor-element-populated\">\n\t\t\t\t\t\t\t<div class=\"elementor-widget-wrap\">\n\t\t\t\t\t\t<div class=\"elementor-element elementor-element-6f1033e elementor-widget elementor-widget-text-editor\" data-id=\"6f1033e\" data-element_type=\"widget\" data-widget_type=\"text-editor.default\">\n\t\t\t\t<div class=\"elementor-widget-container\">\n\t\t\t\t\t<div class=\"elementor-text-editor elementor-clearfix\"><div class=\"dp-element dp-lite\"  data-slug=\"usages-du-monde\" data-_slug=\"usages-du-monde\" data-title=\"lire-un-extrait\" id=\"dp_5541\" data-option=\"dp_option_5541\"  data-lightbox=\"button\">Lire un extrait<\/div><script class=\"dp-shortcode-script\" type=\"application\/javascript\">window.dp_option_5541 = {\"source\":\"https:\\\/\\\/conspiration-editions.com\\\/wp-content\\\/uploads\\\/2022\\\/10\\\/usages_du_monde.pdf\",\"viewerType\":\"flipbook\",\"is3D\":false,\"enableSound\":false,\"slug\":\"usages-du-monde\",\"id\":5541}; if(window.DEARPDF && window.DEARPDF.parseElements){window.DEARPDF.parseElements();}<\/script><\/div>\n\t\t\t\t<\/div>\n\t\t\t\t<\/div>\n\t\t\t\t\t\t<\/div>\n\t\t\t\t\t<\/div>\n\t\t<\/div>\n\t\t\t\t<div class=\"elementor-column elementor-col-50 elementor-inner-column elementor-element elementor-element-290cb83\" data-id=\"290cb83\" data-element_type=\"column\">\n\t\t\t<div class=\"elementor-column-wrap elementor-element-populated\">\n\t\t\t\t\t\t\t<div class=\"elementor-widget-wrap\">\n\t\t\t\t\t\t<div class=\"elementor-element elementor-element-774c3c5 elementor-align-right elementor-widget elementor-widget-button\" data-id=\"774c3c5\" data-element_type=\"widget\" data-widget_type=\"button.default\">\n\t\t\t\t<div class=\"elementor-widget-container\">\n\t\t\t\t\t<div class=\"elementor-button-wrapper\">\n\t\t\t<a class=\"elementor-button elementor-size-sm\" role=\"button\">\n\t\t\t\t\t\t<span class=\"elementor-button-content-wrapper\">\n\t\t\t\t\t\t<span class=\"elementor-button-text\">Rupture de stock<\/span>\n\t\t<\/span>\n\t\t\t\t\t<\/a>\n\t\t<\/div>\n\t\t\t\t<\/div>\n\t\t\t\t<\/div>\n\t\t\t\t\t\t<\/div>\n\t\t\t\t\t<\/div>\n\t\t<\/div>\n\t\t\t\t\t\t\t\t<\/div>\n\t\t\t\t\t<\/div>\n\t\t<\/section>\n\t\t\t\t<div class=\"elementor-element elementor-element-092c6bf elementor-align-right elementor-widget elementor-widget-button\" data-id=\"092c6bf\" data-element_type=\"widget\" data-widget_type=\"button.default\">\n\t\t\t\t<div class=\"elementor-widget-container\">\n\t\t\t\t\t<div class=\"elementor-button-wrapper\">\n\t\t\t<a href=\"https:\/\/conspiration-editions.com\/en\/product\/usages-du-monde-ebook\/\" target=\"_blank\" class=\"elementor-button-link elementor-button elementor-size-sm\" role=\"button\">\n\t\t\t\t\t\t<span class=\"elementor-button-content-wrapper\">\n\t\t\t\t\t\t<span class=\"elementor-button-text\">Ebook (7\u20ac)<\/span>\n\t\t<\/span>\n\t\t\t\t\t<\/a>\n\t\t<\/div>\n\t\t\t\t<\/div>\n\t\t\t\t<\/div>\n\t\t\t\t<div class=\"elementor-element elementor-element-ef1e64d elementor-widget elementor-widget-text-editor\" data-id=\"ef1e64d\" data-element_type=\"widget\" data-widget_type=\"text-editor.default\">\n\t\t\t\t<div class=\"elementor-widget-container\">\n\t\t\t\t\t<div class=\"elementor-text-editor elementor-clearfix\"><p><em>Date de parution : 9 avril 2019<\/em><br \/><em>304 pages &#8211; 130&#215;190 mm<\/em><br \/><span style=\"font-size: 12px;\"><em>ISBN : 979-10-95550-06-8<\/em><\/span><\/p><\/div>\n\t\t\t\t<\/div>\n\t\t\t\t<\/div>\n\t\t\t\t\t\t<\/div>\n\t\t\t\t\t<\/div>\n\t\t<\/div>\n\t\t\t\t<div class=\"elementor-column elementor-col-50 elementor-top-column elementor-element elementor-element-48b1078d\" data-id=\"48b1078d\" data-element_type=\"column\">\n\t\t\t<div class=\"elementor-column-wrap elementor-element-populated\">\n\t\t\t\t\t\t\t<div class=\"elementor-widget-wrap\">\n\t\t\t\t\t\t<div class=\"elementor-element elementor-element-4f7dae6a elementor-widget elementor-widget-image\" data-id=\"4f7dae6a\" data-element_type=\"widget\" data-widget_type=\"image.default\">\n\t\t\t\t<div class=\"elementor-widget-container\">\n\t\t\t\t\t<div class=\"elementor-image\">\n\t\t\t\t\t\t\t\t\t\t\t<a href=\"https:\/\/conspiration-editions.com\/wp-content\/uploads\/2022\/10\/usages-du-monde-couverture-simulation.jpg\" data-elementor-open-lightbox=\"yes\" data-elementor-lightbox-title=\"Usages du monde\" data-lbwps-width=\"980\" data-lbwps-height=\"700\" data-lbwps-srcsmall=\"https:\/\/conspiration-editions.com\/wp-content\/uploads\/2022\/10\/usages-du-monde-couverture-simulation.jpg\">\n\t\t\t\t\t\t\t<img loading=\"lazy\" decoding=\"async\" width=\"750\" height=\"536\" src=\"https:\/\/conspiration-editions.com\/wp-content\/uploads\/2022\/10\/usages-du-monde-couverture-simulation.jpg\" class=\"attachment-large size-large\" alt=\"\" srcset=\"https:\/\/conspiration-editions.com\/wp-content\/uploads\/2022\/10\/usages-du-monde-couverture-simulation.jpg 980w, https:\/\/conspiration-editions.com\/wp-content\/uploads\/2022\/10\/usages-du-monde-couverture-simulation-300x214.jpg 300w, https:\/\/conspiration-editions.com\/wp-content\/uploads\/2022\/10\/usages-du-monde-couverture-simulation-768x549.jpg 768w, https:\/\/conspiration-editions.com\/wp-content\/uploads\/2022\/10\/usages-du-monde-couverture-simulation-230x164.jpg 230w, https:\/\/conspiration-editions.com\/wp-content\/uploads\/2022\/10\/usages-du-monde-couverture-simulation-600x429.jpg 600w\" sizes=\"(max-width: 750px) 100vw, 750px\" \/>\t\t\t\t\t\t\t\t<\/a>\n\t\t\t\t\t\t\t\t\t\t\t<\/div>\n\t\t\t\t<\/div>\n\t\t\t\t<\/div>\n\t\t\t\t\t\t<\/div>\n\t\t\t\t\t<\/div>\n\t\t<\/div>\n\t\t\t\t\t\t\t\t<\/div>\n\t\t\t\t\t<\/div>\n\t\t<\/section>\n\t\t\t\t<section class=\"elementor-section elementor-top-section elementor-element elementor-element-5eb447b3 elementor-section-boxed elementor-section-height-default elementor-section-height-default\" data-id=\"5eb447b3\" data-element_type=\"section\">\n\t\t\t\t\t\t<div class=\"elementor-container elementor-column-gap-default\">\n\t\t\t\t\t\t\t<div class=\"elementor-row\">\n\t\t\t\t\t<div class=\"elementor-column elementor-col-100 elementor-top-column elementor-element elementor-element-62977ac5\" data-id=\"62977ac5\" data-element_type=\"column\">\n\t\t\t<div class=\"elementor-column-wrap elementor-element-populated\">\n\t\t\t\t\t\t\t<div class=\"elementor-widget-wrap\">\n\t\t\t\t\t\t<div class=\"elementor-element elementor-element-77c7af99 elementor-widget elementor-widget-text-editor\" data-id=\"77c7af99\" data-element_type=\"widget\" data-widget_type=\"text-editor.default\">\n\t\t\t\t<div class=\"elementor-widget-container\">\n\t\t\t\t\t<div class=\"elementor-text-editor elementor-clearfix\"><p><strong>R\u00e9sum\u00e9 :<\/strong><\/p><\/div>\n\t\t\t\t<\/div>\n\t\t\t\t<\/div>\n\t\t\t\t\t\t<\/div>\n\t\t\t\t\t<\/div>\n\t\t<\/div>\n\t\t\t\t\t\t\t\t<\/div>\n\t\t\t\t\t<\/div>\n\t\t<\/section>\n\t\t\t\t<section class=\"elementor-section elementor-top-section elementor-element elementor-element-6df78cb3 elementor-section-boxed elementor-section-height-default elementor-section-height-default\" data-id=\"6df78cb3\" data-element_type=\"section\">\n\t\t\t\t\t\t<div class=\"elementor-container elementor-column-gap-default\">\n\t\t\t\t\t\t\t<div class=\"elementor-row\">\n\t\t\t\t\t<div class=\"elementor-column elementor-col-100 elementor-top-column elementor-element elementor-element-6a38c5dd\" data-id=\"6a38c5dd\" data-element_type=\"column\">\n\t\t\t<div class=\"elementor-column-wrap elementor-element-populated\">\n\t\t\t\t\t\t\t<div class=\"elementor-widget-wrap\">\n\t\t\t\t\t\t<div class=\"elementor-element elementor-element-6171dc39 elementor-widget elementor-widget-text-editor\" data-id=\"6171dc39\" data-element_type=\"widget\" data-widget_type=\"text-editor.default\">\n\t\t\t\t<div class=\"elementor-widget-container\">\n\t\t\t\t\t<div class=\"elementor-text-editor elementor-clearfix\"><p class=\"x_ydpa84be21dMsoNormal\"><i>Extraits<\/i><\/p>\n<p class=\"x_ydpa84be21dMsoNormal\">\u00ab La politesse a ceci de beau, c\u2019est qu\u2019elle est n\u00e9e de l\u2019amour de l\u2019homme pour son semblable, de la crainte de le froisser, de le blesser, de l\u2019offenser. (\u2026) elle a aussi d\u2019agr\u00e9ables c\u00f4t\u00e9s pour celui qui la pratique ; elle le rend plus gracieux, plus aimable, plus sympathique, f\u00fbt-il m\u00eame d\u00e9pourvu de dons physiques. \u00bb<\/p>\n<p class=\"x_ydpa84be21dMsoNormal\">\u00ab Les bonnes mani\u00e8res, si elles n\u2019ont pas pour base solide la bont\u00e9 et un v\u00e9ritable empire sur nos passions, nous abandonneront toujours dans les \u00e9v\u00e9nements impr\u00e9vus, dans les grands bouleversements d\u2019\u00e2me, voire dans une contrari\u00e9t\u00e9 un peu vive, et un geste trahira notre pens\u00e9e mauvaise, \u00e9go\u00efste, jalouse. \u00bb<\/p>\n<div>\n<p class=\"x_ydpa84be21dMsoNormal\">\u00ab Il faut faire intervenir son <i>moi <\/i>le moins possible, c\u2019est presque toujours un sujet g\u00eanant ou ennuyeux pour autrui. \u00bb<\/p>\n<\/div><\/div>\n\t\t\t\t<\/div>\n\t\t\t\t<\/div>\n\t\t\t\t\t\t<\/div>\n\t\t\t\t\t<\/div>\n\t\t<\/div>\n\t\t\t\t\t\t\t\t<\/div>\n\t\t\t\t\t<\/div>\n\t\t<\/section>\n\t\t\t\t<section class=\"elementor-section elementor-top-section elementor-element elementor-element-4477cff0 elementor-section-boxed elementor-section-height-default elementor-section-height-default\" data-id=\"4477cff0\" data-element_type=\"section\">\n\t\t\t\t\t\t<div class=\"elementor-container elementor-column-gap-default\">\n\t\t\t\t\t\t\t<div class=\"elementor-row\">\n\t\t\t\t\t<div class=\"elementor-column elementor-col-100 elementor-top-column elementor-element elementor-element-664f875b\" data-id=\"664f875b\" data-element_type=\"column\">\n\t\t\t<div class=\"elementor-column-wrap elementor-element-populated\">\n\t\t\t\t\t\t\t<div class=\"elementor-widget-wrap\">\n\t\t\t\t\t\t<div class=\"elementor-element elementor-element-5e2bc199 elementor-widget elementor-widget-text-editor\" data-id=\"5e2bc199\" data-element_type=\"widget\" data-widget_type=\"text-editor.default\">\n\t\t\t\t<div class=\"elementor-widget-container\">\n\t\t\t\t\t<div class=\"elementor-text-editor elementor-clearfix\"><p><strong>L&rsquo;auteur :<br \/><\/strong><\/p><\/div>\n\t\t\t\t<\/div>\n\t\t\t\t<\/div>\n\t\t\t\t\t\t<\/div>\n\t\t\t\t\t<\/div>\n\t\t<\/div>\n\t\t\t\t\t\t\t\t<\/div>\n\t\t\t\t\t<\/div>\n\t\t<\/section>\n\t\t\t\t<section class=\"elementor-section elementor-top-section elementor-element elementor-element-7ab751ea elementor-section-boxed elementor-section-height-default elementor-section-height-default\" data-id=\"7ab751ea\" data-element_type=\"section\">\n\t\t\t\t\t\t<div class=\"elementor-container elementor-column-gap-default\">\n\t\t\t\t\t\t\t<div class=\"elementor-row\">\n\t\t\t\t\t<div class=\"elementor-column elementor-col-100 elementor-top-column elementor-element elementor-element-3774330d\" data-id=\"3774330d\" data-element_type=\"column\">\n\t\t\t<div class=\"elementor-column-wrap elementor-element-populated\">\n\t\t\t\t\t\t\t<div class=\"elementor-widget-wrap\">\n\t\t\t\t\t\t<div class=\"elementor-element elementor-element-9592c9 elementor-widget elementor-widget-text-editor\" data-id=\"9592c9\" data-element_type=\"widget\" data-widget_type=\"text-editor.default\">\n\t\t\t\t<div class=\"elementor-widget-container\">\n\t\t\t\t\t<div class=\"elementor-text-editor elementor-clearfix\"><p><strong data-wp-editing=\"1\"><img loading=\"lazy\" decoding=\"async\" src=\"https:\/\/conspiration-editions.com\/wp-content\/uploads\/2021\/01\/portrait-BS-198x300-1.jpg\" alt=\"\" class=\"alignleft wp-image-712\" width=\"148\" height=\"220\" \/>Baronne Staffe<br \/><\/strong><\/p><p>La baronne Staffe, de son vrai nom Blanche Soyer (1843-1911), vivait en quasi-recluse dans son pavillon de Savigny-Sur-Orge. D\u2019origine modeste, elle s\u2019emploie \u00e0 codifier les bonnes mani\u00e8res de la bourgeoisie, en plein essor \u00e0 la fin du XIXe si\u00e8cle. Succ\u00e8s ph\u00e9nom\u00e9nal d\u00e8s sa sortie, ce livre est autant la peinture d\u2019un monde r\u00e9volu qu\u2019un br\u00e9viaire de v\u00e9rit\u00e9s intemporelles.<\/p><\/div>\n\t\t\t\t<\/div>\n\t\t\t\t<\/div>\n\t\t\t\t\t\t<\/div>\n\t\t\t\t\t<\/div>\n\t\t<\/div>\n\t\t\t\t\t\t\t\t<\/div>\n\t\t\t\t\t<\/div>\n\t\t<\/section>\n\t\t\t\t<section class=\"elementor-section elementor-top-section elementor-element elementor-element-e937ded elementor-section-boxed elementor-section-height-default elementor-section-height-default\" data-id=\"e937ded\" data-element_type=\"section\">\n\t\t\t\t\t\t<div class=\"elementor-container elementor-column-gap-default\">\n\t\t\t\t\t\t\t<div class=\"elementor-row\">\n\t\t\t\t\t<div class=\"elementor-column elementor-col-100 elementor-top-column elementor-element elementor-element-d97f82a\" data-id=\"d97f82a\" data-element_type=\"column\">\n\t\t\t<div class=\"elementor-column-wrap elementor-element-populated\">\n\t\t\t\t\t\t\t<div class=\"elementor-widget-wrap\">\n\t\t\t\t\t\t<div class=\"elementor-element elementor-element-6301851 elementor-widget elementor-widget-spacer\" data-id=\"6301851\" data-element_type=\"widget\" data-widget_type=\"spacer.default\">\n\t\t\t\t<div class=\"elementor-widget-container\">\n\t\t\t\t\t<div class=\"elementor-spacer\">\n\t\t\t<div class=\"elementor-spacer-inner\"><\/div>\n\t\t<\/div>\n\t\t\t\t<\/div>\n\t\t\t\t<\/div>\n\t\t\t\t\t\t<\/div>\n\t\t\t\t\t<\/div>\n\t\t<\/div>\n\t\t\t\t\t\t\t\t<\/div>\n\t\t\t\t\t<\/div>\n\t\t<\/section>\n\t\t\t\t\t\t<\/div>\n\t\t\t\t\t\t<\/div>\n\t\t\t\t\t<\/div>","protected":false},"excerpt":{"rendered":"<p>Usages du monde Baronne Staffe Le savoir \/ un Rupture de stock Ebook (7\u20ac) Date de parution : 9 avril 2019304 pages &#8211; 130&#215;190 mmISBN : 979-10-95550-06-8 R\u00e9sum\u00e9 : Extraits \u00ab La politesse a ceci de beau, c\u2019est qu\u2019elle est n\u00e9e de l\u2019amour de l\u2019homme pour son semblable, de la [&hellip;]<\/p>","protected":false},"author":1,"featured_media":0,"parent":0,"menu_order":0,"comment_status":"closed","ping_status":"closed","template":"","meta":{"footnotes":""},"yoast_head":"<!-- This site is optimized with the Yoast SEO plugin v22.9 - https:\/\/yoast.com\/wordpress\/plugins\/seo\/ -->\n<title>Usages du monde - Conspiration | \u00c9ditions<\/title>\n<meta name=\"description\" content=\"De la Baronne Staffe. Les bonnes mani\u00e8res, si elles n\u2019ont pas pour base solide la bont\u00e9, nous abandonneront toujours.\" \/>\n<meta name=\"robots\" content=\"index, follow, max-snippet:-1, max-image-preview:large, max-video-preview:-1\" \/>\n<link rel=\"canonical\" href=\"https:\/\/conspiration-editions.com\/en\/usages-du-monde\/\" \/>\n<meta property=\"og:locale\" content=\"en_US\" \/>\n<meta property=\"og:type\" content=\"article\" \/>\n<meta property=\"og:title\" content=\"Usages du monde - Conspiration | \u00c9ditions\" \/>\n<meta property=\"og:description\" content=\"De la Baronne Staffe. Les bonnes mani\u00e8res, si elles n\u2019ont pas pour base solide la bont\u00e9, nous abandonneront toujours.\" \/>\n<meta property=\"og:url\" content=\"https:\/\/conspiration-editions.com\/en\/usages-du-monde\/\" \/>\n<meta property=\"og:site_name\" content=\"Conspiration | \u00c9ditions\" \/>\n<meta property=\"og:image\" content=\"https:\/\/conspiration-editions.com\/wp-content\/uploads\/2022\/10\/usages-du-monde-couverture-simulation.jpg\" \/>\n<meta name=\"twitter:card\" content=\"summary_large_image\" \/>\n<meta name=\"twitter:label1\" content=\"Est. reading time\" \/>\n\t<meta name=\"twitter:data1\" content=\"2 minutes\" \/>\n<script type=\"application\/ld+json\" class=\"yoast-schema-graph\">{\"@context\":\"https:\/\/schema.org\",\"@graph\":[{\"@type\":\"WebPage\",\"@id\":\"https:\/\/conspiration-editions.com\/usages-du-monde\/\",\"url\":\"https:\/\/conspiration-editions.com\/usages-du-monde\/\",\"name\":\"Usages du monde - Conspiration | \u00c9ditions\",\"isPartOf\":{\"@id\":\"https:\/\/conspiration-editions.com\/#website\"},\"primaryImageOfPage\":{\"@id\":\"https:\/\/conspiration-editions.com\/usages-du-monde\/#primaryimage\"},\"image\":{\"@id\":\"https:\/\/conspiration-editions.com\/usages-du-monde\/#primaryimage\"},\"thumbnailUrl\":\"https:\/\/conspiration-editions.com\/wp-content\/uploads\/2022\/10\/usages-du-monde-couverture-simulation.jpg\",\"datePublished\":\"2026-02-27T09:30:35+00:00\",\"dateModified\":\"2026-02-27T09:30:35+00:00\",\"description\":\"De la Baronne Staffe. Les bonnes mani\u00e8res, si elles n\u2019ont pas pour base solide la bont\u00e9, nous abandonneront toujours.\",\"breadcrumb\":{\"@id\":\"https:\/\/conspiration-editions.com\/usages-du-monde\/#breadcrumb\"},\"inLanguage\":\"en-US\",\"potentialAction\":[{\"@type\":\"ReadAction\",\"target\":[\"https:\/\/conspiration-editions.com\/usages-du-monde\/\"]}]},{\"@type\":\"ImageObject\",\"inLanguage\":\"en-US\",\"@id\":\"https:\/\/conspiration-editions.com\/usages-du-monde\/#primaryimage\",\"url\":\"https:\/\/conspiration-editions.com\/wp-content\/uploads\/2022\/10\/usages-du-monde-couverture-simulation.jpg\",\"contentUrl\":\"https:\/\/conspiration-editions.com\/wp-content\/uploads\/2022\/10\/usages-du-monde-couverture-simulation.jpg\"},{\"@type\":\"BreadcrumbList\",\"@id\":\"https:\/\/conspiration-editions.com\/usages-du-monde\/#breadcrumb\",\"itemListElement\":[{\"@type\":\"ListItem\",\"position\":1,\"name\":\"Accueil\",\"item\":\"https:\/\/conspiration-editions.com\/\"},{\"@type\":\"ListItem\",\"position\":2,\"name\":\"Usages du monde\"}]},{\"@type\":\"WebSite\",\"@id\":\"https:\/\/conspiration-editions.com\/#website\",\"url\":\"https:\/\/conspiration-editions.com\/\",\"name\":\"Conspiration | \u00c9ditions\",\"description\":\"\",\"publisher\":{\"@id\":\"https:\/\/conspiration-editions.com\/#organization\"},\"potentialAction\":[{\"@type\":\"SearchAction\",\"target\":{\"@type\":\"EntryPoint\",\"urlTemplate\":\"https:\/\/conspiration-editions.com\/?s={search_term_string}\"},\"query-input\":\"required name=search_term_string\"}],\"inLanguage\":\"en-US\"},{\"@type\":\"Organization\",\"@id\":\"https:\/\/conspiration-editions.com\/#organization\",\"name\":\"Conspiration | \u00c9ditions\",\"url\":\"https:\/\/conspiration-editions.com\/\",\"logo\":{\"@type\":\"ImageObject\",\"inLanguage\":\"en-US\",\"@id\":\"https:\/\/conspiration-editions.com\/#\/schema\/logo\/image\/\",\"url\":\"https:\/\/conspiration-editions.com\/wp-content\/uploads\/2021\/01\/cropped-cropped-cropped-logo-editions.png\",\"contentUrl\":\"https:\/\/conspiration-editions.com\/wp-content\/uploads\/2021\/01\/cropped-cropped-cropped-logo-editions.png\",\"width\":574,\"height\":100,\"caption\":\"Conspiration | \u00c9ditions\"},\"image\":{\"@id\":\"https:\/\/conspiration-editions.com\/#\/schema\/logo\/image\/\"}}]}<\/script>\n<!-- \/ Yoast SEO plugin. -->","yoast_head_json":{"title":"Usages du monde - Conspiration | \u00c9ditions","description":"De la Baronne Staffe. Les bonnes mani\u00e8res, si elles n\u2019ont pas pour base solide la bont\u00e9, nous abandonneront toujours.","robots":{"index":"index","follow":"follow","max-snippet":"max-snippet:-1","max-image-preview":"max-image-preview:large","max-video-preview":"max-video-preview:-1"},"canonical":"https:\/\/conspiration-editions.com\/en\/usages-du-monde\/","og_locale":"en_US","og_type":"article","og_title":"Usages du monde - Conspiration | \u00c9ditions","og_description":"De la Baronne Staffe. Les bonnes mani\u00e8res, si elles n\u2019ont pas pour base solide la bont\u00e9, nous abandonneront toujours.","og_url":"https:\/\/conspiration-editions.com\/en\/usages-du-monde\/","og_site_name":"Conspiration | \u00c9ditions","og_image":[{"url":"https:\/\/conspiration-editions.com\/wp-content\/uploads\/2022\/10\/usages-du-monde-couverture-simulation.jpg"}],"twitter_card":"summary_large_image","twitter_misc":{"Est. reading time":"2 minutes"},"schema":{"@context":"https:\/\/schema.org","@graph":[{"@type":"WebPage","@id":"https:\/\/conspiration-editions.com\/usages-du-monde\/","url":"https:\/\/conspiration-editions.com\/usages-du-monde\/","name":"Usages du monde - Conspiration | \u00c9ditions","isPartOf":{"@id":"https:\/\/conspiration-editions.com\/#website"},"primaryImageOfPage":{"@id":"https:\/\/conspiration-editions.com\/usages-du-monde\/#primaryimage"},"image":{"@id":"https:\/\/conspiration-editions.com\/usages-du-monde\/#primaryimage"},"thumbnailUrl":"https:\/\/conspiration-editions.com\/wp-content\/uploads\/2022\/10\/usages-du-monde-couverture-simulation.jpg","datePublished":"2026-02-27T09:30:35+00:00","dateModified":"2026-02-27T09:30:35+00:00","description":"De la Baronne Staffe. Les bonnes mani\u00e8res, si elles n\u2019ont pas pour base solide la bont\u00e9, nous abandonneront toujours.","breadcrumb":{"@id":"https:\/\/conspiration-editions.com\/usages-du-monde\/#breadcrumb"},"inLanguage":"en-US","potentialAction":[{"@type":"ReadAction","target":["https:\/\/conspiration-editions.com\/usages-du-monde\/"]}]},{"@type":"ImageObject","inLanguage":"en-US","@id":"https:\/\/conspiration-editions.com\/usages-du-monde\/#primaryimage","url":"https:\/\/conspiration-editions.com\/wp-content\/uploads\/2022\/10\/usages-du-monde-couverture-simulation.jpg","contentUrl":"https:\/\/conspiration-editions.com\/wp-content\/uploads\/2022\/10\/usages-du-monde-couverture-simulation.jpg"},{"@type":"BreadcrumbList","@id":"https:\/\/conspiration-editions.com\/usages-du-monde\/#breadcrumb","itemListElement":[{"@type":"ListItem","position":1,"name":"Accueil","item":"https:\/\/conspiration-editions.com\/"},{"@type":"ListItem","position":2,"name":"Usages du monde"}]},{"@type":"WebSite","@id":"https:\/\/conspiration-editions.com\/#website","url":"https:\/\/conspiration-editions.com\/","name":"Conspiration | \u00c9ditions","description":"","publisher":{"@id":"https:\/\/conspiration-editions.com\/#organization"},"potentialAction":[{"@type":"SearchAction","target":{"@type":"EntryPoint","urlTemplate":"https:\/\/conspiration-editions.com\/?s={search_term_string}"},"query-input":"required name=search_term_string"}],"inLanguage":"en-US"},{"@type":"Organization","@id":"https:\/\/conspiration-editions.com\/#organization","name":"Conspiration | \u00c9ditions","url":"https:\/\/conspiration-editions.com\/","logo":{"@type":"ImageObject","inLanguage":"en-US","@id":"https:\/\/conspiration-editions.com\/#\/schema\/logo\/image\/","url":"https:\/\/conspiration-editions.com\/wp-content\/uploads\/2021\/01\/cropped-cropped-cropped-logo-editions.png","contentUrl":"https:\/\/conspiration-editions.com\/wp-content\/uploads\/2021\/01\/cropped-cropped-cropped-logo-editions.png","width":574,"height":100,"caption":"Conspiration | \u00c9ditions"},"image":{"@id":"https:\/\/conspiration-editions.com\/#\/schema\/logo\/image\/"}}]}},"_links":{"self":[{"href":"https:\/\/conspiration-editions.com\/en\/wp-json\/wp\/v2\/pages\/710"}],"collection":[{"href":"https:\/\/conspiration-editions.com\/en\/wp-json\/wp\/v2\/pages"}],"about":[{"href":"https:\/\/conspiration-editions.com\/en\/wp-json\/wp\/v2\/types\/page"}],"author":[{"embeddable":true,"href":"https:\/\/conspiration-editions.com\/en\/wp-json\/wp\/v2\/users\/1"}],"replies":[{"embeddable":true,"href":"https:\/\/conspiration-editions.com\/en\/wp-json\/wp\/v2\/comments?post=710"}],"version-history":[{"count":25,"href":"https:\/\/conspiration-editions.com\/en\/wp-json\/wp\/v2\/pages\/710\/revisions"}],"predecessor-version":[{"id":8114,"href":"https:\/\/conspiration-editions.com\/en\/wp-json\/wp\/v2\/pages\/710\/revisions\/8114"}],"wp:attachment":[{"href":"https:\/\/conspiration-editions.com\/en\/wp-json\/wp\/v2\/media?parent=710"}],"curies":[{"name":"wp","href":"https:\/\/api.w.org\/{rel}","templated":true}]}}