{"id":6815,"date":"2026-02-27T10:27:49","date_gmt":"2026-02-27T09:27:49","guid":{"rendered":"https:\/\/conspiration-editions.com\/?page_id=6815"},"modified":"2026-03-04T16:28:12","modified_gmt":"2026-03-04T15:28:12","slug":"lexception","status":"publish","type":"page","link":"https:\/\/conspiration-editions.com\/en\/lexception\/","title":{"rendered":"L&rsquo;exception"},"content":{"rendered":"<div data-elementor-type=\"wp-page\" data-elementor-id=\"6815\" class=\"elementor elementor-6815\" data-elementor-settings=\"[]\">\n\t\t\t\t\t\t<div class=\"elementor-inner\">\n\t\t\t\t\t\t\t<div class=\"elementor-section-wrap\">\n\t\t\t\t\t\t\t<section class=\"elementor-section elementor-top-section elementor-element elementor-element-3126b57 elementor-section-boxed elementor-section-height-default elementor-section-height-default\" data-id=\"3126b57\" data-element_type=\"section\">\n\t\t\t\t\t\t<div class=\"elementor-container elementor-column-gap-default\">\n\t\t\t\t\t\t\t<div class=\"elementor-row\">\n\t\t\t\t\t<div class=\"elementor-column elementor-col-100 elementor-top-column elementor-element elementor-element-345c4c8\" data-id=\"345c4c8\" data-element_type=\"column\">\n\t\t\t<div class=\"elementor-column-wrap elementor-element-populated\">\n\t\t\t\t\t\t\t<div class=\"elementor-widget-wrap\">\n\t\t\t\t\t\t<div class=\"elementor-element elementor-element-ae6ddd0 elementor-widget elementor-widget-heading\" data-id=\"ae6ddd0\" data-element_type=\"widget\" data-widget_type=\"heading.default\">\n\t\t\t\t<div class=\"elementor-widget-container\">\n\t\t\t<h2 class=\"elementor-heading-title elementor-size-default\">L'exception<\/h2>\t\t<\/div>\n\t\t\t\t<\/div>\n\t\t\t\t\t\t<\/div>\n\t\t\t\t\t<\/div>\n\t\t<\/div>\n\t\t\t\t\t\t\t\t<\/div>\n\t\t\t\t\t<\/div>\n\t\t<\/section>\n\t\t\t\t<section class=\"elementor-section elementor-top-section elementor-element elementor-element-f41c2a2 elementor-section-boxed elementor-section-height-default elementor-section-height-default\" data-id=\"f41c2a2\" data-element_type=\"section\">\n\t\t\t\t\t\t<div class=\"elementor-container elementor-column-gap-default\">\n\t\t\t\t\t\t\t<div class=\"elementor-row\">\n\t\t\t\t\t<div class=\"elementor-column elementor-col-100 elementor-top-column elementor-element elementor-element-574710c\" data-id=\"574710c\" data-element_type=\"column\">\n\t\t\t<div class=\"elementor-column-wrap elementor-element-populated\">\n\t\t\t\t\t\t\t<div class=\"elementor-widget-wrap\">\n\t\t\t\t\t\t<div class=\"elementor-element elementor-element-7012984 elementor-widget elementor-widget-image\" data-id=\"7012984\" data-element_type=\"widget\" data-widget_type=\"image.default\">\n\t\t\t\t<div class=\"elementor-widget-container\">\n\t\t\t\t\t<div class=\"elementor-image\">\n\t\t\t\t\t\t\t\t\t\t\t<a href=\"https:\/\/conspiration-editions.com\/en\/la-carte-de-cassini\/\">\n\t\t\t\t\t\t\t<img decoding=\"async\" src=\"https:\/\/conspiration-editions.com\/wp-content\/uploads\/elementor\/thumbs\/Cassini-simulation-livre-web2-qjenkmki2hoalxj27sy2cajud9o78woh9z9gibk35s.jpg\" title=\"La carte de Cassini &#8211; Le livre\" alt=\"La carte de Cassini - Le livre\" \/>\t\t\t\t\t\t\t\t<\/a>\n\t\t\t\t\t\t\t\t\t\t\t<\/div>\n\t\t\t\t<\/div>\n\t\t\t\t<\/div>\n\t\t\t\t<div class=\"elementor-element elementor-element-7b7b5a7 elementor-widget elementor-widget-heading\" data-id=\"7b7b5a7\" data-element_type=\"widget\" data-widget_type=\"heading.default\">\n\t\t\t\t<div class=\"elementor-widget-container\">\n\t\t\t<div class=\"elementor-heading-title elementor-size-default\">The Cassini map<\/div>\t\t<\/div>\n\t\t\t\t<\/div>\n\t\t\t\t<div class=\"elementor-element elementor-element-ed1cc73 elementor-widget elementor-widget-text-editor\" data-id=\"ed1cc73\" data-element_type=\"widget\" data-widget_type=\"text-editor.default\">\n\t\t\t\t<div class=\"elementor-widget-container\">\n\t\t\t\t\t<div class=\"elementor-text-editor elementor-clearfix\"><p><text class=\"_textbox_1gl8y_17\" direction=\"ltr\" height=\"8.11199951171875\" lengthadjust=\"spacingAndGlyphs\" textlength=\"46.3919982910156\" x=\"72.359992980957\" y=\"-677.02001953125\" data-test=\"textbox\"><\/text>The entire map in an exceptional limited numbered edition.<\/p><p><span style=\"font-size: 14px;\">400 pages &#8211; 570 x 665 mm &#8211; Lutrin inclus &#8211; 23 kg<\/span><br \/><a href=\"https:\/\/conspiration-editions.com\/en\/la-carte-de-cassini\/\"><span style=\"text-decoration: underline;\">More information<\/span><\/a><\/p><\/div>\n\t\t\t\t<\/div>\n\t\t\t\t<\/div>\n\t\t\t\t<div class=\"elementor-element elementor-element-5fe476b elementor-align-center popupform2 elementor-widget elementor-widget-button\" data-id=\"5fe476b\" data-element_type=\"widget\" data-widget_type=\"button.default\">\n\t\t\t\t<div class=\"elementor-widget-container\">\n\t\t\t\t\t<div class=\"elementor-button-wrapper\">\n\t\t\t<a class=\"elementor-button elementor-size-sm\" role=\"button\">\n\t\t\t\t\t\t<span class=\"elementor-button-content-wrapper\">\n\t\t\t\t\t\t<span class=\"elementor-button-text\">Demande d'information<\/span>\n\t\t<\/span>\n\t\t\t\t\t<\/a>\n\t\t<\/div>\n\t\t\t\t<\/div>\n\t\t\t\t<\/div>\n\t\t\t\t\t\t<\/div>\n\t\t\t\t\t<\/div>\n\t\t<\/div>\n\t\t\t\t\t\t\t\t<\/div>\n\t\t\t\t\t<\/div>\n\t\t<\/section>\n\t\t\t\t<section class=\"elementor-section elementor-top-section elementor-element elementor-element-109ad3d elementor-section-boxed elementor-section-height-default elementor-section-height-default\" data-id=\"109ad3d\" data-element_type=\"section\">\n\t\t\t\t\t\t<div class=\"elementor-container elementor-column-gap-default\">\n\t\t\t\t\t\t\t<div class=\"elementor-row\">\n\t\t\t\t\t<div class=\"elementor-column elementor-col-100 elementor-top-column elementor-element elementor-element-d6ae52c\" data-id=\"d6ae52c\" data-element_type=\"column\">\n\t\t\t<div class=\"elementor-column-wrap elementor-element-populated\">\n\t\t\t\t\t\t\t<div class=\"elementor-widget-wrap\">\n\t\t\t\t\t\t<div class=\"elementor-element elementor-element-dd69c03 elementor-widget elementor-widget-spacer\" data-id=\"dd69c03\" data-element_type=\"widget\" data-widget_type=\"spacer.default\">\n\t\t\t\t<div class=\"elementor-widget-container\">\n\t\t\t\t\t<div class=\"elementor-spacer\">\n\t\t\t<div class=\"elementor-spacer-inner\"><\/div>\n\t\t<\/div>\n\t\t\t\t<\/div>\n\t\t\t\t<\/div>\n\t\t\t\t\t\t<\/div>\n\t\t\t\t\t<\/div>\n\t\t<\/div>\n\t\t\t\t\t\t\t\t<\/div>\n\t\t\t\t\t<\/div>\n\t\t<\/section>\n\t\t\t\t\t\t<\/div>\n\t\t\t\t\t\t<\/div>\n\t\t\t\t\t<\/div>","protected":false},"excerpt":{"rendered":"<p>L&rsquo;exception La carte de Cassini L&rsquo;int\u00e9gralit\u00e9 de la carte dans un livre d&rsquo;exception en tirage limit\u00e9 et num\u00e9rot\u00e9. 400 pages &#8211; 570 x 665 mm &#8211; Lutrin inclus &#8211; 23 kgEn savoir + Demande d&rsquo;information<\/p>","protected":false},"author":1,"featured_media":0,"parent":0,"menu_order":0,"comment_status":"closed","ping_status":"closed","template":"","meta":{"footnotes":""},"yoast_head":"<!-- This site is optimized with the Yoast SEO plugin v22.9 - https:\/\/yoast.com\/wordpress\/plugins\/seo\/ -->\n<title>L&#039;exception - Conspiration | \u00c9ditions<\/title>\n<meta name=\"description\" content=\"Des livres d\u2019art et du patrimoine hors norme.\" \/>\n<meta name=\"robots\" content=\"index, follow, max-snippet:-1, max-image-preview:large, max-video-preview:-1\" \/>\n<link rel=\"canonical\" href=\"https:\/\/conspiration-editions.com\/en\/lexception\/\" \/>\n<meta property=\"og:locale\" content=\"en_US\" \/>\n<meta property=\"og:type\" content=\"article\" \/>\n<meta property=\"og:title\" content=\"L&#039;exception - Conspiration | \u00c9ditions\" \/>\n<meta property=\"og:description\" content=\"Des livres d\u2019art et du patrimoine hors norme.\" \/>\n<meta property=\"og:url\" content=\"https:\/\/conspiration-editions.com\/en\/lexception\/\" \/>\n<meta property=\"og:site_name\" content=\"Conspiration | \u00c9ditions\" \/>\n<meta property=\"article:modified_time\" content=\"2026-03-04T15:28:12+00:00\" \/>\n<meta property=\"og:image\" content=\"https:\/\/conspiration-editions.com\/wp-content\/uploads\/elementor\/thumbs\/Cassini-simulation-livre-web2-qjenkmki2hoalxj27sy2cajud9o78woh9z9gibk35s.jpg\" \/>\n<meta name=\"twitter:card\" content=\"summary_large_image\" \/>\n<meta name=\"twitter:label1\" content=\"Est. reading time\" \/>\n\t<meta name=\"twitter:data1\" content=\"1 minute\" \/>\n<script type=\"application\/ld+json\" class=\"yoast-schema-graph\">{\"@context\":\"https:\/\/schema.org\",\"@graph\":[{\"@type\":\"WebPage\",\"@id\":\"https:\/\/conspiration-editions.com\/lexception\/\",\"url\":\"https:\/\/conspiration-editions.com\/lexception\/\",\"name\":\"L'exception - Conspiration | \u00c9ditions\",\"isPartOf\":{\"@id\":\"https:\/\/conspiration-editions.com\/#website\"},\"primaryImageOfPage\":{\"@id\":\"https:\/\/conspiration-editions.com\/lexception\/#primaryimage\"},\"image\":{\"@id\":\"https:\/\/conspiration-editions.com\/lexception\/#primaryimage\"},\"thumbnailUrl\":\"https:\/\/conspiration-editions.com\/wp-content\/uploads\/elementor\/thumbs\/Cassini-simulation-livre-web2-qjenkmki2hoalxj27sy2cajud9o78woh9z9gibk35s.jpg\",\"datePublished\":\"2026-02-27T09:27:49+00:00\",\"dateModified\":\"2026-03-04T15:28:12+00:00\",\"description\":\"Des livres d\u2019art et du patrimoine hors norme.\",\"breadcrumb\":{\"@id\":\"https:\/\/conspiration-editions.com\/lexception\/#breadcrumb\"},\"inLanguage\":\"en-US\",\"potentialAction\":[{\"@type\":\"ReadAction\",\"target\":[\"https:\/\/conspiration-editions.com\/lexception\/\"]}]},{\"@type\":\"ImageObject\",\"inLanguage\":\"en-US\",\"@id\":\"https:\/\/conspiration-editions.com\/lexception\/#primaryimage\",\"url\":\"https:\/\/conspiration-editions.com\/wp-content\/uploads\/elementor\/thumbs\/Cassini-simulation-livre-web2-qjenkmki2hoalxj27sy2cajud9o78woh9z9gibk35s.jpg\",\"contentUrl\":\"https:\/\/conspiration-editions.com\/wp-content\/uploads\/elementor\/thumbs\/Cassini-simulation-livre-web2-qjenkmki2hoalxj27sy2cajud9o78woh9z9gibk35s.jpg\"},{\"@type\":\"BreadcrumbList\",\"@id\":\"https:\/\/conspiration-editions.com\/lexception\/#breadcrumb\",\"itemListElement\":[{\"@type\":\"ListItem\",\"position\":1,\"name\":\"Accueil\",\"item\":\"https:\/\/conspiration-editions.com\/\"},{\"@type\":\"ListItem\",\"position\":2,\"name\":\"L&rsquo;exception\"}]},{\"@type\":\"WebSite\",\"@id\":\"https:\/\/conspiration-editions.com\/#website\",\"url\":\"https:\/\/conspiration-editions.com\/\",\"name\":\"Conspiration | \u00c9ditions\",\"description\":\"\",\"publisher\":{\"@id\":\"https:\/\/conspiration-editions.com\/#organization\"},\"potentialAction\":[{\"@type\":\"SearchAction\",\"target\":{\"@type\":\"EntryPoint\",\"urlTemplate\":\"https:\/\/conspiration-editions.com\/?s={search_term_string}\"},\"query-input\":\"required name=search_term_string\"}],\"inLanguage\":\"en-US\"},{\"@type\":\"Organization\",\"@id\":\"https:\/\/conspiration-editions.com\/#organization\",\"name\":\"Conspiration | \u00c9ditions\",\"url\":\"https:\/\/conspiration-editions.com\/\",\"logo\":{\"@type\":\"ImageObject\",\"inLanguage\":\"en-US\",\"@id\":\"https:\/\/conspiration-editions.com\/#\/schema\/logo\/image\/\",\"url\":\"https:\/\/conspiration-editions.com\/wp-content\/uploads\/2021\/01\/cropped-cropped-cropped-logo-editions.png\",\"contentUrl\":\"https:\/\/conspiration-editions.com\/wp-content\/uploads\/2021\/01\/cropped-cropped-cropped-logo-editions.png\",\"width\":574,\"height\":100,\"caption\":\"Conspiration | \u00c9ditions\"},\"image\":{\"@id\":\"https:\/\/conspiration-editions.com\/#\/schema\/logo\/image\/\"}}]}<\/script>\n<!-- \/ Yoast SEO plugin. -->","yoast_head_json":{"title":"L'exception - Conspiration | \u00c9ditions","description":"Des livres d\u2019art et du patrimoine hors norme.","robots":{"index":"index","follow":"follow","max-snippet":"max-snippet:-1","max-image-preview":"max-image-preview:large","max-video-preview":"max-video-preview:-1"},"canonical":"https:\/\/conspiration-editions.com\/en\/lexception\/","og_locale":"en_US","og_type":"article","og_title":"L'exception - Conspiration | \u00c9ditions","og_description":"Des livres d\u2019art et du patrimoine hors norme.","og_url":"https:\/\/conspiration-editions.com\/en\/lexception\/","og_site_name":"Conspiration | \u00c9ditions","article_modified_time":"2026-03-04T15:28:12+00:00","og_image":[{"url":"https:\/\/conspiration-editions.com\/wp-content\/uploads\/elementor\/thumbs\/Cassini-simulation-livre-web2-qjenkmki2hoalxj27sy2cajud9o78woh9z9gibk35s.jpg"}],"twitter_card":"summary_large_image","twitter_misc":{"Est. reading time":"1 minute"},"schema":{"@context":"https:\/\/schema.org","@graph":[{"@type":"WebPage","@id":"https:\/\/conspiration-editions.com\/lexception\/","url":"https:\/\/conspiration-editions.com\/lexception\/","name":"L'exception - Conspiration | \u00c9ditions","isPartOf":{"@id":"https:\/\/conspiration-editions.com\/#website"},"primaryImageOfPage":{"@id":"https:\/\/conspiration-editions.com\/lexception\/#primaryimage"},"image":{"@id":"https:\/\/conspiration-editions.com\/lexception\/#primaryimage"},"thumbnailUrl":"https:\/\/conspiration-editions.com\/wp-content\/uploads\/elementor\/thumbs\/Cassini-simulation-livre-web2-qjenkmki2hoalxj27sy2cajud9o78woh9z9gibk35s.jpg","datePublished":"2026-02-27T09:27:49+00:00","dateModified":"2026-03-04T15:28:12+00:00","description":"Des livres d\u2019art et du patrimoine hors norme.","breadcrumb":{"@id":"https:\/\/conspiration-editions.com\/lexception\/#breadcrumb"},"inLanguage":"en-US","potentialAction":[{"@type":"ReadAction","target":["https:\/\/conspiration-editions.com\/lexception\/"]}]},{"@type":"ImageObject","inLanguage":"en-US","@id":"https:\/\/conspiration-editions.com\/lexception\/#primaryimage","url":"https:\/\/conspiration-editions.com\/wp-content\/uploads\/elementor\/thumbs\/Cassini-simulation-livre-web2-qjenkmki2hoalxj27sy2cajud9o78woh9z9gibk35s.jpg","contentUrl":"https:\/\/conspiration-editions.com\/wp-content\/uploads\/elementor\/thumbs\/Cassini-simulation-livre-web2-qjenkmki2hoalxj27sy2cajud9o78woh9z9gibk35s.jpg"},{"@type":"BreadcrumbList","@id":"https:\/\/conspiration-editions.com\/lexception\/#breadcrumb","itemListElement":[{"@type":"ListItem","position":1,"name":"Accueil","item":"https:\/\/conspiration-editions.com\/"},{"@type":"ListItem","position":2,"name":"L&rsquo;exception"}]},{"@type":"WebSite","@id":"https:\/\/conspiration-editions.com\/#website","url":"https:\/\/conspiration-editions.com\/","name":"Conspiration | \u00c9ditions","description":"","publisher":{"@id":"https:\/\/conspiration-editions.com\/#organization"},"potentialAction":[{"@type":"SearchAction","target":{"@type":"EntryPoint","urlTemplate":"https:\/\/conspiration-editions.com\/?s={search_term_string}"},"query-input":"required name=search_term_string"}],"inLanguage":"en-US"},{"@type":"Organization","@id":"https:\/\/conspiration-editions.com\/#organization","name":"Conspiration | \u00c9ditions","url":"https:\/\/conspiration-editions.com\/","logo":{"@type":"ImageObject","inLanguage":"en-US","@id":"https:\/\/conspiration-editions.com\/#\/schema\/logo\/image\/","url":"https:\/\/conspiration-editions.com\/wp-content\/uploads\/2021\/01\/cropped-cropped-cropped-logo-editions.png","contentUrl":"https:\/\/conspiration-editions.com\/wp-content\/uploads\/2021\/01\/cropped-cropped-cropped-logo-editions.png","width":574,"height":100,"caption":"Conspiration | \u00c9ditions"},"image":{"@id":"https:\/\/conspiration-editions.com\/#\/schema\/logo\/image\/"}}]}},"_links":{"self":[{"href":"https:\/\/conspiration-editions.com\/en\/wp-json\/wp\/v2\/pages\/6815"}],"collection":[{"href":"https:\/\/conspiration-editions.com\/en\/wp-json\/wp\/v2\/pages"}],"about":[{"href":"https:\/\/conspiration-editions.com\/en\/wp-json\/wp\/v2\/types\/page"}],"author":[{"embeddable":true,"href":"https:\/\/conspiration-editions.com\/en\/wp-json\/wp\/v2\/users\/1"}],"replies":[{"embeddable":true,"href":"https:\/\/conspiration-editions.com\/en\/wp-json\/wp\/v2\/comments?post=6815"}],"version-history":[{"count":59,"href":"https:\/\/conspiration-editions.com\/en\/wp-json\/wp\/v2\/pages\/6815\/revisions"}],"predecessor-version":[{"id":12504,"href":"https:\/\/conspiration-editions.com\/en\/wp-json\/wp\/v2\/pages\/6815\/revisions\/12504"}],"wp:attachment":[{"href":"https:\/\/conspiration-editions.com\/en\/wp-json\/wp\/v2\/media?parent=6815"}],"curies":[{"name":"wp","href":"https:\/\/api.w.org\/{rel}","templated":true}]}}