{"id":639,"date":"2026-02-27T10:29:55","date_gmt":"2026-02-27T09:29:55","guid":{"rendered":"http:\/\/www.christophelinage.com\/conspiration\/?page_id=639"},"modified":"2026-02-27T10:29:55","modified_gmt":"2026-02-27T09:29:55","slug":"le-tour-de-la-france-par-deux-enfants","status":"publish","type":"page","link":"https:\/\/conspiration-editions.com\/en\/le-tour-de-la-france-par-deux-enfants\/","title":{"rendered":"Le tour de la France par deux enfants"},"content":{"rendered":"<div data-elementor-type=\"wp-page\" data-elementor-id=\"639\" class=\"elementor elementor-639\" data-elementor-settings=\"[]\">\n\t\t\t\t\t\t<div class=\"elementor-inner\">\n\t\t\t\t\t\t\t<div class=\"elementor-section-wrap\">\n\t\t\t\t\t\t\t<section class=\"elementor-section elementor-top-section elementor-element elementor-element-65e56fe0 elementor-section-boxed elementor-section-height-default elementor-section-height-default\" data-id=\"65e56fe0\" data-element_type=\"section\">\n\t\t\t\t\t\t<div class=\"elementor-container elementor-column-gap-default\">\n\t\t\t\t\t\t\t<div class=\"elementor-row\">\n\t\t\t\t\t<div class=\"elementor-column elementor-col-50 elementor-top-column elementor-element elementor-element-24bb71e5\" data-id=\"24bb71e5\" data-element_type=\"column\">\n\t\t\t<div class=\"elementor-column-wrap elementor-element-populated\">\n\t\t\t\t\t\t\t<div class=\"elementor-widget-wrap\">\n\t\t\t\t\t\t<div class=\"elementor-element elementor-element-724c3088 euclid elementor-widget elementor-widget-heading\" data-id=\"724c3088\" data-element_type=\"widget\" data-widget_type=\"heading.default\">\n\t\t\t\t<div class=\"elementor-widget-container\">\n\t\t\t<h2 class=\"elementor-heading-title elementor-size-default\">Le tour de la France par deux enfants<\/h2>\t\t<\/div>\n\t\t\t\t<\/div>\n\t\t\t\t<div class=\"elementor-element elementor-element-6b71db90 elementor-widget elementor-widget-text-editor\" data-id=\"6b71db90\" data-element_type=\"widget\" data-widget_type=\"text-editor.default\">\n\t\t\t\t<div class=\"elementor-widget-container\">\n\t\t\t\t\t<div class=\"elementor-text-editor elementor-clearfix\"><p>G. Bruno<\/p><\/div>\n\t\t\t\t<\/div>\n\t\t\t\t<\/div>\n\t\t\t\t<div class=\"elementor-element elementor-element-3f101f08 elementor-widget elementor-widget-text-editor\" data-id=\"3f101f08\" data-element_type=\"widget\" data-widget_type=\"text-editor.default\">\n\t\t\t\t<div class=\"elementor-widget-container\">\n\t\t\t\t\t<div class=\"elementor-text-editor elementor-clearfix\"><p>Le savoir \/ six<\/p><\/div>\n\t\t\t\t<\/div>\n\t\t\t\t<\/div>\n\t\t\t\t<div class=\"elementor-element elementor-element-37603509 elementor-widget-divider--view-line elementor-widget elementor-widget-divider\" data-id=\"37603509\" data-element_type=\"widget\" data-widget_type=\"divider.default\">\n\t\t\t\t<div class=\"elementor-widget-container\">\n\t\t\t\t\t<div class=\"elementor-divider\">\n\t\t\t<span class=\"elementor-divider-separator\">\n\t\t\t\t\t\t<\/span>\n\t\t<\/div>\n\t\t\t\t<\/div>\n\t\t\t\t<\/div>\n\t\t\t\t<section class=\"elementor-section elementor-inner-section elementor-element elementor-element-8dbecd1 elementor-section-boxed elementor-section-height-default elementor-section-height-default\" data-id=\"8dbecd1\" data-element_type=\"section\">\n\t\t\t\t\t\t<div class=\"elementor-container elementor-column-gap-default\">\n\t\t\t\t\t\t\t<div class=\"elementor-row\">\n\t\t\t\t\t<div class=\"elementor-column elementor-col-50 elementor-inner-column elementor-element elementor-element-77b09e4\" data-id=\"77b09e4\" data-element_type=\"column\">\n\t\t\t<div class=\"elementor-column-wrap elementor-element-populated\">\n\t\t\t\t\t\t\t<div class=\"elementor-widget-wrap\">\n\t\t\t\t\t\t<div class=\"elementor-element elementor-element-f5e384d elementor-widget elementor-widget-text-editor\" data-id=\"f5e384d\" data-element_type=\"widget\" data-widget_type=\"text-editor.default\">\n\t\t\t\t<div class=\"elementor-widget-container\">\n\t\t\t\t\t<div class=\"elementor-text-editor elementor-clearfix\"><p><div class=\"dp-element dp-lite\"  data-slug=\"le-tour-de-la-france-par-deux-enfants\" data-_slug=\"le-tour-de-la-france-par-deux-enfants\" data-title=\"lire-un-extrait\" id=\"dp_5449\" data-option=\"dp_option_5449\"  data-lightbox=\"button\">Lire un extrait<\/div><script class=\"dp-shortcode-script\" type=\"application\/javascript\">window.dp_option_5449 = {\"source\":\"https:\\\/\\\/conspiration-editions.com\\\/wp-content\\\/uploads\\\/2022\\\/10\\\/le_tour_de_la_france_par_deux_enfants.pdf\",\"viewerType\":\"flipbook\",\"is3D\":false,\"enableSound\":false,\"slug\":\"le-tour-de-la-france-par-deux-enfants\",\"id\":5449}; if(window.DEARPDF && window.DEARPDF.parseElements){window.DEARPDF.parseElements();}<\/script><\/p><\/div>\n\t\t\t\t<\/div>\n\t\t\t\t<\/div>\n\t\t\t\t\t\t<\/div>\n\t\t\t\t\t<\/div>\n\t\t<\/div>\n\t\t\t\t<div class=\"elementor-column elementor-col-50 elementor-inner-column elementor-element elementor-element-72a337d\" data-id=\"72a337d\" data-element_type=\"column\">\n\t\t\t<div class=\"elementor-column-wrap elementor-element-populated\">\n\t\t\t\t\t\t\t<div class=\"elementor-widget-wrap\">\n\t\t\t\t\t\t<div class=\"elementor-element elementor-element-17dac22 elementor-align-right elementor-widget elementor-widget-button\" data-id=\"17dac22\" data-element_type=\"widget\" data-widget_type=\"button.default\">\n\t\t\t\t<div class=\"elementor-widget-container\">\n\t\t\t\t\t<div class=\"elementor-button-wrapper\">\n\t\t\t<a class=\"elementor-button elementor-size-sm\" role=\"button\">\n\t\t\t\t\t\t<span class=\"elementor-button-content-wrapper\">\n\t\t\t\t\t\t<span class=\"elementor-button-text\">Rupture de stock<\/span>\n\t\t<\/span>\n\t\t\t\t\t<\/a>\n\t\t<\/div>\n\t\t\t\t<\/div>\n\t\t\t\t<\/div>\n\t\t\t\t\t\t<\/div>\n\t\t\t\t\t<\/div>\n\t\t<\/div>\n\t\t\t\t\t\t\t\t<\/div>\n\t\t\t\t\t<\/div>\n\t\t<\/section>\n\t\t\t\t<div class=\"elementor-element elementor-element-4b12cfb elementor-widget elementor-widget-text-editor\" data-id=\"4b12cfb\" data-element_type=\"widget\" data-widget_type=\"text-editor.default\">\n\t\t\t\t<div class=\"elementor-widget-container\">\n\t\t\t\t\t<div class=\"elementor-text-editor elementor-clearfix\"><p><em>Date de parution : 17 novembre 2020<\/em><br \/><em>400 pages &#8211; 130\u00d7190 mm<\/em><br \/><span style=\"font-size: 12px;\"><em>ISBN : 979-10-95550-15-0<\/em><\/span><\/p><\/div>\n\t\t\t\t<\/div>\n\t\t\t\t<\/div>\n\t\t\t\t\t\t<\/div>\n\t\t\t\t\t<\/div>\n\t\t<\/div>\n\t\t\t\t<div class=\"elementor-column elementor-col-50 elementor-top-column elementor-element elementor-element-3c22c892\" data-id=\"3c22c892\" data-element_type=\"column\">\n\t\t\t<div class=\"elementor-column-wrap elementor-element-populated\">\n\t\t\t\t\t\t\t<div class=\"elementor-widget-wrap\">\n\t\t\t\t\t\t<div class=\"elementor-element elementor-element-2c3db2a7 elementor-widget elementor-widget-image\" data-id=\"2c3db2a7\" data-element_type=\"widget\" data-widget_type=\"image.default\">\n\t\t\t\t<div class=\"elementor-widget-container\">\n\t\t\t\t\t<div class=\"elementor-image\">\n\t\t\t\t\t\t\t\t\t\t\t<a href=\"https:\/\/conspiration-editions.com\/wp-content\/uploads\/2022\/10\/Le_Tour_de_la_France_par_deux_enfants-couverture-simulation.jpg\" data-elementor-open-lightbox=\"yes\" data-elementor-lightbox-title=\"Le tour de la France par deux enfants\" data-lbwps-width=\"980\" data-lbwps-height=\"700\" data-lbwps-srcsmall=\"https:\/\/conspiration-editions.com\/wp-content\/uploads\/2022\/10\/Le_Tour_de_la_France_par_deux_enfants-couverture-simulation.jpg\">\n\t\t\t\t\t\t\t<img loading=\"lazy\" decoding=\"async\" width=\"750\" height=\"536\" src=\"https:\/\/conspiration-editions.com\/wp-content\/uploads\/2022\/10\/Le_Tour_de_la_France_par_deux_enfants-couverture-simulation.jpg\" class=\"attachment-large size-large\" alt=\"\" srcset=\"https:\/\/conspiration-editions.com\/wp-content\/uploads\/2022\/10\/Le_Tour_de_la_France_par_deux_enfants-couverture-simulation.jpg 980w, https:\/\/conspiration-editions.com\/wp-content\/uploads\/2022\/10\/Le_Tour_de_la_France_par_deux_enfants-couverture-simulation-300x214.jpg 300w, https:\/\/conspiration-editions.com\/wp-content\/uploads\/2022\/10\/Le_Tour_de_la_France_par_deux_enfants-couverture-simulation-768x549.jpg 768w, https:\/\/conspiration-editions.com\/wp-content\/uploads\/2022\/10\/Le_Tour_de_la_France_par_deux_enfants-couverture-simulation-230x164.jpg 230w, https:\/\/conspiration-editions.com\/wp-content\/uploads\/2022\/10\/Le_Tour_de_la_France_par_deux_enfants-couverture-simulation-600x429.jpg 600w\" sizes=\"(max-width: 750px) 100vw, 750px\" \/>\t\t\t\t\t\t\t\t<\/a>\n\t\t\t\t\t\t\t\t\t\t\t<\/div>\n\t\t\t\t<\/div>\n\t\t\t\t<\/div>\n\t\t\t\t\t\t<\/div>\n\t\t\t\t\t<\/div>\n\t\t<\/div>\n\t\t\t\t\t\t\t\t<\/div>\n\t\t\t\t\t<\/div>\n\t\t<\/section>\n\t\t\t\t<section class=\"elementor-section elementor-top-section elementor-element elementor-element-6775b7b elementor-section-boxed elementor-section-height-default elementor-section-height-default\" data-id=\"6775b7b\" data-element_type=\"section\">\n\t\t\t\t\t\t<div class=\"elementor-container elementor-column-gap-default\">\n\t\t\t\t\t\t\t<div class=\"elementor-row\">\n\t\t\t\t\t<div class=\"elementor-column elementor-col-100 elementor-top-column elementor-element elementor-element-3d6badd9\" data-id=\"3d6badd9\" data-element_type=\"column\">\n\t\t\t<div class=\"elementor-column-wrap elementor-element-populated\">\n\t\t\t\t\t\t\t<div class=\"elementor-widget-wrap\">\n\t\t\t\t\t\t<div class=\"elementor-element elementor-element-2b9adb78 elementor-widget elementor-widget-text-editor\" data-id=\"2b9adb78\" data-element_type=\"widget\" data-widget_type=\"text-editor.default\">\n\t\t\t\t<div class=\"elementor-widget-container\">\n\t\t\t\t\t<div class=\"elementor-text-editor elementor-clearfix\"><p><strong>R\u00e9sum\u00e9 :<\/strong><\/p><\/div>\n\t\t\t\t<\/div>\n\t\t\t\t<\/div>\n\t\t\t\t\t\t<\/div>\n\t\t\t\t\t<\/div>\n\t\t<\/div>\n\t\t\t\t\t\t\t\t<\/div>\n\t\t\t\t\t<\/div>\n\t\t<\/section>\n\t\t\t\t<section class=\"elementor-section elementor-top-section elementor-element elementor-element-56860270 elementor-section-boxed elementor-section-height-default elementor-section-height-default\" data-id=\"56860270\" data-element_type=\"section\">\n\t\t\t\t\t\t<div class=\"elementor-container elementor-column-gap-default\">\n\t\t\t\t\t\t\t<div class=\"elementor-row\">\n\t\t\t\t\t<div class=\"elementor-column elementor-col-100 elementor-top-column elementor-element elementor-element-c7446dc\" data-id=\"c7446dc\" data-element_type=\"column\">\n\t\t\t<div class=\"elementor-column-wrap elementor-element-populated\">\n\t\t\t\t\t\t\t<div class=\"elementor-widget-wrap\">\n\t\t\t\t\t\t<div class=\"elementor-element elementor-element-45509080 elementor-widget elementor-widget-text-editor\" data-id=\"45509080\" data-element_type=\"widget\" data-widget_type=\"text-editor.default\">\n\t\t\t\t<div class=\"elementor-widget-container\">\n\t\t\t\t\t<div class=\"elementor-text-editor elementor-clearfix\"><p><span>Pr\u00e9sent\u00e9 dans sa version originale, celle de 1877, ce livre est un monument de l\u2019enseignement public la\u00efc. Ce texte, id\u00e9al r\u00e9publicain d\u00e9nu\u00e9 de tout de nationalisme, est une le\u00e7on de choses visant \u00e0 \u00e9difier ainsi qu\u2019\u00e0 unifier les enfants de la 3\u00e8me R\u00e9publique naissante. Reprenant avec habilit\u00e9 le th\u00e8me du voyage d\u2019apprentissage, G. BRUNO nous fait partager des valeurs intemporelles et humanistes telles que l\u2019amour fraternel, la solidarit\u00e9, le travail, la pers\u00e9v\u00e9rance, la probit\u00e9, la modestie, la confiance, le respect\u2026 en somme le ciment du vivre ensemble. Vendu \u00e0 plus de huit millions d\u2019exemplaires jusqu\u2019en 1976, livre de chevet de plusieurs g\u00e9n\u00e9rations, madeleine de Proust pour certains, objet de curiosit\u00e9 pour d\u2019autres, cette r\u00e9\u00e9dition de qualit\u00e9 est susceptible de r\u00e9unir les jeunes comme les a\u00een\u00e9s autour du vivre-ensemble \u00e0 la fran\u00e7aise.<\/span><\/p><\/div>\n\t\t\t\t<\/div>\n\t\t\t\t<\/div>\n\t\t\t\t\t\t<\/div>\n\t\t\t\t\t<\/div>\n\t\t<\/div>\n\t\t\t\t\t\t\t\t<\/div>\n\t\t\t\t\t<\/div>\n\t\t<\/section>\n\t\t\t\t<section class=\"elementor-section elementor-top-section elementor-element elementor-element-7c1b2c90 elementor-section-boxed elementor-section-height-default elementor-section-height-default\" data-id=\"7c1b2c90\" data-element_type=\"section\">\n\t\t\t\t\t\t<div class=\"elementor-container elementor-column-gap-default\">\n\t\t\t\t\t\t\t<div class=\"elementor-row\">\n\t\t\t\t\t<div class=\"elementor-column elementor-col-100 elementor-top-column elementor-element elementor-element-64d80561\" data-id=\"64d80561\" data-element_type=\"column\">\n\t\t\t<div class=\"elementor-column-wrap elementor-element-populated\">\n\t\t\t\t\t\t\t<div class=\"elementor-widget-wrap\">\n\t\t\t\t\t\t<div class=\"elementor-element elementor-element-6e284424 elementor-widget elementor-widget-text-editor\" data-id=\"6e284424\" data-element_type=\"widget\" data-widget_type=\"text-editor.default\">\n\t\t\t\t<div class=\"elementor-widget-container\">\n\t\t\t\t\t<div class=\"elementor-text-editor elementor-clearfix\"><p><strong>L&rsquo;auteur :<br \/><\/strong><\/p><\/div>\n\t\t\t\t<\/div>\n\t\t\t\t<\/div>\n\t\t\t\t\t\t<\/div>\n\t\t\t\t\t<\/div>\n\t\t<\/div>\n\t\t\t\t\t\t\t\t<\/div>\n\t\t\t\t\t<\/div>\n\t\t<\/section>\n\t\t\t\t<section class=\"elementor-section elementor-top-section elementor-element elementor-element-1cdde59 elementor-section-boxed elementor-section-height-default elementor-section-height-default\" data-id=\"1cdde59\" data-element_type=\"section\">\n\t\t\t\t\t\t<div class=\"elementor-container elementor-column-gap-default\">\n\t\t\t\t\t\t\t<div class=\"elementor-row\">\n\t\t\t\t\t<div class=\"elementor-column elementor-col-100 elementor-top-column elementor-element elementor-element-2edf277\" data-id=\"2edf277\" data-element_type=\"column\">\n\t\t\t<div class=\"elementor-column-wrap elementor-element-populated\">\n\t\t\t\t\t\t\t<div class=\"elementor-widget-wrap\">\n\t\t\t\t\t\t<div class=\"elementor-element elementor-element-69176df elementor-widget elementor-widget-text-editor\" data-id=\"69176df\" data-element_type=\"widget\" data-widget_type=\"text-editor.default\">\n\t\t\t\t<div class=\"elementor-widget-container\">\n\t\t\t\t\t<div class=\"elementor-text-editor elementor-clearfix\"><p><strong><img loading=\"lazy\" decoding=\"async\" src=\"https:\/\/conspiration-editions.com\/wp-content\/uploads\/2021\/02\/g-bruno.png\" alt=\"G. Bruno\" class=\"alignleft wp-image-1313\" title=\"G. Bruno\" width=\"146\" height=\"187\" \/>G. Bruno<\/strong><\/p><p><span>N\u00e9e en 1833 \u00e0 Laval, Augustine Fouill\u00e9e, est une femme de lettres au service de l\u2019Ecole de la<\/span><span>\u00a0\u00a0<\/span><span>III\u00e8me r\u00e9publique. Son nom de plume, G. Bruno fait r\u00e9f\u00e9rence au philosophe italien Giordano Bruno, martyr de la libert\u00e9 de penser. Inspir\u00e9e par le p\u00e9dagogue progressiste Jean Mac\u00e9,<\/span><span>\u00a0\u00a0<\/span><span>et cherchant \u00e0 d\u00e9velopper tant l\u2019instruction civique et morale qu\u2019\u00e0 d\u00e9livrer des notions de g\u00e9ographie, d\u2019\u00e9conomie et de sciences, elle publie en 1877 ce livre avec lequel elle conna\u00eetra la post\u00e9rit\u00e9 sans jamais en tirer gloire.<\/span><\/p><\/div>\n\t\t\t\t<\/div>\n\t\t\t\t<\/div>\n\t\t\t\t\t\t<\/div>\n\t\t\t\t\t<\/div>\n\t\t<\/div>\n\t\t\t\t\t\t\t\t<\/div>\n\t\t\t\t\t<\/div>\n\t\t<\/section>\n\t\t\t\t<section class=\"elementor-section elementor-top-section elementor-element elementor-element-7319658 elementor-section-boxed elementor-section-height-default elementor-section-height-default\" data-id=\"7319658\" data-element_type=\"section\">\n\t\t\t\t\t\t<div class=\"elementor-container elementor-column-gap-default\">\n\t\t\t\t\t\t\t<div class=\"elementor-row\">\n\t\t\t\t\t<div class=\"elementor-column elementor-col-100 elementor-top-column elementor-element elementor-element-62acfd6\" data-id=\"62acfd6\" data-element_type=\"column\">\n\t\t\t<div class=\"elementor-column-wrap elementor-element-populated\">\n\t\t\t\t\t\t\t<div class=\"elementor-widget-wrap\">\n\t\t\t\t\t\t<div class=\"elementor-element elementor-element-3467eb2 elementor-widget elementor-widget-spacer\" data-id=\"3467eb2\" data-element_type=\"widget\" data-widget_type=\"spacer.default\">\n\t\t\t\t<div class=\"elementor-widget-container\">\n\t\t\t\t\t<div class=\"elementor-spacer\">\n\t\t\t<div class=\"elementor-spacer-inner\"><\/div>\n\t\t<\/div>\n\t\t\t\t<\/div>\n\t\t\t\t<\/div>\n\t\t\t\t\t\t<\/div>\n\t\t\t\t\t<\/div>\n\t\t<\/div>\n\t\t\t\t\t\t\t\t<\/div>\n\t\t\t\t\t<\/div>\n\t\t<\/section>\n\t\t\t\t\t\t<\/div>\n\t\t\t\t\t\t<\/div>\n\t\t\t\t\t<\/div>","protected":false},"excerpt":{"rendered":"<p>Le tour de la France par deux enfants G. Bruno Le savoir \/ six Rupture de stock Date de parution : 17 novembre 2020400 pages &#8211; 130\u00d7190 mmISBN : 979-10-95550-15-0 R\u00e9sum\u00e9 : Pr\u00e9sent\u00e9 dans sa version originale, celle de 1877, ce livre est un monument de l\u2019enseignement public la\u00efc. Ce [&hellip;]<\/p>","protected":false},"author":1,"featured_media":0,"parent":0,"menu_order":0,"comment_status":"closed","ping_status":"closed","template":"","meta":{"footnotes":""},"yoast_head":"<!-- This site is optimized with the Yoast SEO plugin v22.9 - https:\/\/yoast.com\/wordpress\/plugins\/seo\/ -->\n<title>Le tour de la France par deux enfants - Conspiration | \u00c9ditions<\/title>\n<meta name=\"description\" content=\"De G. Bruno. Enfants, la vie enti\u00e8re pourrait \u00eatre compar\u00e9e \u00e0 un voyage o\u00f9 l\u2019on rencontre sans cesse des difficult\u00e9s nouvelles.\" \/>\n<meta name=\"robots\" content=\"index, follow, max-snippet:-1, max-image-preview:large, max-video-preview:-1\" \/>\n<link rel=\"canonical\" href=\"https:\/\/conspiration-editions.com\/en\/le-tour-de-la-france-par-deux-enfants\/\" \/>\n<meta property=\"og:locale\" content=\"en_US\" \/>\n<meta property=\"og:type\" content=\"article\" \/>\n<meta property=\"og:title\" content=\"Le tour de la France par deux enfants - Conspiration | \u00c9ditions\" \/>\n<meta property=\"og:description\" content=\"De G. Bruno. Enfants, la vie enti\u00e8re pourrait \u00eatre compar\u00e9e \u00e0 un voyage o\u00f9 l\u2019on rencontre sans cesse des difficult\u00e9s nouvelles.\" \/>\n<meta property=\"og:url\" content=\"https:\/\/conspiration-editions.com\/en\/le-tour-de-la-france-par-deux-enfants\/\" \/>\n<meta property=\"og:site_name\" content=\"Conspiration | \u00c9ditions\" \/>\n<meta property=\"og:image\" content=\"https:\/\/conspiration-editions.com\/wp-content\/uploads\/2022\/10\/Le_Tour_de_la_France_par_deux_enfants-couverture-simulation.jpg\" \/>\n<meta name=\"twitter:card\" content=\"summary_large_image\" \/>\n<meta name=\"twitter:label1\" content=\"Est. reading time\" \/>\n\t<meta name=\"twitter:data1\" content=\"2 minutes\" \/>\n<script type=\"application\/ld+json\" class=\"yoast-schema-graph\">{\"@context\":\"https:\/\/schema.org\",\"@graph\":[{\"@type\":\"WebPage\",\"@id\":\"https:\/\/conspiration-editions.com\/le-tour-de-la-france-par-deux-enfants\/\",\"url\":\"https:\/\/conspiration-editions.com\/le-tour-de-la-france-par-deux-enfants\/\",\"name\":\"Le tour de la France par deux enfants - Conspiration | \u00c9ditions\",\"isPartOf\":{\"@id\":\"https:\/\/conspiration-editions.com\/#website\"},\"primaryImageOfPage\":{\"@id\":\"https:\/\/conspiration-editions.com\/le-tour-de-la-france-par-deux-enfants\/#primaryimage\"},\"image\":{\"@id\":\"https:\/\/conspiration-editions.com\/le-tour-de-la-france-par-deux-enfants\/#primaryimage\"},\"thumbnailUrl\":\"https:\/\/conspiration-editions.com\/wp-content\/uploads\/2022\/10\/Le_Tour_de_la_France_par_deux_enfants-couverture-simulation.jpg\",\"datePublished\":\"2026-02-27T09:29:55+00:00\",\"dateModified\":\"2026-02-27T09:29:55+00:00\",\"description\":\"De G. Bruno. Enfants, la vie enti\u00e8re pourrait \u00eatre compar\u00e9e \u00e0 un voyage o\u00f9 l\u2019on rencontre sans cesse des difficult\u00e9s nouvelles.\",\"breadcrumb\":{\"@id\":\"https:\/\/conspiration-editions.com\/le-tour-de-la-france-par-deux-enfants\/#breadcrumb\"},\"inLanguage\":\"en-US\",\"potentialAction\":[{\"@type\":\"ReadAction\",\"target\":[\"https:\/\/conspiration-editions.com\/le-tour-de-la-france-par-deux-enfants\/\"]}]},{\"@type\":\"ImageObject\",\"inLanguage\":\"en-US\",\"@id\":\"https:\/\/conspiration-editions.com\/le-tour-de-la-france-par-deux-enfants\/#primaryimage\",\"url\":\"https:\/\/conspiration-editions.com\/wp-content\/uploads\/2022\/10\/Le_Tour_de_la_France_par_deux_enfants-couverture-simulation.jpg\",\"contentUrl\":\"https:\/\/conspiration-editions.com\/wp-content\/uploads\/2022\/10\/Le_Tour_de_la_France_par_deux_enfants-couverture-simulation.jpg\"},{\"@type\":\"BreadcrumbList\",\"@id\":\"https:\/\/conspiration-editions.com\/le-tour-de-la-france-par-deux-enfants\/#breadcrumb\",\"itemListElement\":[{\"@type\":\"ListItem\",\"position\":1,\"name\":\"Accueil\",\"item\":\"https:\/\/conspiration-editions.com\/\"},{\"@type\":\"ListItem\",\"position\":2,\"name\":\"Le tour de la France par deux enfants\"}]},{\"@type\":\"WebSite\",\"@id\":\"https:\/\/conspiration-editions.com\/#website\",\"url\":\"https:\/\/conspiration-editions.com\/\",\"name\":\"Conspiration | \u00c9ditions\",\"description\":\"\",\"publisher\":{\"@id\":\"https:\/\/conspiration-editions.com\/#organization\"},\"potentialAction\":[{\"@type\":\"SearchAction\",\"target\":{\"@type\":\"EntryPoint\",\"urlTemplate\":\"https:\/\/conspiration-editions.com\/?s={search_term_string}\"},\"query-input\":\"required name=search_term_string\"}],\"inLanguage\":\"en-US\"},{\"@type\":\"Organization\",\"@id\":\"https:\/\/conspiration-editions.com\/#organization\",\"name\":\"Conspiration | \u00c9ditions\",\"url\":\"https:\/\/conspiration-editions.com\/\",\"logo\":{\"@type\":\"ImageObject\",\"inLanguage\":\"en-US\",\"@id\":\"https:\/\/conspiration-editions.com\/#\/schema\/logo\/image\/\",\"url\":\"https:\/\/conspiration-editions.com\/wp-content\/uploads\/2021\/01\/cropped-cropped-cropped-logo-editions.png\",\"contentUrl\":\"https:\/\/conspiration-editions.com\/wp-content\/uploads\/2021\/01\/cropped-cropped-cropped-logo-editions.png\",\"width\":574,\"height\":100,\"caption\":\"Conspiration | \u00c9ditions\"},\"image\":{\"@id\":\"https:\/\/conspiration-editions.com\/#\/schema\/logo\/image\/\"}}]}<\/script>\n<!-- \/ Yoast SEO plugin. -->","yoast_head_json":{"title":"Le tour de la France par deux enfants - Conspiration | \u00c9ditions","description":"De G. Bruno. Enfants, la vie enti\u00e8re pourrait \u00eatre compar\u00e9e \u00e0 un voyage o\u00f9 l\u2019on rencontre sans cesse des difficult\u00e9s nouvelles.","robots":{"index":"index","follow":"follow","max-snippet":"max-snippet:-1","max-image-preview":"max-image-preview:large","max-video-preview":"max-video-preview:-1"},"canonical":"https:\/\/conspiration-editions.com\/en\/le-tour-de-la-france-par-deux-enfants\/","og_locale":"en_US","og_type":"article","og_title":"Le tour de la France par deux enfants - Conspiration | \u00c9ditions","og_description":"De G. Bruno. Enfants, la vie enti\u00e8re pourrait \u00eatre compar\u00e9e \u00e0 un voyage o\u00f9 l\u2019on rencontre sans cesse des difficult\u00e9s nouvelles.","og_url":"https:\/\/conspiration-editions.com\/en\/le-tour-de-la-france-par-deux-enfants\/","og_site_name":"Conspiration | \u00c9ditions","og_image":[{"url":"https:\/\/conspiration-editions.com\/wp-content\/uploads\/2022\/10\/Le_Tour_de_la_France_par_deux_enfants-couverture-simulation.jpg"}],"twitter_card":"summary_large_image","twitter_misc":{"Est. reading time":"2 minutes"},"schema":{"@context":"https:\/\/schema.org","@graph":[{"@type":"WebPage","@id":"https:\/\/conspiration-editions.com\/le-tour-de-la-france-par-deux-enfants\/","url":"https:\/\/conspiration-editions.com\/le-tour-de-la-france-par-deux-enfants\/","name":"Le tour de la France par deux enfants - Conspiration | \u00c9ditions","isPartOf":{"@id":"https:\/\/conspiration-editions.com\/#website"},"primaryImageOfPage":{"@id":"https:\/\/conspiration-editions.com\/le-tour-de-la-france-par-deux-enfants\/#primaryimage"},"image":{"@id":"https:\/\/conspiration-editions.com\/le-tour-de-la-france-par-deux-enfants\/#primaryimage"},"thumbnailUrl":"https:\/\/conspiration-editions.com\/wp-content\/uploads\/2022\/10\/Le_Tour_de_la_France_par_deux_enfants-couverture-simulation.jpg","datePublished":"2026-02-27T09:29:55+00:00","dateModified":"2026-02-27T09:29:55+00:00","description":"De G. Bruno. Enfants, la vie enti\u00e8re pourrait \u00eatre compar\u00e9e \u00e0 un voyage o\u00f9 l\u2019on rencontre sans cesse des difficult\u00e9s nouvelles.","breadcrumb":{"@id":"https:\/\/conspiration-editions.com\/le-tour-de-la-france-par-deux-enfants\/#breadcrumb"},"inLanguage":"en-US","potentialAction":[{"@type":"ReadAction","target":["https:\/\/conspiration-editions.com\/le-tour-de-la-france-par-deux-enfants\/"]}]},{"@type":"ImageObject","inLanguage":"en-US","@id":"https:\/\/conspiration-editions.com\/le-tour-de-la-france-par-deux-enfants\/#primaryimage","url":"https:\/\/conspiration-editions.com\/wp-content\/uploads\/2022\/10\/Le_Tour_de_la_France_par_deux_enfants-couverture-simulation.jpg","contentUrl":"https:\/\/conspiration-editions.com\/wp-content\/uploads\/2022\/10\/Le_Tour_de_la_France_par_deux_enfants-couverture-simulation.jpg"},{"@type":"BreadcrumbList","@id":"https:\/\/conspiration-editions.com\/le-tour-de-la-france-par-deux-enfants\/#breadcrumb","itemListElement":[{"@type":"ListItem","position":1,"name":"Accueil","item":"https:\/\/conspiration-editions.com\/"},{"@type":"ListItem","position":2,"name":"Le tour de la France par deux enfants"}]},{"@type":"WebSite","@id":"https:\/\/conspiration-editions.com\/#website","url":"https:\/\/conspiration-editions.com\/","name":"Conspiration | \u00c9ditions","description":"","publisher":{"@id":"https:\/\/conspiration-editions.com\/#organization"},"potentialAction":[{"@type":"SearchAction","target":{"@type":"EntryPoint","urlTemplate":"https:\/\/conspiration-editions.com\/?s={search_term_string}"},"query-input":"required name=search_term_string"}],"inLanguage":"en-US"},{"@type":"Organization","@id":"https:\/\/conspiration-editions.com\/#organization","name":"Conspiration | \u00c9ditions","url":"https:\/\/conspiration-editions.com\/","logo":{"@type":"ImageObject","inLanguage":"en-US","@id":"https:\/\/conspiration-editions.com\/#\/schema\/logo\/image\/","url":"https:\/\/conspiration-editions.com\/wp-content\/uploads\/2021\/01\/cropped-cropped-cropped-logo-editions.png","contentUrl":"https:\/\/conspiration-editions.com\/wp-content\/uploads\/2021\/01\/cropped-cropped-cropped-logo-editions.png","width":574,"height":100,"caption":"Conspiration | \u00c9ditions"},"image":{"@id":"https:\/\/conspiration-editions.com\/#\/schema\/logo\/image\/"}}]}},"_links":{"self":[{"href":"https:\/\/conspiration-editions.com\/en\/wp-json\/wp\/v2\/pages\/639"}],"collection":[{"href":"https:\/\/conspiration-editions.com\/en\/wp-json\/wp\/v2\/pages"}],"about":[{"href":"https:\/\/conspiration-editions.com\/en\/wp-json\/wp\/v2\/types\/page"}],"author":[{"embeddable":true,"href":"https:\/\/conspiration-editions.com\/en\/wp-json\/wp\/v2\/users\/1"}],"replies":[{"embeddable":true,"href":"https:\/\/conspiration-editions.com\/en\/wp-json\/wp\/v2\/comments?post=639"}],"version-history":[{"count":19,"href":"https:\/\/conspiration-editions.com\/en\/wp-json\/wp\/v2\/pages\/639\/revisions"}],"predecessor-version":[{"id":7530,"href":"https:\/\/conspiration-editions.com\/en\/wp-json\/wp\/v2\/pages\/639\/revisions\/7530"}],"wp:attachment":[{"href":"https:\/\/conspiration-editions.com\/en\/wp-json\/wp\/v2\/media?parent=639"}],"curies":[{"name":"wp","href":"https:\/\/api.w.org\/{rel}","templated":true}]}}