{"id":4284,"date":"2026-02-27T10:29:55","date_gmt":"2026-02-27T09:29:55","guid":{"rendered":"https:\/\/conspiration-editions.com\/?page_id=4284"},"modified":"2026-02-27T10:29:55","modified_gmt":"2026-02-27T09:29:55","slug":"le-philosophe-ignorant","status":"publish","type":"page","link":"https:\/\/conspiration-editions.com\/en\/le-philosophe-ignorant\/","title":{"rendered":"Le philosophe ignorant"},"content":{"rendered":"<div data-elementor-type=\"wp-page\" data-elementor-id=\"4284\" class=\"elementor elementor-4284\" data-elementor-settings=\"[]\">\n\t\t\t\t\t\t<div class=\"elementor-inner\">\n\t\t\t\t\t\t\t<div class=\"elementor-section-wrap\">\n\t\t\t\t\t\t\t<section class=\"elementor-section elementor-top-section elementor-element elementor-element-7b217e8 elementor-section-boxed elementor-section-height-default elementor-section-height-default\" data-id=\"7b217e8\" data-element_type=\"section\">\n\t\t\t\t\t\t<div class=\"elementor-container elementor-column-gap-default\">\n\t\t\t\t\t\t\t<div class=\"elementor-row\">\n\t\t\t\t\t<div class=\"elementor-column elementor-col-50 elementor-top-column elementor-element elementor-element-1e176827\" data-id=\"1e176827\" data-element_type=\"column\">\n\t\t\t<div class=\"elementor-column-wrap elementor-element-populated\">\n\t\t\t\t\t\t\t<div class=\"elementor-widget-wrap\">\n\t\t\t\t\t\t<div class=\"elementor-element elementor-element-7073871a euclid elementor-widget elementor-widget-heading\" data-id=\"7073871a\" data-element_type=\"widget\" data-widget_type=\"heading.default\">\n\t\t\t\t<div class=\"elementor-widget-container\">\n\t\t\t<h2 class=\"elementor-heading-title elementor-size-default\">Le philosophe ignorant\n<\/h2>\t\t<\/div>\n\t\t\t\t<\/div>\n\t\t\t\t<div class=\"elementor-element elementor-element-68276a12 elementor-widget elementor-widget-text-editor\" data-id=\"68276a12\" data-element_type=\"widget\" data-widget_type=\"text-editor.default\">\n\t\t\t\t<div class=\"elementor-widget-container\">\n\t\t\t\t\t<div class=\"elementor-text-editor elementor-clearfix\"><p>Voltaire<\/p><\/div>\n\t\t\t\t<\/div>\n\t\t\t\t<\/div>\n\t\t\t\t<div class=\"elementor-element elementor-element-27a36581 elementor-widget elementor-widget-text-editor\" data-id=\"27a36581\" data-element_type=\"widget\" data-widget_type=\"text-editor.default\">\n\t\t\t\t<div class=\"elementor-widget-container\">\n\t\t\t\t\t<div class=\"elementor-text-editor elementor-clearfix\"><p>Le savoir \/ seize<\/p><\/div>\n\t\t\t\t<\/div>\n\t\t\t\t<\/div>\n\t\t\t\t<div class=\"elementor-element elementor-element-25b2d4 elementor-widget-divider--view-line elementor-widget elementor-widget-divider\" data-id=\"25b2d4\" data-element_type=\"widget\" data-widget_type=\"divider.default\">\n\t\t\t\t<div class=\"elementor-widget-container\">\n\t\t\t\t\t<div class=\"elementor-divider\">\n\t\t\t<span class=\"elementor-divider-separator\">\n\t\t\t\t\t\t<\/span>\n\t\t<\/div>\n\t\t\t\t<\/div>\n\t\t\t\t<\/div>\n\t\t\t\t<section class=\"elementor-section elementor-inner-section elementor-element elementor-element-4b6ae1d elementor-section-boxed elementor-section-height-default elementor-section-height-default\" data-id=\"4b6ae1d\" data-element_type=\"section\">\n\t\t\t\t\t\t<div class=\"elementor-container elementor-column-gap-default\">\n\t\t\t\t\t\t\t<div class=\"elementor-row\">\n\t\t\t\t\t<div class=\"elementor-column elementor-col-50 elementor-inner-column elementor-element elementor-element-d51e9e0\" data-id=\"d51e9e0\" data-element_type=\"column\">\n\t\t\t<div class=\"elementor-column-wrap elementor-element-populated\">\n\t\t\t\t\t\t\t<div class=\"elementor-widget-wrap\">\n\t\t\t\t\t\t<div class=\"elementor-element elementor-element-3039f0d elementor-widget elementor-widget-text-editor\" data-id=\"3039f0d\" data-element_type=\"widget\" data-widget_type=\"text-editor.default\">\n\t\t\t\t<div class=\"elementor-widget-container\">\n\t\t\t\t\t<div class=\"elementor-text-editor elementor-clearfix\"><div class=\"dp-element dp-lite\"  data-slug=\"le-philosophe-ignorant\" data-_slug=\"le-philosophe-ignorant\" data-title=\"lire-un-extrait\" id=\"dp_4889\" data-option=\"dp_option_4889\"  data-lightbox=\"button\">Lire un extrait<\/div><script class=\"dp-shortcode-script\" type=\"application\/javascript\">window.dp_option_4889 = {\"source\":\"https:\\\/\\\/conspiration-editions.com\\\/wp-content\\\/uploads\\\/2022\\\/10\\\/Voltaire-extrait.pdf\",\"viewerType\":\"flipbook\",\"is3D\":false,\"enableSound\":false,\"slug\":\"le-philosophe-ignorant\",\"id\":4889}; if(window.DEARPDF && window.DEARPDF.parseElements){window.DEARPDF.parseElements();}<\/script><\/div>\n\t\t\t\t<\/div>\n\t\t\t\t<\/div>\n\t\t\t\t\t\t<\/div>\n\t\t\t\t\t<\/div>\n\t\t<\/div>\n\t\t\t\t<div class=\"elementor-column elementor-col-50 elementor-inner-column elementor-element elementor-element-78b76c\" data-id=\"78b76c\" data-element_type=\"column\">\n\t\t\t<div class=\"elementor-column-wrap elementor-element-populated\">\n\t\t\t\t\t\t\t<div class=\"elementor-widget-wrap\">\n\t\t\t\t\t\t<div class=\"elementor-element elementor-element-55cb842 elementor-align-right elementor-widget elementor-widget-button\" data-id=\"55cb842\" data-element_type=\"widget\" data-widget_type=\"button.default\">\n\t\t\t\t<div class=\"elementor-widget-container\">\n\t\t\t\t\t<div class=\"elementor-button-wrapper\">\n\t\t\t<a class=\"elementor-button elementor-size-sm\" role=\"button\">\n\t\t\t\t\t\t<span class=\"elementor-button-content-wrapper\">\n\t\t\t\t\t\t<span class=\"elementor-button-text\">Uniquement en librairie<\/span>\n\t\t<\/span>\n\t\t\t\t\t<\/a>\n\t\t<\/div>\n\t\t\t\t<\/div>\n\t\t\t\t<\/div>\n\t\t\t\t\t\t<\/div>\n\t\t\t\t\t<\/div>\n\t\t<\/div>\n\t\t\t\t\t\t\t\t<\/div>\n\t\t\t\t\t<\/div>\n\t\t<\/section>\n\t\t\t\t<div class=\"elementor-element elementor-element-6f526bf6 elementor-widget elementor-widget-text-editor\" data-id=\"6f526bf6\" data-element_type=\"widget\" data-widget_type=\"text-editor.default\">\n\t\t\t\t<div class=\"elementor-widget-container\">\n\t\t\t\t\t<div class=\"elementor-text-editor elementor-clearfix\"><p><em>Date de parution : 12 juillet 2022<\/em><br \/><em>80 pages &#8211; 130&#215;190 mm<\/em><br \/><span style=\"font-size: 12px;\"><em>ISBN : 979-10-95550-37-2<\/em><\/span><\/p><\/div>\n\t\t\t\t<\/div>\n\t\t\t\t<\/div>\n\t\t\t\t\t\t<\/div>\n\t\t\t\t\t<\/div>\n\t\t<\/div>\n\t\t\t\t<div class=\"elementor-column elementor-col-50 elementor-top-column elementor-element elementor-element-505dadc0\" data-id=\"505dadc0\" data-element_type=\"column\">\n\t\t\t<div class=\"elementor-column-wrap elementor-element-populated\">\n\t\t\t\t\t\t\t<div class=\"elementor-widget-wrap\">\n\t\t\t\t\t\t<div class=\"elementor-element elementor-element-6fa5bcad elementor-widget elementor-widget-image\" data-id=\"6fa5bcad\" data-element_type=\"widget\" data-widget_type=\"image.default\">\n\t\t\t\t<div class=\"elementor-widget-container\">\n\t\t\t\t\t<div class=\"elementor-image\">\n\t\t\t\t\t\t\t\t\t\t\t<a href=\"https:\/\/conspiration-editions.com\/wp-content\/uploads\/2022\/07\/Voltaire-couverture-simulation-2.jpg\" data-elementor-open-lightbox=\"yes\" data-elementor-lightbox-title=\"Le philosophe ignorant\" data-lbwps-width=\"980\" data-lbwps-height=\"700\" data-lbwps-srcsmall=\"https:\/\/conspiration-editions.com\/wp-content\/uploads\/2022\/07\/Voltaire-couverture-simulation-2.jpg\">\n\t\t\t\t\t\t\t<img loading=\"lazy\" decoding=\"async\" width=\"750\" height=\"536\" src=\"https:\/\/conspiration-editions.com\/wp-content\/uploads\/2022\/07\/Voltaire-couverture-simulation-2.jpg\" class=\"attachment-large size-large\" alt=\"\" srcset=\"https:\/\/conspiration-editions.com\/wp-content\/uploads\/2022\/07\/Voltaire-couverture-simulation-2.jpg 980w, https:\/\/conspiration-editions.com\/wp-content\/uploads\/2022\/07\/Voltaire-couverture-simulation-2-300x214.jpg 300w, https:\/\/conspiration-editions.com\/wp-content\/uploads\/2022\/07\/Voltaire-couverture-simulation-2-768x549.jpg 768w, https:\/\/conspiration-editions.com\/wp-content\/uploads\/2022\/07\/Voltaire-couverture-simulation-2-230x164.jpg 230w, https:\/\/conspiration-editions.com\/wp-content\/uploads\/2022\/07\/Voltaire-couverture-simulation-2-600x429.jpg 600w\" sizes=\"(max-width: 750px) 100vw, 750px\" \/>\t\t\t\t\t\t\t\t<\/a>\n\t\t\t\t\t\t\t\t\t\t\t<\/div>\n\t\t\t\t<\/div>\n\t\t\t\t<\/div>\n\t\t\t\t\t\t<\/div>\n\t\t\t\t\t<\/div>\n\t\t<\/div>\n\t\t\t\t\t\t\t\t<\/div>\n\t\t\t\t\t<\/div>\n\t\t<\/section>\n\t\t\t\t<section class=\"elementor-section elementor-top-section elementor-element elementor-element-52a8b547 elementor-section-boxed elementor-section-height-default elementor-section-height-default\" data-id=\"52a8b547\" data-element_type=\"section\">\n\t\t\t\t\t\t<div class=\"elementor-container elementor-column-gap-default\">\n\t\t\t\t\t\t\t<div class=\"elementor-row\">\n\t\t\t\t\t<div class=\"elementor-column elementor-col-100 elementor-top-column elementor-element elementor-element-4009ef29\" data-id=\"4009ef29\" data-element_type=\"column\">\n\t\t\t<div class=\"elementor-column-wrap elementor-element-populated\">\n\t\t\t\t\t\t\t<div class=\"elementor-widget-wrap\">\n\t\t\t\t\t\t<div class=\"elementor-element elementor-element-423aaf20 elementor-widget elementor-widget-text-editor\" data-id=\"423aaf20\" data-element_type=\"widget\" data-widget_type=\"text-editor.default\">\n\t\t\t\t<div class=\"elementor-widget-container\">\n\t\t\t\t\t<div class=\"elementor-text-editor elementor-clearfix\"><p><strong>R\u00e9sum\u00e9 :<\/strong><\/p><\/div>\n\t\t\t\t<\/div>\n\t\t\t\t<\/div>\n\t\t\t\t\t\t<\/div>\n\t\t\t\t\t<\/div>\n\t\t<\/div>\n\t\t\t\t\t\t\t\t<\/div>\n\t\t\t\t\t<\/div>\n\t\t<\/section>\n\t\t\t\t<section class=\"elementor-section elementor-top-section elementor-element elementor-element-58f040fb elementor-section-boxed elementor-section-height-default elementor-section-height-default\" data-id=\"58f040fb\" data-element_type=\"section\">\n\t\t\t\t\t\t<div class=\"elementor-container elementor-column-gap-default\">\n\t\t\t\t\t\t\t<div class=\"elementor-row\">\n\t\t\t\t\t<div class=\"elementor-column elementor-col-100 elementor-top-column elementor-element elementor-element-965429e\" data-id=\"965429e\" data-element_type=\"column\">\n\t\t\t<div class=\"elementor-column-wrap elementor-element-populated\">\n\t\t\t\t\t\t\t<div class=\"elementor-widget-wrap\">\n\t\t\t\t\t\t<div class=\"elementor-element elementor-element-4f0c4f2c elementor-widget elementor-widget-text-editor\" data-id=\"4f0c4f2c\" data-element_type=\"widget\" data-widget_type=\"text-editor.default\">\n\t\t\t\t<div class=\"elementor-widget-container\">\n\t\t\t\t\t<div class=\"elementor-text-editor elementor-clearfix\"><p>Publi\u00e9 en 1766, \u00e0 72 ans, <em>Le philosophe ignorant<\/em> nous invite \u00e0 voyager dans le monde de la philosophie \u00e0 travers 56 questions indispensables. Cette \u0153uvre synth\u00e9tise les doutes de Voltaire sur l\u2019esprit de syst\u00e8me des philosophes qui, croyant d\u00e9tenir la v\u00e9rit\u00e9, n\u2019ont conduit qu\u2019\u00e0 opposer les hommes lus uns aux autres. Avec ses r\u00e9flexions sur nos limites et la faiblesse de l\u2019esprit d\u2019humain, Voltaire nous enseigne la modestie, en relativisant le poids de la connaissance philosophique et en nous proposant de nous concentrer sur quelques valeurs aussi essentielles qu\u2019universelles et d\u2019ignorer les autres \u2013 signe de son ultime sagesse.<\/p><\/div>\n\t\t\t\t<\/div>\n\t\t\t\t<\/div>\n\t\t\t\t\t\t<\/div>\n\t\t\t\t\t<\/div>\n\t\t<\/div>\n\t\t\t\t\t\t\t\t<\/div>\n\t\t\t\t\t<\/div>\n\t\t<\/section>\n\t\t\t\t<section class=\"elementor-section elementor-top-section elementor-element elementor-element-428c8073 elementor-section-boxed elementor-section-height-default elementor-section-height-default\" data-id=\"428c8073\" data-element_type=\"section\">\n\t\t\t\t\t\t<div class=\"elementor-container elementor-column-gap-default\">\n\t\t\t\t\t\t\t<div class=\"elementor-row\">\n\t\t\t\t\t<div class=\"elementor-column elementor-col-100 elementor-top-column elementor-element elementor-element-7b6d7dd8\" data-id=\"7b6d7dd8\" data-element_type=\"column\">\n\t\t\t<div class=\"elementor-column-wrap elementor-element-populated\">\n\t\t\t\t\t\t\t<div class=\"elementor-widget-wrap\">\n\t\t\t\t\t\t<div class=\"elementor-element elementor-element-2d498a89 elementor-widget elementor-widget-text-editor\" data-id=\"2d498a89\" data-element_type=\"widget\" data-widget_type=\"text-editor.default\">\n\t\t\t\t<div class=\"elementor-widget-container\">\n\t\t\t\t\t<div class=\"elementor-text-editor elementor-clearfix\"><p><strong>L&rsquo;auteur :<br \/><\/strong><\/p><\/div>\n\t\t\t\t<\/div>\n\t\t\t\t<\/div>\n\t\t\t\t\t\t<\/div>\n\t\t\t\t\t<\/div>\n\t\t<\/div>\n\t\t\t\t\t\t\t\t<\/div>\n\t\t\t\t\t<\/div>\n\t\t<\/section>\n\t\t\t\t<section class=\"elementor-section elementor-top-section elementor-element elementor-element-6c7beff7 elementor-section-boxed elementor-section-height-default elementor-section-height-default\" data-id=\"6c7beff7\" data-element_type=\"section\">\n\t\t\t\t\t\t<div class=\"elementor-container elementor-column-gap-default\">\n\t\t\t\t\t\t\t<div class=\"elementor-row\">\n\t\t\t\t\t<div class=\"elementor-column elementor-col-100 elementor-top-column elementor-element elementor-element-3a96d54f\" data-id=\"3a96d54f\" data-element_type=\"column\">\n\t\t\t<div class=\"elementor-column-wrap elementor-element-populated\">\n\t\t\t\t\t\t\t<div class=\"elementor-widget-wrap\">\n\t\t\t\t\t\t<div class=\"elementor-element elementor-element-f9d4882 elementor-widget elementor-widget-text-editor\" data-id=\"f9d4882\" data-element_type=\"widget\" data-widget_type=\"text-editor.default\">\n\t\t\t\t<div class=\"elementor-widget-container\">\n\t\t\t\t\t<div class=\"elementor-text-editor elementor-clearfix\"><p><strong><img loading=\"lazy\" decoding=\"async\" src=\"https:\/\/conspiration-editions.com\/wp-content\/uploads\/2022\/06\/Portrai-Voltaire-242x300.jpg\" alt=\"Voltaire\" class=\"alignleft wp-image-4290\" title=\"Voltaire\" width=\"172\" height=\"214\" srcset=\"https:\/\/conspiration-editions.com\/wp-content\/uploads\/2022\/06\/Portrai-Voltaire-242x300.jpg 242w, https:\/\/conspiration-editions.com\/wp-content\/uploads\/2022\/06\/Portrai-Voltaire-230x285.jpg 230w, https:\/\/conspiration-editions.com\/wp-content\/uploads\/2022\/06\/Portrai-Voltaire.jpg 286w\" sizes=\"(max-width: 172px) 100vw, 172px\" \/>Voltaire<\/strong><\/p><p>Voltaire (1694-1778) devient c\u00e9l\u00e8bre dans l\u2019Europe enti\u00e8re gr\u00e2ce \u00e0 ses \u0153uvres litt\u00e9raires, th\u00e9\u00e2trales, historiques, pamphl\u00e9taires et ses trait\u00e9s philosophiques. En tant qu\u2019homme d\u2019affaire \u00e9m\u00e9rite, il acqui\u00e8re une fortune consid\u00e9rable &#8211; et controvers\u00e9e. Son combat contre in\u00e9galit\u00e9s, injustices, dogmes, pr\u00e9jug\u00e9s, superstitions, haines, fera de lui un pr\u00e9curseur de l\u2019intellectuel moderne. Avec la r\u00e9surgence de l\u2019intransigeance dans le d\u00e9bat public et du fanatisme, Voltaire n\u2019a jamais \u00e9t\u00e9 aussi actuel, ni aussi n\u00e9cessaire.<\/p><p><span>\u00a0<\/span><\/p><\/div>\n\t\t\t\t<\/div>\n\t\t\t\t<\/div>\n\t\t\t\t\t\t<\/div>\n\t\t\t\t\t<\/div>\n\t\t<\/div>\n\t\t\t\t\t\t\t\t<\/div>\n\t\t\t\t\t<\/div>\n\t\t<\/section>\n\t\t\t\t<section class=\"elementor-section elementor-top-section elementor-element elementor-element-7e022a5d elementor-section-boxed elementor-section-height-default elementor-section-height-default\" data-id=\"7e022a5d\" data-element_type=\"section\">\n\t\t\t\t\t\t<div class=\"elementor-container elementor-column-gap-default\">\n\t\t\t\t\t\t\t<div class=\"elementor-row\">\n\t\t\t\t\t<div class=\"elementor-column elementor-col-100 elementor-top-column elementor-element elementor-element-242f8602\" data-id=\"242f8602\" data-element_type=\"column\">\n\t\t\t<div class=\"elementor-column-wrap elementor-element-populated\">\n\t\t\t\t\t\t\t<div class=\"elementor-widget-wrap\">\n\t\t\t\t\t\t<div class=\"elementor-element elementor-element-78a4b6a8 elementor-widget elementor-widget-spacer\" data-id=\"78a4b6a8\" data-element_type=\"widget\" data-widget_type=\"spacer.default\">\n\t\t\t\t<div class=\"elementor-widget-container\">\n\t\t\t\t\t<div class=\"elementor-spacer\">\n\t\t\t<div class=\"elementor-spacer-inner\"><\/div>\n\t\t<\/div>\n\t\t\t\t<\/div>\n\t\t\t\t<\/div>\n\t\t\t\t\t\t<\/div>\n\t\t\t\t\t<\/div>\n\t\t<\/div>\n\t\t\t\t\t\t\t\t<\/div>\n\t\t\t\t\t<\/div>\n\t\t<\/section>\n\t\t\t\t<section class=\"elementor-section elementor-top-section elementor-element elementor-element-3141ed93 elementor-section-boxed elementor-section-height-default elementor-section-height-default\" data-id=\"3141ed93\" data-element_type=\"section\">\n\t\t\t\t\t\t<div class=\"elementor-container elementor-column-gap-default\">\n\t\t\t\t\t\t\t<div class=\"elementor-row\">\n\t\t\t\t\t<div class=\"elementor-column elementor-col-100 elementor-top-column elementor-element elementor-element-69dc9174\" data-id=\"69dc9174\" data-element_type=\"column\">\n\t\t\t<div class=\"elementor-column-wrap elementor-element-populated\">\n\t\t\t\t\t\t\t<div class=\"elementor-widget-wrap\">\n\t\t\t\t\t\t<div class=\"elementor-element elementor-element-1c9872e3 elementor-widget elementor-widget-spacer\" data-id=\"1c9872e3\" data-element_type=\"widget\" data-widget_type=\"spacer.default\">\n\t\t\t\t<div class=\"elementor-widget-container\">\n\t\t\t\t\t<div class=\"elementor-spacer\">\n\t\t\t<div class=\"elementor-spacer-inner\"><\/div>\n\t\t<\/div>\n\t\t\t\t<\/div>\n\t\t\t\t<\/div>\n\t\t\t\t\t\t<\/div>\n\t\t\t\t\t<\/div>\n\t\t<\/div>\n\t\t\t\t\t\t\t\t<\/div>\n\t\t\t\t\t<\/div>\n\t\t<\/section>\n\t\t\t\t\t\t<\/div>\n\t\t\t\t\t\t<\/div>\n\t\t\t\t\t<\/div>","protected":false},"excerpt":{"rendered":"<p>Le philosophe ignorant Voltaire Le savoir \/ seize Uniquement en librairie Date de parution : 12 juillet 202280 pages &#8211; 130&#215;190 mmISBN : 979-10-95550-37-2 R\u00e9sum\u00e9 : Publi\u00e9 en 1766, \u00e0 72 ans, Le philosophe ignorant nous invite \u00e0 voyager dans le monde de la philosophie \u00e0 travers 56 questions indispensables. [&hellip;]<\/p>","protected":false},"author":1,"featured_media":0,"parent":0,"menu_order":0,"comment_status":"closed","ping_status":"closed","template":"","meta":{"footnotes":""},"yoast_head":"<!-- This site is optimized with the Yoast SEO plugin v22.9 - https:\/\/yoast.com\/wordpress\/plugins\/seo\/ -->\n<title>Le philosophe ignorant - Conspiration | \u00c9ditions<\/title>\n<meta name=\"description\" content=\"De Voltaire. La culture du doute comme ultime sagesse avec ce voyage en 56 questions philosophiques essentielles.\" \/>\n<meta name=\"robots\" content=\"index, follow, max-snippet:-1, max-image-preview:large, max-video-preview:-1\" \/>\n<link rel=\"canonical\" href=\"https:\/\/conspiration-editions.com\/en\/le-philosophe-ignorant\/\" \/>\n<meta property=\"og:locale\" content=\"en_US\" \/>\n<meta property=\"og:type\" content=\"article\" \/>\n<meta property=\"og:title\" content=\"Le philosophe ignorant - Conspiration | \u00c9ditions\" \/>\n<meta property=\"og:description\" content=\"De Voltaire. La culture du doute comme ultime sagesse avec ce voyage en 56 questions philosophiques essentielles.\" \/>\n<meta property=\"og:url\" content=\"https:\/\/conspiration-editions.com\/en\/le-philosophe-ignorant\/\" \/>\n<meta property=\"og:site_name\" content=\"Conspiration | \u00c9ditions\" \/>\n<meta property=\"og:image\" content=\"https:\/\/conspiration-editions.com\/wp-content\/uploads\/2022\/07\/Voltaire-couverture-simulation-2.jpg\" \/>\n<meta name=\"twitter:card\" content=\"summary_large_image\" \/>\n<meta name=\"twitter:label1\" content=\"Est. reading time\" \/>\n\t<meta name=\"twitter:data1\" content=\"2 minutes\" \/>\n<script type=\"application\/ld+json\" class=\"yoast-schema-graph\">{\"@context\":\"https:\/\/schema.org\",\"@graph\":[{\"@type\":\"WebPage\",\"@id\":\"https:\/\/conspiration-editions.com\/le-philosophe-ignorant\/\",\"url\":\"https:\/\/conspiration-editions.com\/le-philosophe-ignorant\/\",\"name\":\"Le philosophe ignorant - Conspiration | \u00c9ditions\",\"isPartOf\":{\"@id\":\"https:\/\/conspiration-editions.com\/#website\"},\"primaryImageOfPage\":{\"@id\":\"https:\/\/conspiration-editions.com\/le-philosophe-ignorant\/#primaryimage\"},\"image\":{\"@id\":\"https:\/\/conspiration-editions.com\/le-philosophe-ignorant\/#primaryimage\"},\"thumbnailUrl\":\"https:\/\/conspiration-editions.com\/wp-content\/uploads\/2022\/07\/Voltaire-couverture-simulation-2.jpg\",\"datePublished\":\"2026-02-27T09:29:55+00:00\",\"dateModified\":\"2026-02-27T09:29:55+00:00\",\"description\":\"De Voltaire. La culture du doute comme ultime sagesse avec ce voyage en 56 questions philosophiques essentielles.\",\"breadcrumb\":{\"@id\":\"https:\/\/conspiration-editions.com\/le-philosophe-ignorant\/#breadcrumb\"},\"inLanguage\":\"en-US\",\"potentialAction\":[{\"@type\":\"ReadAction\",\"target\":[\"https:\/\/conspiration-editions.com\/le-philosophe-ignorant\/\"]}]},{\"@type\":\"ImageObject\",\"inLanguage\":\"en-US\",\"@id\":\"https:\/\/conspiration-editions.com\/le-philosophe-ignorant\/#primaryimage\",\"url\":\"https:\/\/conspiration-editions.com\/wp-content\/uploads\/2022\/07\/Voltaire-couverture-simulation-2.jpg\",\"contentUrl\":\"https:\/\/conspiration-editions.com\/wp-content\/uploads\/2022\/07\/Voltaire-couverture-simulation-2.jpg\"},{\"@type\":\"BreadcrumbList\",\"@id\":\"https:\/\/conspiration-editions.com\/le-philosophe-ignorant\/#breadcrumb\",\"itemListElement\":[{\"@type\":\"ListItem\",\"position\":1,\"name\":\"Accueil\",\"item\":\"https:\/\/conspiration-editions.com\/\"},{\"@type\":\"ListItem\",\"position\":2,\"name\":\"Le philosophe ignorant\"}]},{\"@type\":\"WebSite\",\"@id\":\"https:\/\/conspiration-editions.com\/#website\",\"url\":\"https:\/\/conspiration-editions.com\/\",\"name\":\"Conspiration | \u00c9ditions\",\"description\":\"\",\"publisher\":{\"@id\":\"https:\/\/conspiration-editions.com\/#organization\"},\"potentialAction\":[{\"@type\":\"SearchAction\",\"target\":{\"@type\":\"EntryPoint\",\"urlTemplate\":\"https:\/\/conspiration-editions.com\/?s={search_term_string}\"},\"query-input\":\"required name=search_term_string\"}],\"inLanguage\":\"en-US\"},{\"@type\":\"Organization\",\"@id\":\"https:\/\/conspiration-editions.com\/#organization\",\"name\":\"Conspiration | \u00c9ditions\",\"url\":\"https:\/\/conspiration-editions.com\/\",\"logo\":{\"@type\":\"ImageObject\",\"inLanguage\":\"en-US\",\"@id\":\"https:\/\/conspiration-editions.com\/#\/schema\/logo\/image\/\",\"url\":\"https:\/\/conspiration-editions.com\/wp-content\/uploads\/2021\/01\/cropped-cropped-cropped-logo-editions.png\",\"contentUrl\":\"https:\/\/conspiration-editions.com\/wp-content\/uploads\/2021\/01\/cropped-cropped-cropped-logo-editions.png\",\"width\":574,\"height\":100,\"caption\":\"Conspiration | \u00c9ditions\"},\"image\":{\"@id\":\"https:\/\/conspiration-editions.com\/#\/schema\/logo\/image\/\"}}]}<\/script>\n<!-- \/ Yoast SEO plugin. -->","yoast_head_json":{"title":"Le philosophe ignorant - Conspiration | \u00c9ditions","description":"De Voltaire. La culture du doute comme ultime sagesse avec ce voyage en 56 questions philosophiques essentielles.","robots":{"index":"index","follow":"follow","max-snippet":"max-snippet:-1","max-image-preview":"max-image-preview:large","max-video-preview":"max-video-preview:-1"},"canonical":"https:\/\/conspiration-editions.com\/en\/le-philosophe-ignorant\/","og_locale":"en_US","og_type":"article","og_title":"Le philosophe ignorant - Conspiration | \u00c9ditions","og_description":"De Voltaire. La culture du doute comme ultime sagesse avec ce voyage en 56 questions philosophiques essentielles.","og_url":"https:\/\/conspiration-editions.com\/en\/le-philosophe-ignorant\/","og_site_name":"Conspiration | \u00c9ditions","og_image":[{"url":"https:\/\/conspiration-editions.com\/wp-content\/uploads\/2022\/07\/Voltaire-couverture-simulation-2.jpg"}],"twitter_card":"summary_large_image","twitter_misc":{"Est. reading time":"2 minutes"},"schema":{"@context":"https:\/\/schema.org","@graph":[{"@type":"WebPage","@id":"https:\/\/conspiration-editions.com\/le-philosophe-ignorant\/","url":"https:\/\/conspiration-editions.com\/le-philosophe-ignorant\/","name":"Le philosophe ignorant - Conspiration | \u00c9ditions","isPartOf":{"@id":"https:\/\/conspiration-editions.com\/#website"},"primaryImageOfPage":{"@id":"https:\/\/conspiration-editions.com\/le-philosophe-ignorant\/#primaryimage"},"image":{"@id":"https:\/\/conspiration-editions.com\/le-philosophe-ignorant\/#primaryimage"},"thumbnailUrl":"https:\/\/conspiration-editions.com\/wp-content\/uploads\/2022\/07\/Voltaire-couverture-simulation-2.jpg","datePublished":"2026-02-27T09:29:55+00:00","dateModified":"2026-02-27T09:29:55+00:00","description":"De Voltaire. La culture du doute comme ultime sagesse avec ce voyage en 56 questions philosophiques essentielles.","breadcrumb":{"@id":"https:\/\/conspiration-editions.com\/le-philosophe-ignorant\/#breadcrumb"},"inLanguage":"en-US","potentialAction":[{"@type":"ReadAction","target":["https:\/\/conspiration-editions.com\/le-philosophe-ignorant\/"]}]},{"@type":"ImageObject","inLanguage":"en-US","@id":"https:\/\/conspiration-editions.com\/le-philosophe-ignorant\/#primaryimage","url":"https:\/\/conspiration-editions.com\/wp-content\/uploads\/2022\/07\/Voltaire-couverture-simulation-2.jpg","contentUrl":"https:\/\/conspiration-editions.com\/wp-content\/uploads\/2022\/07\/Voltaire-couverture-simulation-2.jpg"},{"@type":"BreadcrumbList","@id":"https:\/\/conspiration-editions.com\/le-philosophe-ignorant\/#breadcrumb","itemListElement":[{"@type":"ListItem","position":1,"name":"Accueil","item":"https:\/\/conspiration-editions.com\/"},{"@type":"ListItem","position":2,"name":"Le philosophe ignorant"}]},{"@type":"WebSite","@id":"https:\/\/conspiration-editions.com\/#website","url":"https:\/\/conspiration-editions.com\/","name":"Conspiration | \u00c9ditions","description":"","publisher":{"@id":"https:\/\/conspiration-editions.com\/#organization"},"potentialAction":[{"@type":"SearchAction","target":{"@type":"EntryPoint","urlTemplate":"https:\/\/conspiration-editions.com\/?s={search_term_string}"},"query-input":"required name=search_term_string"}],"inLanguage":"en-US"},{"@type":"Organization","@id":"https:\/\/conspiration-editions.com\/#organization","name":"Conspiration | \u00c9ditions","url":"https:\/\/conspiration-editions.com\/","logo":{"@type":"ImageObject","inLanguage":"en-US","@id":"https:\/\/conspiration-editions.com\/#\/schema\/logo\/image\/","url":"https:\/\/conspiration-editions.com\/wp-content\/uploads\/2021\/01\/cropped-cropped-cropped-logo-editions.png","contentUrl":"https:\/\/conspiration-editions.com\/wp-content\/uploads\/2021\/01\/cropped-cropped-cropped-logo-editions.png","width":574,"height":100,"caption":"Conspiration | \u00c9ditions"},"image":{"@id":"https:\/\/conspiration-editions.com\/#\/schema\/logo\/image\/"}}]}},"_links":{"self":[{"href":"https:\/\/conspiration-editions.com\/en\/wp-json\/wp\/v2\/pages\/4284"}],"collection":[{"href":"https:\/\/conspiration-editions.com\/en\/wp-json\/wp\/v2\/pages"}],"about":[{"href":"https:\/\/conspiration-editions.com\/en\/wp-json\/wp\/v2\/types\/page"}],"author":[{"embeddable":true,"href":"https:\/\/conspiration-editions.com\/en\/wp-json\/wp\/v2\/users\/1"}],"replies":[{"embeddable":true,"href":"https:\/\/conspiration-editions.com\/en\/wp-json\/wp\/v2\/comments?post=4284"}],"version-history":[{"count":35,"href":"https:\/\/conspiration-editions.com\/en\/wp-json\/wp\/v2\/pages\/4284\/revisions"}],"predecessor-version":[{"id":12306,"href":"https:\/\/conspiration-editions.com\/en\/wp-json\/wp\/v2\/pages\/4284\/revisions\/12306"}],"wp:attachment":[{"href":"https:\/\/conspiration-editions.com\/en\/wp-json\/wp\/v2\/media?parent=4284"}],"curies":[{"name":"wp","href":"https:\/\/api.w.org\/{rel}","templated":true}]}}