{"id":3574,"date":"2026-02-27T10:29:55","date_gmt":"2026-02-27T09:29:55","guid":{"rendered":"https:\/\/conspiration-editions.com\/?page_id=3574"},"modified":"2026-02-27T10:29:55","modified_gmt":"2026-02-27T09:29:55","slug":"little-nemo-in-slumberland-2","status":"publish","type":"page","link":"https:\/\/conspiration-editions.com\/en\/little-nemo-in-slumberland-2\/","title":{"rendered":"Little Nemo in Slumberland -2-"},"content":{"rendered":"<div data-elementor-type=\"wp-page\" data-elementor-id=\"3574\" class=\"elementor elementor-3574\" data-elementor-settings=\"[]\">\n\t\t\t\t\t\t<div class=\"elementor-inner\">\n\t\t\t\t\t\t\t<div class=\"elementor-section-wrap\">\n\t\t\t\t\t\t\t<section class=\"elementor-section elementor-top-section elementor-element elementor-element-6cd98de elementor-section-boxed elementor-section-height-default elementor-section-height-default\" data-id=\"6cd98de\" data-element_type=\"section\">\n\t\t\t\t\t\t<div class=\"elementor-container elementor-column-gap-default\">\n\t\t\t\t\t\t\t<div class=\"elementor-row\">\n\t\t\t\t\t<div class=\"elementor-column elementor-col-50 elementor-top-column elementor-element elementor-element-fb68533\" data-id=\"fb68533\" data-element_type=\"column\">\n\t\t\t<div class=\"elementor-column-wrap elementor-element-populated\">\n\t\t\t\t\t\t\t<div class=\"elementor-widget-wrap\">\n\t\t\t\t\t\t<div class=\"elementor-element elementor-element-9f344a0 euclid elementor-widget elementor-widget-heading\" data-id=\"9f344a0\" data-element_type=\"widget\" data-widget_type=\"heading.default\">\n\t\t\t\t<div class=\"elementor-widget-container\">\n\t\t\t<h2 class=\"elementor-heading-title elementor-size-default\">Little Nemo in Slumberland - II<\/h2>\t\t<\/div>\n\t\t\t\t<\/div>\n\t\t\t\t<div class=\"elementor-element elementor-element-c733fbd elementor-widget elementor-widget-text-editor\" data-id=\"c733fbd\" data-element_type=\"widget\" data-widget_type=\"text-editor.default\">\n\t\t\t\t<div class=\"elementor-widget-container\">\n\t\t\t\t\t<div class=\"elementor-text-editor elementor-clearfix\"><p>Winsor McCay<\/p><\/div>\n\t\t\t\t<\/div>\n\t\t\t\t<\/div>\n\t\t\t\t<div class=\"elementor-element elementor-element-2471ceb elementor-widget elementor-widget-text-editor\" data-id=\"2471ceb\" data-element_type=\"widget\" data-widget_type=\"text-editor.default\">\n\t\t\t\t<div class=\"elementor-widget-container\">\n\t\t\t\t\t<div class=\"elementor-text-editor elementor-clearfix\"><p>L&rsquo;image \/ trois<\/p><\/div>\n\t\t\t\t<\/div>\n\t\t\t\t<\/div>\n\t\t\t\t<div class=\"elementor-element elementor-element-46e51c7 elementor-widget-divider--view-line elementor-widget elementor-widget-divider\" data-id=\"46e51c7\" data-element_type=\"widget\" data-widget_type=\"divider.default\">\n\t\t\t\t<div class=\"elementor-widget-container\">\n\t\t\t\t\t<div class=\"elementor-divider\">\n\t\t\t<span class=\"elementor-divider-separator\">\n\t\t\t\t\t\t<\/span>\n\t\t<\/div>\n\t\t\t\t<\/div>\n\t\t\t\t<\/div>\n\t\t\t\t<section class=\"elementor-section elementor-inner-section elementor-element elementor-element-5741f85 elementor-section-boxed elementor-section-height-default elementor-section-height-default\" data-id=\"5741f85\" data-element_type=\"section\">\n\t\t\t\t\t\t<div class=\"elementor-container elementor-column-gap-default\">\n\t\t\t\t\t\t\t<div class=\"elementor-row\">\n\t\t\t\t\t<div class=\"elementor-column elementor-col-50 elementor-inner-column elementor-element elementor-element-442a8f2\" data-id=\"442a8f2\" data-element_type=\"column\">\n\t\t\t<div class=\"elementor-column-wrap elementor-element-populated\">\n\t\t\t\t\t\t\t<div class=\"elementor-widget-wrap\">\n\t\t\t\t\t\t<div class=\"elementor-element elementor-element-0ef1b0b bt-rouge elementor-widget elementor-widget-text-editor\" data-id=\"0ef1b0b\" data-element_type=\"widget\" data-widget_type=\"text-editor.default\">\n\t\t\t\t<div class=\"elementor-widget-container\">\n\t\t\t\t\t<div class=\"elementor-text-editor elementor-clearfix\"><div class=\"dp-element dp-lite\"  data-slug=\"little-nemo-in-slumberland-2\" data-_slug=\"little-nemo-in-slumberland-2\" data-title=\"lire-un-extrait\" id=\"dp_5033\" data-option=\"dp_option_5033\"  data-lightbox=\"button\">Lire un extrait<\/div><script class=\"dp-shortcode-script\" type=\"application\/javascript\">window.dp_option_5033 = {\"source\":\"https:\\\/\\\/conspiration-editions.com\\\/wp-content\\\/uploads\\\/2022\\\/10\\\/Little-nemo-2-extrait.pdf\",\"viewerType\":\"flipbook\",\"is3D\":false,\"enableSound\":false,\"slug\":\"little-nemo-in-slumberland-2\",\"id\":5033}; if(window.DEARPDF && window.DEARPDF.parseElements){window.DEARPDF.parseElements();}<\/script><\/div>\n\t\t\t\t<\/div>\n\t\t\t\t<\/div>\n\t\t\t\t\t\t<\/div>\n\t\t\t\t\t<\/div>\n\t\t<\/div>\n\t\t\t\t<div class=\"elementor-column elementor-col-50 elementor-inner-column elementor-element elementor-element-5eacfa7\" data-id=\"5eacfa7\" data-element_type=\"column\">\n\t\t\t<div class=\"elementor-column-wrap elementor-element-populated\">\n\t\t\t\t\t\t\t<div class=\"elementor-widget-wrap\">\n\t\t\t\t\t\t<div class=\"elementor-element elementor-element-b502095 elementor-align-right elementor-widget elementor-widget-button\" data-id=\"b502095\" data-element_type=\"widget\" data-widget_type=\"button.default\">\n\t\t\t\t<div class=\"elementor-widget-container\">\n\t\t\t\t\t<div class=\"elementor-button-wrapper\">\n\t\t\t<a class=\"elementor-button elementor-size-sm\" role=\"button\">\n\t\t\t\t\t\t<span class=\"elementor-button-content-wrapper\">\n\t\t\t\t\t\t<span class=\"elementor-button-text\">Rupture de stock<\/span>\n\t\t<\/span>\n\t\t\t\t\t<\/a>\n\t\t<\/div>\n\t\t\t\t<\/div>\n\t\t\t\t<\/div>\n\t\t\t\t\t\t<\/div>\n\t\t\t\t\t<\/div>\n\t\t<\/div>\n\t\t\t\t\t\t\t\t<\/div>\n\t\t\t\t\t<\/div>\n\t\t<\/section>\n\t\t\t\t<div class=\"elementor-element elementor-element-41a4850 elementor-widget elementor-widget-text-editor\" data-id=\"41a4850\" data-element_type=\"widget\" data-widget_type=\"text-editor.default\">\n\t\t\t\t<div class=\"elementor-widget-container\">\n\t\t\t\t\t<div class=\"elementor-text-editor elementor-clearfix\"><p><em>Date de parution : 16 novembre 2021<\/em><br \/><em>110 pages &#8211; 220&#215;290 mm<\/em><br \/><span style=\"font-size: 12px;\"><em>ISBN : 979-10-95550-24-2<\/em><\/span><\/p><\/div>\n\t\t\t\t<\/div>\n\t\t\t\t<\/div>\n\t\t\t\t\t\t<\/div>\n\t\t\t\t\t<\/div>\n\t\t<\/div>\n\t\t\t\t<div class=\"elementor-column elementor-col-50 elementor-top-column elementor-element elementor-element-c191a8d\" data-id=\"c191a8d\" data-element_type=\"column\">\n\t\t\t<div class=\"elementor-column-wrap elementor-element-populated\">\n\t\t\t\t\t\t\t<div class=\"elementor-widget-wrap\">\n\t\t\t\t\t\t<div class=\"elementor-element elementor-element-f69de15 elementor-widget elementor-widget-image\" data-id=\"f69de15\" data-element_type=\"widget\" data-widget_type=\"image.default\">\n\t\t\t\t<div class=\"elementor-widget-container\">\n\t\t\t\t\t<div class=\"elementor-image\">\n\t\t\t\t\t\t\t\t\t\t\t<a href=\"https:\/\/conspiration-editions.com\/wp-content\/uploads\/2022\/10\/little-nemo-2-couverture-simulation.jpg\" data-elementor-open-lightbox=\"yes\" data-elementor-lightbox-title=\"Little Nemo in Slumberland - II -\" data-lbwps-width=\"980\" data-lbwps-height=\"700\" data-lbwps-srcsmall=\"https:\/\/conspiration-editions.com\/wp-content\/uploads\/2022\/10\/little-nemo-2-couverture-simulation.jpg\">\n\t\t\t\t\t\t\t<img loading=\"lazy\" decoding=\"async\" width=\"750\" height=\"536\" src=\"https:\/\/conspiration-editions.com\/wp-content\/uploads\/2022\/10\/little-nemo-2-couverture-simulation.jpg\" class=\"attachment-large size-large\" alt=\"Little Nemo in Slumberland - II -\" srcset=\"https:\/\/conspiration-editions.com\/wp-content\/uploads\/2022\/10\/little-nemo-2-couverture-simulation.jpg 980w, https:\/\/conspiration-editions.com\/wp-content\/uploads\/2022\/10\/little-nemo-2-couverture-simulation-300x214.jpg 300w, https:\/\/conspiration-editions.com\/wp-content\/uploads\/2022\/10\/little-nemo-2-couverture-simulation-768x549.jpg 768w, https:\/\/conspiration-editions.com\/wp-content\/uploads\/2022\/10\/little-nemo-2-couverture-simulation-230x164.jpg 230w, https:\/\/conspiration-editions.com\/wp-content\/uploads\/2022\/10\/little-nemo-2-couverture-simulation-600x429.jpg 600w\" sizes=\"(max-width: 750px) 100vw, 750px\" \/>\t\t\t\t\t\t\t\t<\/a>\n\t\t\t\t\t\t\t\t\t\t\t<\/div>\n\t\t\t\t<\/div>\n\t\t\t\t<\/div>\n\t\t\t\t\t\t<\/div>\n\t\t\t\t\t<\/div>\n\t\t<\/div>\n\t\t\t\t\t\t\t\t<\/div>\n\t\t\t\t\t<\/div>\n\t\t<\/section>\n\t\t\t\t<section class=\"elementor-section elementor-top-section elementor-element elementor-element-8071e15 elementor-section-boxed elementor-section-height-default elementor-section-height-default\" data-id=\"8071e15\" data-element_type=\"section\">\n\t\t\t\t\t\t<div class=\"elementor-container elementor-column-gap-default\">\n\t\t\t\t\t\t\t<div class=\"elementor-row\">\n\t\t\t\t\t<div class=\"elementor-column elementor-col-100 elementor-top-column elementor-element elementor-element-aa9fa5e\" data-id=\"aa9fa5e\" data-element_type=\"column\">\n\t\t\t<div class=\"elementor-column-wrap elementor-element-populated\">\n\t\t\t\t\t\t\t<div class=\"elementor-widget-wrap\">\n\t\t\t\t\t\t<div class=\"elementor-element elementor-element-b571fea elementor-widget elementor-widget-text-editor\" data-id=\"b571fea\" data-element_type=\"widget\" data-widget_type=\"text-editor.default\">\n\t\t\t\t<div class=\"elementor-widget-container\">\n\t\t\t\t\t<div class=\"elementor-text-editor elementor-clearfix\"><p><strong>R\u00e9sum\u00e9 :<\/strong><\/p><\/div>\n\t\t\t\t<\/div>\n\t\t\t\t<\/div>\n\t\t\t\t\t\t<\/div>\n\t\t\t\t\t<\/div>\n\t\t<\/div>\n\t\t\t\t\t\t\t\t<\/div>\n\t\t\t\t\t<\/div>\n\t\t<\/section>\n\t\t\t\t<section class=\"elementor-section elementor-top-section elementor-element elementor-element-ca46b3e elementor-section-boxed elementor-section-height-default elementor-section-height-default\" data-id=\"ca46b3e\" data-element_type=\"section\">\n\t\t\t\t\t\t<div class=\"elementor-container elementor-column-gap-default\">\n\t\t\t\t\t\t\t<div class=\"elementor-row\">\n\t\t\t\t\t<div class=\"elementor-column elementor-col-100 elementor-top-column elementor-element elementor-element-c703ceb\" data-id=\"c703ceb\" data-element_type=\"column\">\n\t\t\t<div class=\"elementor-column-wrap elementor-element-populated\">\n\t\t\t\t\t\t\t<div class=\"elementor-widget-wrap\">\n\t\t\t\t\t\t<div class=\"elementor-element elementor-element-0b6bb65 elementor-widget elementor-widget-text-editor\" data-id=\"0b6bb65\" data-element_type=\"widget\" data-widget_type=\"text-editor.default\">\n\t\t\t\t<div class=\"elementor-widget-container\">\n\t\t\t\t\t<div class=\"elementor-text-editor elementor-clearfix\"><p>Cette bande dessin\u00e9e consid\u00e9r\u00e9e comme faisant partie des \u0153uvres mondiales majeures en ce domaine a \u00e9t\u00e9 publi\u00e9e d\u2019octobre 1905 \u00e0 avril 1911 dans le quotidien New York Herald sous le nom de <em>Little Nemo in Slumberland<\/em>. Winsor McCay est alors au sommet de son art et il d\u00e9veloppe un univers radicalement avant-gardiste o\u00f9 se m\u00ealent pays des songes hant\u00e9s par les lectures de Freud, bestiaire fantastique, architectures utopiques inspir\u00e9es par l\u2019Art Nouveau, libert\u00e9s narratives, audaces graphiques et mise en page r\u00e9solument novatrice. Apr\u00e8s le succ\u00e8s du premier, voici le deuxi\u00e8me tome de ce projet qui vise \u00e0 publier l\u2019ensemble de cette \u0153uvre dans une version restaur\u00e9e en couleur et dans une nouvelle traduction, une premi\u00e8re en France\u00a0!<\/p><p><span itemprop=\"description\">\u00a0<\/span><\/p><\/div>\n\t\t\t\t<\/div>\n\t\t\t\t<\/div>\n\t\t\t\t\t\t<\/div>\n\t\t\t\t\t<\/div>\n\t\t<\/div>\n\t\t\t\t\t\t\t\t<\/div>\n\t\t\t\t\t<\/div>\n\t\t<\/section>\n\t\t\t\t<section class=\"elementor-section elementor-top-section elementor-element elementor-element-dae6229 elementor-section-boxed elementor-section-height-default elementor-section-height-default\" data-id=\"dae6229\" data-element_type=\"section\">\n\t\t\t\t\t\t<div class=\"elementor-container elementor-column-gap-default\">\n\t\t\t\t\t\t\t<div class=\"elementor-row\">\n\t\t\t\t\t<div class=\"elementor-column elementor-col-100 elementor-top-column elementor-element elementor-element-779abce\" data-id=\"779abce\" data-element_type=\"column\">\n\t\t\t<div class=\"elementor-column-wrap elementor-element-populated\">\n\t\t\t\t\t\t\t<div class=\"elementor-widget-wrap\">\n\t\t\t\t\t\t<div class=\"elementor-element elementor-element-6587a7b elementor-widget elementor-widget-text-editor\" data-id=\"6587a7b\" data-element_type=\"widget\" data-widget_type=\"text-editor.default\">\n\t\t\t\t<div class=\"elementor-widget-container\">\n\t\t\t\t\t<div class=\"elementor-text-editor elementor-clearfix\"><p><strong>L&rsquo;auteur :<br \/><\/strong><\/p><\/div>\n\t\t\t\t<\/div>\n\t\t\t\t<\/div>\n\t\t\t\t\t\t<\/div>\n\t\t\t\t\t<\/div>\n\t\t<\/div>\n\t\t\t\t\t\t\t\t<\/div>\n\t\t\t\t\t<\/div>\n\t\t<\/section>\n\t\t\t\t<section class=\"elementor-section elementor-top-section elementor-element elementor-element-009aca7 elementor-section-boxed elementor-section-height-default elementor-section-height-default\" data-id=\"009aca7\" data-element_type=\"section\">\n\t\t\t\t\t\t<div class=\"elementor-container elementor-column-gap-default\">\n\t\t\t\t\t\t\t<div class=\"elementor-row\">\n\t\t\t\t\t<div class=\"elementor-column elementor-col-100 elementor-top-column elementor-element elementor-element-cc2bde2\" data-id=\"cc2bde2\" data-element_type=\"column\">\n\t\t\t<div class=\"elementor-column-wrap elementor-element-populated\">\n\t\t\t\t\t\t\t<div class=\"elementor-widget-wrap\">\n\t\t\t\t\t\t<div class=\"elementor-element elementor-element-15a82e0 elementor-widget elementor-widget-text-editor\" data-id=\"15a82e0\" data-element_type=\"widget\" data-widget_type=\"text-editor.default\">\n\t\t\t\t<div class=\"elementor-widget-container\">\n\t\t\t\t\t<div class=\"elementor-text-editor elementor-clearfix\"><p><strong><img loading=\"lazy\" decoding=\"async\" src=\"https:\/\/conspiration-editions.com\/wp-content\/uploads\/2021\/03\/Winsor_McCay_1906_with_cigarette-206x300.jpg\" alt=\"Winsor McCay\" class=\"alignleft wp-image-1317\" title=\"Winsor McCay\" width=\"161\" height=\"235\" srcset=\"https:\/\/conspiration-editions.com\/wp-content\/uploads\/2021\/03\/Winsor_McCay_1906_with_cigarette-206x300.jpg 206w, https:\/\/conspiration-editions.com\/wp-content\/uploads\/2021\/03\/Winsor_McCay_1906_with_cigarette-230x335.jpg 230w, https:\/\/conspiration-editions.com\/wp-content\/uploads\/2021\/03\/Winsor_McCay_1906_with_cigarette.jpg 370w\" sizes=\"(max-width: 161px) 100vw, 161px\" \/>Winsor McCay<br \/><\/strong><\/p><p><span>N\u00e9 entre 1867 et 1871, selon les sources, Winsor McCAY est l\u2019un des plus grands b\u00e9d\u00e9istes. Enfant, Winsor McCay tra\u00e7a sur une vitre gel\u00e9e avec un clou ramass\u00e9 \u00e0 terre son premier dessin cauchemardesque\u00a0: la maison de ses parents en feu.<\/span><span>\u00a0\u00a0<\/span><span>Son \u0153uvre a inspir\u00e9 de nombreux dessinateurs comme Moebius, Miyazaki ou encore Frank Quitely. Il est aussi un pionnier du cin\u00e9ma d&rsquo;animation et influencera les premiers films de Walt Disney, Max Fleischer ou Osamu Tezuka<\/span><\/p><\/div>\n\t\t\t\t<\/div>\n\t\t\t\t<\/div>\n\t\t\t\t\t\t<\/div>\n\t\t\t\t\t<\/div>\n\t\t<\/div>\n\t\t\t\t\t\t\t\t<\/div>\n\t\t\t\t\t<\/div>\n\t\t<\/section>\n\t\t\t\t<section class=\"elementor-section elementor-top-section elementor-element elementor-element-395b149 elementor-section-boxed elementor-section-height-default elementor-section-height-default\" data-id=\"395b149\" data-element_type=\"section\">\n\t\t\t\t\t\t<div class=\"elementor-container elementor-column-gap-default\">\n\t\t\t\t\t\t\t<div class=\"elementor-row\">\n\t\t\t\t\t<div class=\"elementor-column elementor-col-100 elementor-top-column elementor-element elementor-element-18986ac\" data-id=\"18986ac\" data-element_type=\"column\">\n\t\t\t<div class=\"elementor-column-wrap elementor-element-populated\">\n\t\t\t\t\t\t\t<div class=\"elementor-widget-wrap\">\n\t\t\t\t\t\t<div class=\"elementor-element elementor-element-a1c7802 elementor-widget elementor-widget-spacer\" data-id=\"a1c7802\" data-element_type=\"widget\" data-widget_type=\"spacer.default\">\n\t\t\t\t<div class=\"elementor-widget-container\">\n\t\t\t\t\t<div class=\"elementor-spacer\">\n\t\t\t<div class=\"elementor-spacer-inner\"><\/div>\n\t\t<\/div>\n\t\t\t\t<\/div>\n\t\t\t\t<\/div>\n\t\t\t\t\t\t<\/div>\n\t\t\t\t\t<\/div>\n\t\t<\/div>\n\t\t\t\t\t\t\t\t<\/div>\n\t\t\t\t\t<\/div>\n\t\t<\/section>\n\t\t\t\t\t\t<\/div>\n\t\t\t\t\t\t<\/div>\n\t\t\t\t\t<\/div>","protected":false},"excerpt":{"rendered":"<p>Little Nemo in Slumberland &#8211; II Winsor McCay L&rsquo;image \/ trois Rupture de stock Date de parution : 16 novembre 2021110 pages &#8211; 220&#215;290 mmISBN : 979-10-95550-24-2 R\u00e9sum\u00e9 : Cette bande dessin\u00e9e consid\u00e9r\u00e9e comme faisant partie des \u0153uvres mondiales majeures en ce domaine a \u00e9t\u00e9 publi\u00e9e d\u2019octobre 1905 \u00e0 avril [&hellip;]<\/p>","protected":false},"author":1,"featured_media":0,"parent":0,"menu_order":0,"comment_status":"closed","ping_status":"closed","template":"","meta":{"footnotes":""},"yoast_head":"<!-- This site is optimized with the Yoast SEO plugin v22.9 - https:\/\/yoast.com\/wordpress\/plugins\/seo\/ -->\n<title>Little Nemo in Slumberland -2- Conspiration | \u00c9ditions<\/title>\n<meta name=\"description\" content=\"100 nouvelles planches couvrant la p\u00e9riode 1907-1909, dans une version restaur\u00e9e et dans une nouvelle traduction.\" \/>\n<meta name=\"robots\" content=\"index, follow, max-snippet:-1, max-image-preview:large, max-video-preview:-1\" \/>\n<link rel=\"canonical\" href=\"https:\/\/conspiration-editions.com\/en\/little-nemo-in-slumberland-2\/\" \/>\n<meta property=\"og:locale\" content=\"en_US\" \/>\n<meta property=\"og:type\" content=\"article\" \/>\n<meta property=\"og:title\" content=\"Little Nemo in Slumberland -2- Conspiration | \u00c9ditions\" \/>\n<meta property=\"og:description\" content=\"100 nouvelles planches couvrant la p\u00e9riode 1907-1909, dans une version restaur\u00e9e et dans une nouvelle traduction.\" \/>\n<meta property=\"og:url\" content=\"https:\/\/conspiration-editions.com\/en\/little-nemo-in-slumberland-2\/\" \/>\n<meta property=\"og:site_name\" content=\"Conspiration | \u00c9ditions\" \/>\n<meta property=\"og:image\" content=\"https:\/\/conspiration-editions.com\/wp-content\/uploads\/2022\/10\/little-nemo-2-couverture-simulation.jpg\" \/>\n<meta name=\"twitter:card\" content=\"summary_large_image\" \/>\n<meta name=\"twitter:label1\" content=\"Est. reading time\" \/>\n\t<meta name=\"twitter:data1\" content=\"2 minutes\" \/>\n<script type=\"application\/ld+json\" class=\"yoast-schema-graph\">{\"@context\":\"https:\/\/schema.org\",\"@graph\":[{\"@type\":\"WebPage\",\"@id\":\"https:\/\/conspiration-editions.com\/little-nemo-in-slumberland-2\/\",\"url\":\"https:\/\/conspiration-editions.com\/little-nemo-in-slumberland-2\/\",\"name\":\"Little Nemo in Slumberland -2- Conspiration | \u00c9ditions\",\"isPartOf\":{\"@id\":\"https:\/\/conspiration-editions.com\/#website\"},\"primaryImageOfPage\":{\"@id\":\"https:\/\/conspiration-editions.com\/little-nemo-in-slumberland-2\/#primaryimage\"},\"image\":{\"@id\":\"https:\/\/conspiration-editions.com\/little-nemo-in-slumberland-2\/#primaryimage\"},\"thumbnailUrl\":\"https:\/\/conspiration-editions.com\/wp-content\/uploads\/2022\/10\/little-nemo-2-couverture-simulation.jpg\",\"datePublished\":\"2026-02-27T09:29:55+00:00\",\"dateModified\":\"2026-02-27T09:29:55+00:00\",\"description\":\"100 nouvelles planches couvrant la p\u00e9riode 1907-1909, dans une version restaur\u00e9e et dans une nouvelle traduction.\",\"breadcrumb\":{\"@id\":\"https:\/\/conspiration-editions.com\/little-nemo-in-slumberland-2\/#breadcrumb\"},\"inLanguage\":\"en-US\",\"potentialAction\":[{\"@type\":\"ReadAction\",\"target\":[\"https:\/\/conspiration-editions.com\/little-nemo-in-slumberland-2\/\"]}]},{\"@type\":\"ImageObject\",\"inLanguage\":\"en-US\",\"@id\":\"https:\/\/conspiration-editions.com\/little-nemo-in-slumberland-2\/#primaryimage\",\"url\":\"https:\/\/conspiration-editions.com\/wp-content\/uploads\/2022\/10\/little-nemo-2-couverture-simulation.jpg\",\"contentUrl\":\"https:\/\/conspiration-editions.com\/wp-content\/uploads\/2022\/10\/little-nemo-2-couverture-simulation.jpg\"},{\"@type\":\"BreadcrumbList\",\"@id\":\"https:\/\/conspiration-editions.com\/little-nemo-in-slumberland-2\/#breadcrumb\",\"itemListElement\":[{\"@type\":\"ListItem\",\"position\":1,\"name\":\"Accueil\",\"item\":\"https:\/\/conspiration-editions.com\/\"},{\"@type\":\"ListItem\",\"position\":2,\"name\":\"Little Nemo in Slumberland -2-\"}]},{\"@type\":\"WebSite\",\"@id\":\"https:\/\/conspiration-editions.com\/#website\",\"url\":\"https:\/\/conspiration-editions.com\/\",\"name\":\"Conspiration | \u00c9ditions\",\"description\":\"\",\"publisher\":{\"@id\":\"https:\/\/conspiration-editions.com\/#organization\"},\"potentialAction\":[{\"@type\":\"SearchAction\",\"target\":{\"@type\":\"EntryPoint\",\"urlTemplate\":\"https:\/\/conspiration-editions.com\/?s={search_term_string}\"},\"query-input\":\"required name=search_term_string\"}],\"inLanguage\":\"en-US\"},{\"@type\":\"Organization\",\"@id\":\"https:\/\/conspiration-editions.com\/#organization\",\"name\":\"Conspiration | \u00c9ditions\",\"url\":\"https:\/\/conspiration-editions.com\/\",\"logo\":{\"@type\":\"ImageObject\",\"inLanguage\":\"en-US\",\"@id\":\"https:\/\/conspiration-editions.com\/#\/schema\/logo\/image\/\",\"url\":\"https:\/\/conspiration-editions.com\/wp-content\/uploads\/2021\/01\/cropped-cropped-cropped-logo-editions.png\",\"contentUrl\":\"https:\/\/conspiration-editions.com\/wp-content\/uploads\/2021\/01\/cropped-cropped-cropped-logo-editions.png\",\"width\":574,\"height\":100,\"caption\":\"Conspiration | \u00c9ditions\"},\"image\":{\"@id\":\"https:\/\/conspiration-editions.com\/#\/schema\/logo\/image\/\"}}]}<\/script>\n<!-- \/ Yoast SEO plugin. -->","yoast_head_json":{"title":"Little Nemo in Slumberland -2- Conspiration | \u00c9ditions","description":"100 nouvelles planches couvrant la p\u00e9riode 1907-1909, dans une version restaur\u00e9e et dans une nouvelle traduction.","robots":{"index":"index","follow":"follow","max-snippet":"max-snippet:-1","max-image-preview":"max-image-preview:large","max-video-preview":"max-video-preview:-1"},"canonical":"https:\/\/conspiration-editions.com\/en\/little-nemo-in-slumberland-2\/","og_locale":"en_US","og_type":"article","og_title":"Little Nemo in Slumberland -2- Conspiration | \u00c9ditions","og_description":"100 nouvelles planches couvrant la p\u00e9riode 1907-1909, dans une version restaur\u00e9e et dans une nouvelle traduction.","og_url":"https:\/\/conspiration-editions.com\/en\/little-nemo-in-slumberland-2\/","og_site_name":"Conspiration | \u00c9ditions","og_image":[{"url":"https:\/\/conspiration-editions.com\/wp-content\/uploads\/2022\/10\/little-nemo-2-couverture-simulation.jpg"}],"twitter_card":"summary_large_image","twitter_misc":{"Est. reading time":"2 minutes"},"schema":{"@context":"https:\/\/schema.org","@graph":[{"@type":"WebPage","@id":"https:\/\/conspiration-editions.com\/little-nemo-in-slumberland-2\/","url":"https:\/\/conspiration-editions.com\/little-nemo-in-slumberland-2\/","name":"Little Nemo in Slumberland -2- Conspiration | \u00c9ditions","isPartOf":{"@id":"https:\/\/conspiration-editions.com\/#website"},"primaryImageOfPage":{"@id":"https:\/\/conspiration-editions.com\/little-nemo-in-slumberland-2\/#primaryimage"},"image":{"@id":"https:\/\/conspiration-editions.com\/little-nemo-in-slumberland-2\/#primaryimage"},"thumbnailUrl":"https:\/\/conspiration-editions.com\/wp-content\/uploads\/2022\/10\/little-nemo-2-couverture-simulation.jpg","datePublished":"2026-02-27T09:29:55+00:00","dateModified":"2026-02-27T09:29:55+00:00","description":"100 nouvelles planches couvrant la p\u00e9riode 1907-1909, dans une version restaur\u00e9e et dans une nouvelle traduction.","breadcrumb":{"@id":"https:\/\/conspiration-editions.com\/little-nemo-in-slumberland-2\/#breadcrumb"},"inLanguage":"en-US","potentialAction":[{"@type":"ReadAction","target":["https:\/\/conspiration-editions.com\/little-nemo-in-slumberland-2\/"]}]},{"@type":"ImageObject","inLanguage":"en-US","@id":"https:\/\/conspiration-editions.com\/little-nemo-in-slumberland-2\/#primaryimage","url":"https:\/\/conspiration-editions.com\/wp-content\/uploads\/2022\/10\/little-nemo-2-couverture-simulation.jpg","contentUrl":"https:\/\/conspiration-editions.com\/wp-content\/uploads\/2022\/10\/little-nemo-2-couverture-simulation.jpg"},{"@type":"BreadcrumbList","@id":"https:\/\/conspiration-editions.com\/little-nemo-in-slumberland-2\/#breadcrumb","itemListElement":[{"@type":"ListItem","position":1,"name":"Accueil","item":"https:\/\/conspiration-editions.com\/"},{"@type":"ListItem","position":2,"name":"Little Nemo in Slumberland -2-"}]},{"@type":"WebSite","@id":"https:\/\/conspiration-editions.com\/#website","url":"https:\/\/conspiration-editions.com\/","name":"Conspiration | \u00c9ditions","description":"","publisher":{"@id":"https:\/\/conspiration-editions.com\/#organization"},"potentialAction":[{"@type":"SearchAction","target":{"@type":"EntryPoint","urlTemplate":"https:\/\/conspiration-editions.com\/?s={search_term_string}"},"query-input":"required name=search_term_string"}],"inLanguage":"en-US"},{"@type":"Organization","@id":"https:\/\/conspiration-editions.com\/#organization","name":"Conspiration | \u00c9ditions","url":"https:\/\/conspiration-editions.com\/","logo":{"@type":"ImageObject","inLanguage":"en-US","@id":"https:\/\/conspiration-editions.com\/#\/schema\/logo\/image\/","url":"https:\/\/conspiration-editions.com\/wp-content\/uploads\/2021\/01\/cropped-cropped-cropped-logo-editions.png","contentUrl":"https:\/\/conspiration-editions.com\/wp-content\/uploads\/2021\/01\/cropped-cropped-cropped-logo-editions.png","width":574,"height":100,"caption":"Conspiration | \u00c9ditions"},"image":{"@id":"https:\/\/conspiration-editions.com\/#\/schema\/logo\/image\/"}}]}},"_links":{"self":[{"href":"https:\/\/conspiration-editions.com\/en\/wp-json\/wp\/v2\/pages\/3574"}],"collection":[{"href":"https:\/\/conspiration-editions.com\/en\/wp-json\/wp\/v2\/pages"}],"about":[{"href":"https:\/\/conspiration-editions.com\/en\/wp-json\/wp\/v2\/types\/page"}],"author":[{"embeddable":true,"href":"https:\/\/conspiration-editions.com\/en\/wp-json\/wp\/v2\/users\/1"}],"replies":[{"embeddable":true,"href":"https:\/\/conspiration-editions.com\/en\/wp-json\/wp\/v2\/comments?post=3574"}],"version-history":[{"count":46,"href":"https:\/\/conspiration-editions.com\/en\/wp-json\/wp\/v2\/pages\/3574\/revisions"}],"predecessor-version":[{"id":11505,"href":"https:\/\/conspiration-editions.com\/en\/wp-json\/wp\/v2\/pages\/3574\/revisions\/11505"}],"wp:attachment":[{"href":"https:\/\/conspiration-editions.com\/en\/wp-json\/wp\/v2\/media?parent=3574"}],"curies":[{"name":"wp","href":"https:\/\/api.w.org\/{rel}","templated":true}]}}