{"id":3390,"date":"2026-02-27T10:27:46","date_gmt":"2026-02-27T09:27:46","guid":{"rendered":"https:\/\/conspiration-editions.com\/?page_id=3390"},"modified":"2026-02-27T10:27:46","modified_gmt":"2026-02-27T09:27:46","slug":"article-jean-luc-le-tenia-3","status":"publish","type":"page","link":"https:\/\/conspiration-editions.com\/en\/article-jean-luc-le-tenia-3\/","title":{"rendered":"Article &#8211; Jean-Luc Le T\u00e9nia"},"content":{"rendered":"<div data-elementor-type=\"wp-page\" data-elementor-id=\"3390\" class=\"elementor elementor-3390\" data-elementor-settings=\"[]\">\n\t\t\t\t\t\t<div class=\"elementor-inner\">\n\t\t\t\t\t\t\t<div class=\"elementor-section-wrap\">\n\t\t\t\t\t\t\t<section class=\"elementor-section elementor-top-section elementor-element elementor-element-ce1488b elementor-section-boxed elementor-section-height-default elementor-section-height-default\" data-id=\"ce1488b\" data-element_type=\"section\">\n\t\t\t\t\t\t<div class=\"elementor-container elementor-column-gap-default\">\n\t\t\t\t\t\t\t<div class=\"elementor-row\">\n\t\t\t\t\t<div class=\"elementor-column elementor-col-100 elementor-top-column elementor-element elementor-element-1525504\" data-id=\"1525504\" data-element_type=\"column\">\n\t\t\t<div class=\"elementor-column-wrap elementor-element-populated\">\n\t\t\t\t\t\t\t<div class=\"elementor-widget-wrap\">\n\t\t\t\t\t\t<div class=\"elementor-element elementor-element-a71b013 elementor-widget elementor-widget-image\" data-id=\"a71b013\" data-element_type=\"widget\" data-widget_type=\"image.default\">\n\t\t\t\t<div class=\"elementor-widget-container\">\n\t\t\t\t\t<div class=\"elementor-image\">\n\t\t\t\t\t\t\t\t\t\t<img loading=\"lazy\" decoding=\"async\" width=\"2083\" height=\"2560\" src=\"https:\/\/conspiration-editions.com\/wp-content\/uploads\/2021\/10\/2020-08-04-liberation-1-scaled.jpg\" class=\"attachment-full size-full\" alt=\"\" srcset=\"https:\/\/conspiration-editions.com\/wp-content\/uploads\/2021\/10\/2020-08-04-liberation-1-scaled.jpg 2083w, https:\/\/conspiration-editions.com\/wp-content\/uploads\/2021\/10\/2020-08-04-liberation-1-244x300.jpg 244w, https:\/\/conspiration-editions.com\/wp-content\/uploads\/2021\/10\/2020-08-04-liberation-1-833x1024.jpg 833w, https:\/\/conspiration-editions.com\/wp-content\/uploads\/2021\/10\/2020-08-04-liberation-1-768x944.jpg 768w, https:\/\/conspiration-editions.com\/wp-content\/uploads\/2021\/10\/2020-08-04-liberation-1-1250x1536.jpg 1250w, https:\/\/conspiration-editions.com\/wp-content\/uploads\/2021\/10\/2020-08-04-liberation-1-1666x2048.jpg 1666w, https:\/\/conspiration-editions.com\/wp-content\/uploads\/2021\/10\/2020-08-04-liberation-1-230x283.jpg 230w, https:\/\/conspiration-editions.com\/wp-content\/uploads\/2021\/10\/2020-08-04-liberation-1-600x738.jpg 600w\" sizes=\"(max-width: 2083px) 100vw, 2083px\" \/>\t\t\t\t\t\t\t\t\t\t\t<\/div>\n\t\t\t\t<\/div>\n\t\t\t\t<\/div>\n\t\t\t\t\t\t<\/div>\n\t\t\t\t\t<\/div>\n\t\t<\/div>\n\t\t\t\t\t\t\t\t<\/div>\n\t\t\t\t\t<\/div>\n\t\t<\/section>\n\t\t\t\t<section class=\"elementor-section elementor-top-section elementor-element elementor-element-d34f277 elementor-section-boxed elementor-section-height-default elementor-section-height-default\" data-id=\"d34f277\" data-element_type=\"section\">\n\t\t\t\t\t\t<div class=\"elementor-container elementor-column-gap-default\">\n\t\t\t\t\t\t\t<div class=\"elementor-row\">\n\t\t\t\t\t<div class=\"elementor-column elementor-col-100 elementor-top-column elementor-element elementor-element-fe27a76\" data-id=\"fe27a76\" data-element_type=\"column\">\n\t\t\t<div class=\"elementor-column-wrap elementor-element-populated\">\n\t\t\t\t\t\t\t<div class=\"elementor-widget-wrap\">\n\t\t\t\t\t\t<div class=\"elementor-element elementor-element-71c7c66 elementor-widget elementor-widget-image\" data-id=\"71c7c66\" data-element_type=\"widget\" data-widget_type=\"image.default\">\n\t\t\t\t<div class=\"elementor-widget-container\">\n\t\t\t\t\t<div class=\"elementor-image\">\n\t\t\t\t\t\t\t\t\t\t<img loading=\"lazy\" decoding=\"async\" width=\"2084\" height=\"2560\" src=\"https:\/\/conspiration-editions.com\/wp-content\/uploads\/2021\/10\/2020-08-04-liberation-2-scaled.jpg\" class=\"attachment-full size-full\" alt=\"\" srcset=\"https:\/\/conspiration-editions.com\/wp-content\/uploads\/2021\/10\/2020-08-04-liberation-2-scaled.jpg 2084w, https:\/\/conspiration-editions.com\/wp-content\/uploads\/2021\/10\/2020-08-04-liberation-2-244x300.jpg 244w, https:\/\/conspiration-editions.com\/wp-content\/uploads\/2021\/10\/2020-08-04-liberation-2-834x1024.jpg 834w, https:\/\/conspiration-editions.com\/wp-content\/uploads\/2021\/10\/2020-08-04-liberation-2-768x943.jpg 768w, https:\/\/conspiration-editions.com\/wp-content\/uploads\/2021\/10\/2020-08-04-liberation-2-1250x1536.jpg 1250w, https:\/\/conspiration-editions.com\/wp-content\/uploads\/2021\/10\/2020-08-04-liberation-2-1667x2048.jpg 1667w, https:\/\/conspiration-editions.com\/wp-content\/uploads\/2021\/10\/2020-08-04-liberation-2-230x283.jpg 230w, https:\/\/conspiration-editions.com\/wp-content\/uploads\/2021\/10\/2020-08-04-liberation-2-600x737.jpg 600w\" sizes=\"(max-width: 2084px) 100vw, 2084px\" \/>\t\t\t\t\t\t\t\t\t\t\t<\/div>\n\t\t\t\t<\/div>\n\t\t\t\t<\/div>\n\t\t\t\t\t\t<\/div>\n\t\t\t\t\t<\/div>\n\t\t<\/div>\n\t\t\t\t\t\t\t\t<\/div>\n\t\t\t\t\t<\/div>\n\t\t<\/section>\n\t\t\t\t<section class=\"elementor-section elementor-top-section elementor-element elementor-element-7aa2877 elementor-section-boxed elementor-section-height-default elementor-section-height-default\" data-id=\"7aa2877\" data-element_type=\"section\">\n\t\t\t\t\t\t<div class=\"elementor-container elementor-column-gap-default\">\n\t\t\t\t\t\t\t<div class=\"elementor-row\">\n\t\t\t\t\t<div class=\"elementor-column elementor-col-100 elementor-top-column elementor-element elementor-element-75d9841\" data-id=\"75d9841\" data-element_type=\"column\">\n\t\t\t<div class=\"elementor-column-wrap elementor-element-populated\">\n\t\t\t\t\t\t\t<div class=\"elementor-widget-wrap\">\n\t\t\t\t\t\t<div class=\"elementor-element elementor-element-4ce1469 elementor-widget elementor-widget-text-editor\" data-id=\"4ce1469\" data-element_type=\"widget\" data-widget_type=\"text-editor.default\">\n\t\t\t\t<div class=\"elementor-widget-container\">\n\t\t\t\t\t<div class=\"elementor-text-editor elementor-clearfix\"><p><span data-offset-key=\"2sad0-0-0\">Article paru dans Lib\u00e9ration<br \/>\u00c9dition du vendredi 4 ao\u00fbt 2020<br \/>Merci \u00e0 Adrien Franque<br \/><\/span><\/p><\/div>\n\t\t\t\t<\/div>\n\t\t\t\t<\/div>\n\t\t\t\t\t\t<\/div>\n\t\t\t\t\t<\/div>\n\t\t<\/div>\n\t\t\t\t\t\t\t\t<\/div>\n\t\t\t\t\t<\/div>\n\t\t<\/section>\n\t\t\t\t\t\t<\/div>\n\t\t\t\t\t\t<\/div>\n\t\t\t\t\t<\/div>","protected":false},"excerpt":{"rendered":"<p>Article paru dans Lib\u00e9ration\u00c9dition du vendredi 4 ao\u00fbt 2020Merci \u00e0 Adrien Franque<\/p>","protected":false},"author":1,"featured_media":0,"parent":0,"menu_order":0,"comment_status":"closed","ping_status":"closed","template":"","meta":{"footnotes":""},"yoast_head":"<!-- This site is optimized with the Yoast SEO plugin v22.9 - https:\/\/yoast.com\/wordpress\/plugins\/seo\/ -->\n<title>Article - Jean-Luc Le T\u00e9nia - Conspiration | \u00c9ditions<\/title>\n<meta name=\"robots\" content=\"index, follow, max-snippet:-1, max-image-preview:large, max-video-preview:-1\" \/>\n<link rel=\"canonical\" href=\"https:\/\/conspiration-editions.com\/en\/article-jean-luc-le-tenia-3\/\" \/>\n<meta property=\"og:locale\" content=\"en_US\" \/>\n<meta property=\"og:type\" content=\"article\" \/>\n<meta property=\"og:title\" content=\"Article - Jean-Luc Le T\u00e9nia - Conspiration | \u00c9ditions\" \/>\n<meta property=\"og:description\" content=\"Article paru dans Lib\u00e9ration\u00c9dition du vendredi 4 ao\u00fbt 2020Merci \u00e0 Adrien Franque\" \/>\n<meta property=\"og:url\" content=\"https:\/\/conspiration-editions.com\/en\/article-jean-luc-le-tenia-3\/\" \/>\n<meta property=\"og:site_name\" content=\"Conspiration | \u00c9ditions\" \/>\n<meta property=\"og:image\" content=\"https:\/\/conspiration-editions.com\/wp-content\/uploads\/2021\/10\/2020-08-04-liberation-1-scaled.jpg\" \/>\n<meta name=\"twitter:card\" content=\"summary_large_image\" \/>\n<script type=\"application\/ld+json\" class=\"yoast-schema-graph\">{\"@context\":\"https:\/\/schema.org\",\"@graph\":[{\"@type\":\"WebPage\",\"@id\":\"https:\/\/conspiration-editions.com\/article-jean-luc-le-tenia-3\/\",\"url\":\"https:\/\/conspiration-editions.com\/article-jean-luc-le-tenia-3\/\",\"name\":\"Article - Jean-Luc Le T\u00e9nia - Conspiration | \u00c9ditions\",\"isPartOf\":{\"@id\":\"https:\/\/conspiration-editions.com\/#website\"},\"primaryImageOfPage\":{\"@id\":\"https:\/\/conspiration-editions.com\/article-jean-luc-le-tenia-3\/#primaryimage\"},\"image\":{\"@id\":\"https:\/\/conspiration-editions.com\/article-jean-luc-le-tenia-3\/#primaryimage\"},\"thumbnailUrl\":\"https:\/\/conspiration-editions.com\/wp-content\/uploads\/2021\/10\/2020-08-04-liberation-1-scaled.jpg\",\"datePublished\":\"2026-02-27T09:27:46+00:00\",\"dateModified\":\"2026-02-27T09:27:46+00:00\",\"breadcrumb\":{\"@id\":\"https:\/\/conspiration-editions.com\/article-jean-luc-le-tenia-3\/#breadcrumb\"},\"inLanguage\":\"en-US\",\"potentialAction\":[{\"@type\":\"ReadAction\",\"target\":[\"https:\/\/conspiration-editions.com\/article-jean-luc-le-tenia-3\/\"]}]},{\"@type\":\"ImageObject\",\"inLanguage\":\"en-US\",\"@id\":\"https:\/\/conspiration-editions.com\/article-jean-luc-le-tenia-3\/#primaryimage\",\"url\":\"https:\/\/conspiration-editions.com\/wp-content\/uploads\/2021\/10\/2020-08-04-liberation-1-scaled.jpg\",\"contentUrl\":\"https:\/\/conspiration-editions.com\/wp-content\/uploads\/2021\/10\/2020-08-04-liberation-1-scaled.jpg\"},{\"@type\":\"BreadcrumbList\",\"@id\":\"https:\/\/conspiration-editions.com\/article-jean-luc-le-tenia-3\/#breadcrumb\",\"itemListElement\":[{\"@type\":\"ListItem\",\"position\":1,\"name\":\"Accueil\",\"item\":\"https:\/\/conspiration-editions.com\/\"},{\"@type\":\"ListItem\",\"position\":2,\"name\":\"Article &#8211; Jean-Luc Le T\u00e9nia\"}]},{\"@type\":\"WebSite\",\"@id\":\"https:\/\/conspiration-editions.com\/#website\",\"url\":\"https:\/\/conspiration-editions.com\/\",\"name\":\"Conspiration | \u00c9ditions\",\"description\":\"\",\"publisher\":{\"@id\":\"https:\/\/conspiration-editions.com\/#organization\"},\"potentialAction\":[{\"@type\":\"SearchAction\",\"target\":{\"@type\":\"EntryPoint\",\"urlTemplate\":\"https:\/\/conspiration-editions.com\/?s={search_term_string}\"},\"query-input\":\"required name=search_term_string\"}],\"inLanguage\":\"en-US\"},{\"@type\":\"Organization\",\"@id\":\"https:\/\/conspiration-editions.com\/#organization\",\"name\":\"Conspiration | \u00c9ditions\",\"url\":\"https:\/\/conspiration-editions.com\/\",\"logo\":{\"@type\":\"ImageObject\",\"inLanguage\":\"en-US\",\"@id\":\"https:\/\/conspiration-editions.com\/#\/schema\/logo\/image\/\",\"url\":\"https:\/\/conspiration-editions.com\/wp-content\/uploads\/2021\/01\/cropped-cropped-cropped-logo-editions.png\",\"contentUrl\":\"https:\/\/conspiration-editions.com\/wp-content\/uploads\/2021\/01\/cropped-cropped-cropped-logo-editions.png\",\"width\":574,\"height\":100,\"caption\":\"Conspiration | \u00c9ditions\"},\"image\":{\"@id\":\"https:\/\/conspiration-editions.com\/#\/schema\/logo\/image\/\"}}]}<\/script>\n<!-- \/ Yoast SEO plugin. -->","yoast_head_json":{"title":"Article - Jean-Luc Le T\u00e9nia - Conspiration | \u00c9ditions","robots":{"index":"index","follow":"follow","max-snippet":"max-snippet:-1","max-image-preview":"max-image-preview:large","max-video-preview":"max-video-preview:-1"},"canonical":"https:\/\/conspiration-editions.com\/en\/article-jean-luc-le-tenia-3\/","og_locale":"en_US","og_type":"article","og_title":"Article - Jean-Luc Le T\u00e9nia - Conspiration | \u00c9ditions","og_description":"Article paru dans Lib\u00e9ration\u00c9dition du vendredi 4 ao\u00fbt 2020Merci \u00e0 Adrien Franque","og_url":"https:\/\/conspiration-editions.com\/en\/article-jean-luc-le-tenia-3\/","og_site_name":"Conspiration | \u00c9ditions","og_image":[{"url":"https:\/\/conspiration-editions.com\/wp-content\/uploads\/2021\/10\/2020-08-04-liberation-1-scaled.jpg"}],"twitter_card":"summary_large_image","schema":{"@context":"https:\/\/schema.org","@graph":[{"@type":"WebPage","@id":"https:\/\/conspiration-editions.com\/article-jean-luc-le-tenia-3\/","url":"https:\/\/conspiration-editions.com\/article-jean-luc-le-tenia-3\/","name":"Article - Jean-Luc Le T\u00e9nia - Conspiration | \u00c9ditions","isPartOf":{"@id":"https:\/\/conspiration-editions.com\/#website"},"primaryImageOfPage":{"@id":"https:\/\/conspiration-editions.com\/article-jean-luc-le-tenia-3\/#primaryimage"},"image":{"@id":"https:\/\/conspiration-editions.com\/article-jean-luc-le-tenia-3\/#primaryimage"},"thumbnailUrl":"https:\/\/conspiration-editions.com\/wp-content\/uploads\/2021\/10\/2020-08-04-liberation-1-scaled.jpg","datePublished":"2026-02-27T09:27:46+00:00","dateModified":"2026-02-27T09:27:46+00:00","breadcrumb":{"@id":"https:\/\/conspiration-editions.com\/article-jean-luc-le-tenia-3\/#breadcrumb"},"inLanguage":"en-US","potentialAction":[{"@type":"ReadAction","target":["https:\/\/conspiration-editions.com\/article-jean-luc-le-tenia-3\/"]}]},{"@type":"ImageObject","inLanguage":"en-US","@id":"https:\/\/conspiration-editions.com\/article-jean-luc-le-tenia-3\/#primaryimage","url":"https:\/\/conspiration-editions.com\/wp-content\/uploads\/2021\/10\/2020-08-04-liberation-1-scaled.jpg","contentUrl":"https:\/\/conspiration-editions.com\/wp-content\/uploads\/2021\/10\/2020-08-04-liberation-1-scaled.jpg"},{"@type":"BreadcrumbList","@id":"https:\/\/conspiration-editions.com\/article-jean-luc-le-tenia-3\/#breadcrumb","itemListElement":[{"@type":"ListItem","position":1,"name":"Accueil","item":"https:\/\/conspiration-editions.com\/"},{"@type":"ListItem","position":2,"name":"Article &#8211; Jean-Luc Le T\u00e9nia"}]},{"@type":"WebSite","@id":"https:\/\/conspiration-editions.com\/#website","url":"https:\/\/conspiration-editions.com\/","name":"Conspiration | \u00c9ditions","description":"","publisher":{"@id":"https:\/\/conspiration-editions.com\/#organization"},"potentialAction":[{"@type":"SearchAction","target":{"@type":"EntryPoint","urlTemplate":"https:\/\/conspiration-editions.com\/?s={search_term_string}"},"query-input":"required name=search_term_string"}],"inLanguage":"en-US"},{"@type":"Organization","@id":"https:\/\/conspiration-editions.com\/#organization","name":"Conspiration | \u00c9ditions","url":"https:\/\/conspiration-editions.com\/","logo":{"@type":"ImageObject","inLanguage":"en-US","@id":"https:\/\/conspiration-editions.com\/#\/schema\/logo\/image\/","url":"https:\/\/conspiration-editions.com\/wp-content\/uploads\/2021\/01\/cropped-cropped-cropped-logo-editions.png","contentUrl":"https:\/\/conspiration-editions.com\/wp-content\/uploads\/2021\/01\/cropped-cropped-cropped-logo-editions.png","width":574,"height":100,"caption":"Conspiration | \u00c9ditions"},"image":{"@id":"https:\/\/conspiration-editions.com\/#\/schema\/logo\/image\/"}}]}},"_links":{"self":[{"href":"https:\/\/conspiration-editions.com\/en\/wp-json\/wp\/v2\/pages\/3390"}],"collection":[{"href":"https:\/\/conspiration-editions.com\/en\/wp-json\/wp\/v2\/pages"}],"about":[{"href":"https:\/\/conspiration-editions.com\/en\/wp-json\/wp\/v2\/types\/page"}],"author":[{"embeddable":true,"href":"https:\/\/conspiration-editions.com\/en\/wp-json\/wp\/v2\/users\/1"}],"replies":[{"embeddable":true,"href":"https:\/\/conspiration-editions.com\/en\/wp-json\/wp\/v2\/comments?post=3390"}],"version-history":[{"count":4,"href":"https:\/\/conspiration-editions.com\/en\/wp-json\/wp\/v2\/pages\/3390\/revisions"}],"predecessor-version":[{"id":3396,"href":"https:\/\/conspiration-editions.com\/en\/wp-json\/wp\/v2\/pages\/3390\/revisions\/3396"}],"wp:attachment":[{"href":"https:\/\/conspiration-editions.com\/en\/wp-json\/wp\/v2\/media?parent=3390"}],"curies":[{"name":"wp","href":"https:\/\/api.w.org\/{rel}","templated":true}]}}