{"id":3384,"date":"2026-02-27T10:27:46","date_gmt":"2026-02-27T09:27:46","guid":{"rendered":"https:\/\/conspiration-editions.com\/?page_id=3384"},"modified":"2026-02-27T10:27:46","modified_gmt":"2026-02-27T09:27:46","slug":"article-jean-luc-le-tenia-2","status":"publish","type":"page","link":"https:\/\/conspiration-editions.com\/en\/article-jean-luc-le-tenia-2\/","title":{"rendered":"Article &#8211; Jean-Luc Le T\u00e9nia"},"content":{"rendered":"<div data-elementor-type=\"wp-page\" data-elementor-id=\"3384\" class=\"elementor elementor-3384\" data-elementor-settings=\"[]\">\n\t\t\t\t\t\t<div class=\"elementor-inner\">\n\t\t\t\t\t\t\t<div class=\"elementor-section-wrap\">\n\t\t\t\t\t\t\t<section class=\"elementor-section elementor-top-section elementor-element elementor-element-2477f80 elementor-section-boxed elementor-section-height-default elementor-section-height-default\" data-id=\"2477f80\" data-element_type=\"section\">\n\t\t\t\t\t\t<div class=\"elementor-container elementor-column-gap-default\">\n\t\t\t\t\t\t\t<div class=\"elementor-row\">\n\t\t\t\t\t<div class=\"elementor-column elementor-col-100 elementor-top-column elementor-element elementor-element-4ce0581\" data-id=\"4ce0581\" data-element_type=\"column\">\n\t\t\t<div class=\"elementor-column-wrap elementor-element-populated\">\n\t\t\t\t\t\t\t<div class=\"elementor-widget-wrap\">\n\t\t\t\t\t\t<div class=\"elementor-element elementor-element-2a4db82 elementor-widget elementor-widget-image\" data-id=\"2a4db82\" data-element_type=\"widget\" data-widget_type=\"image.default\">\n\t\t\t\t<div class=\"elementor-widget-container\">\n\t\t\t\t\t<div class=\"elementor-image\">\n\t\t\t\t\t\t\t\t\t\t<img loading=\"lazy\" decoding=\"async\" width=\"744\" height=\"525\" src=\"https:\/\/conspiration-editions.com\/wp-content\/uploads\/2021\/10\/2017-04-14-le-maine-libre.jpg\" class=\"attachment-full size-full\" alt=\"\" srcset=\"https:\/\/conspiration-editions.com\/wp-content\/uploads\/2021\/10\/2017-04-14-le-maine-libre.jpg 744w, https:\/\/conspiration-editions.com\/wp-content\/uploads\/2021\/10\/2017-04-14-le-maine-libre-300x212.jpg 300w, https:\/\/conspiration-editions.com\/wp-content\/uploads\/2021\/10\/2017-04-14-le-maine-libre-230x162.jpg 230w, https:\/\/conspiration-editions.com\/wp-content\/uploads\/2021\/10\/2017-04-14-le-maine-libre-600x423.jpg 600w\" sizes=\"(max-width: 744px) 100vw, 744px\" \/>\t\t\t\t\t\t\t\t\t\t\t<\/div>\n\t\t\t\t<\/div>\n\t\t\t\t<\/div>\n\t\t\t\t\t\t<\/div>\n\t\t\t\t\t<\/div>\n\t\t<\/div>\n\t\t\t\t\t\t\t\t<\/div>\n\t\t\t\t\t<\/div>\n\t\t<\/section>\n\t\t\t\t<section class=\"elementor-section elementor-top-section elementor-element elementor-element-bae3997 elementor-section-boxed elementor-section-height-default elementor-section-height-default\" data-id=\"bae3997\" data-element_type=\"section\">\n\t\t\t\t\t\t<div class=\"elementor-container elementor-column-gap-default\">\n\t\t\t\t\t\t\t<div class=\"elementor-row\">\n\t\t\t\t\t<div class=\"elementor-column elementor-col-100 elementor-top-column elementor-element elementor-element-97a4a24\" data-id=\"97a4a24\" data-element_type=\"column\">\n\t\t\t<div class=\"elementor-column-wrap elementor-element-populated\">\n\t\t\t\t\t\t\t<div class=\"elementor-widget-wrap\">\n\t\t\t\t\t\t<div class=\"elementor-element elementor-element-1a06c04 elementor-widget elementor-widget-text-editor\" data-id=\"1a06c04\" data-element_type=\"widget\" data-widget_type=\"text-editor.default\">\n\t\t\t\t<div class=\"elementor-widget-container\">\n\t\t\t\t\t<div class=\"elementor-text-editor elementor-clearfix\"><p><span data-offset-key=\"2sad0-0-0\">Article paru dans Le Maine Libre<br \/>\u00c9dition du vendredi 14 avril 2017<br \/>Merci \u00e0 Alexandre Sepr\u00e9<\/span><\/p><\/div>\n\t\t\t\t<\/div>\n\t\t\t\t<\/div>\n\t\t\t\t\t\t<\/div>\n\t\t\t\t\t<\/div>\n\t\t<\/div>\n\t\t\t\t\t\t\t\t<\/div>\n\t\t\t\t\t<\/div>\n\t\t<\/section>\n\t\t\t\t\t\t<\/div>\n\t\t\t\t\t\t<\/div>\n\t\t\t\t\t<\/div>","protected":false},"excerpt":{"rendered":"<p>Article paru dans Le Maine Libre\u00c9dition du vendredi 14 avril 2017Merci \u00e0 Alexandre Sepr\u00e9<\/p>","protected":false},"author":1,"featured_media":0,"parent":0,"menu_order":0,"comment_status":"closed","ping_status":"closed","template":"","meta":{"footnotes":""},"yoast_head":"<!-- This site is optimized with the Yoast SEO plugin v22.9 - https:\/\/yoast.com\/wordpress\/plugins\/seo\/ -->\n<title>Article - Jean-Luc Le T\u00e9nia - Conspiration | \u00c9ditions<\/title>\n<meta name=\"robots\" content=\"index, follow, max-snippet:-1, max-image-preview:large, max-video-preview:-1\" \/>\n<link rel=\"canonical\" href=\"https:\/\/conspiration-editions.com\/en\/article-jean-luc-le-tenia-2\/\" \/>\n<meta property=\"og:locale\" content=\"en_US\" \/>\n<meta property=\"og:type\" content=\"article\" \/>\n<meta property=\"og:title\" content=\"Article - Jean-Luc Le T\u00e9nia - Conspiration | \u00c9ditions\" \/>\n<meta property=\"og:description\" content=\"Article paru dans Le Maine Libre\u00c9dition du vendredi 14 avril 2017Merci \u00e0 Alexandre Sepr\u00e9\" \/>\n<meta property=\"og:url\" content=\"https:\/\/conspiration-editions.com\/en\/article-jean-luc-le-tenia-2\/\" \/>\n<meta property=\"og:site_name\" content=\"Conspiration | \u00c9ditions\" \/>\n<meta property=\"og:image\" content=\"https:\/\/conspiration-editions.com\/wp-content\/uploads\/2021\/10\/2017-04-14-le-maine-libre.jpg\" \/>\n<meta name=\"twitter:card\" content=\"summary_large_image\" \/>\n<script type=\"application\/ld+json\" class=\"yoast-schema-graph\">{\"@context\":\"https:\/\/schema.org\",\"@graph\":[{\"@type\":\"WebPage\",\"@id\":\"https:\/\/conspiration-editions.com\/article-jean-luc-le-tenia-2\/\",\"url\":\"https:\/\/conspiration-editions.com\/article-jean-luc-le-tenia-2\/\",\"name\":\"Article - Jean-Luc Le T\u00e9nia - Conspiration | \u00c9ditions\",\"isPartOf\":{\"@id\":\"https:\/\/conspiration-editions.com\/#website\"},\"primaryImageOfPage\":{\"@id\":\"https:\/\/conspiration-editions.com\/article-jean-luc-le-tenia-2\/#primaryimage\"},\"image\":{\"@id\":\"https:\/\/conspiration-editions.com\/article-jean-luc-le-tenia-2\/#primaryimage\"},\"thumbnailUrl\":\"https:\/\/conspiration-editions.com\/wp-content\/uploads\/2021\/10\/2017-04-14-le-maine-libre.jpg\",\"datePublished\":\"2026-02-27T09:27:46+00:00\",\"dateModified\":\"2026-02-27T09:27:46+00:00\",\"breadcrumb\":{\"@id\":\"https:\/\/conspiration-editions.com\/article-jean-luc-le-tenia-2\/#breadcrumb\"},\"inLanguage\":\"en-US\",\"potentialAction\":[{\"@type\":\"ReadAction\",\"target\":[\"https:\/\/conspiration-editions.com\/article-jean-luc-le-tenia-2\/\"]}]},{\"@type\":\"ImageObject\",\"inLanguage\":\"en-US\",\"@id\":\"https:\/\/conspiration-editions.com\/article-jean-luc-le-tenia-2\/#primaryimage\",\"url\":\"https:\/\/conspiration-editions.com\/wp-content\/uploads\/2021\/10\/2017-04-14-le-maine-libre.jpg\",\"contentUrl\":\"https:\/\/conspiration-editions.com\/wp-content\/uploads\/2021\/10\/2017-04-14-le-maine-libre.jpg\"},{\"@type\":\"BreadcrumbList\",\"@id\":\"https:\/\/conspiration-editions.com\/article-jean-luc-le-tenia-2\/#breadcrumb\",\"itemListElement\":[{\"@type\":\"ListItem\",\"position\":1,\"name\":\"Accueil\",\"item\":\"https:\/\/conspiration-editions.com\/\"},{\"@type\":\"ListItem\",\"position\":2,\"name\":\"Article &#8211; Jean-Luc Le T\u00e9nia\"}]},{\"@type\":\"WebSite\",\"@id\":\"https:\/\/conspiration-editions.com\/#website\",\"url\":\"https:\/\/conspiration-editions.com\/\",\"name\":\"Conspiration | \u00c9ditions\",\"description\":\"\",\"publisher\":{\"@id\":\"https:\/\/conspiration-editions.com\/#organization\"},\"potentialAction\":[{\"@type\":\"SearchAction\",\"target\":{\"@type\":\"EntryPoint\",\"urlTemplate\":\"https:\/\/conspiration-editions.com\/?s={search_term_string}\"},\"query-input\":\"required name=search_term_string\"}],\"inLanguage\":\"en-US\"},{\"@type\":\"Organization\",\"@id\":\"https:\/\/conspiration-editions.com\/#organization\",\"name\":\"Conspiration | \u00c9ditions\",\"url\":\"https:\/\/conspiration-editions.com\/\",\"logo\":{\"@type\":\"ImageObject\",\"inLanguage\":\"en-US\",\"@id\":\"https:\/\/conspiration-editions.com\/#\/schema\/logo\/image\/\",\"url\":\"https:\/\/conspiration-editions.com\/wp-content\/uploads\/2021\/01\/cropped-cropped-cropped-logo-editions.png\",\"contentUrl\":\"https:\/\/conspiration-editions.com\/wp-content\/uploads\/2021\/01\/cropped-cropped-cropped-logo-editions.png\",\"width\":574,\"height\":100,\"caption\":\"Conspiration | \u00c9ditions\"},\"image\":{\"@id\":\"https:\/\/conspiration-editions.com\/#\/schema\/logo\/image\/\"}}]}<\/script>\n<!-- \/ Yoast SEO plugin. -->","yoast_head_json":{"title":"Article - Jean-Luc Le T\u00e9nia - Conspiration | \u00c9ditions","robots":{"index":"index","follow":"follow","max-snippet":"max-snippet:-1","max-image-preview":"max-image-preview:large","max-video-preview":"max-video-preview:-1"},"canonical":"https:\/\/conspiration-editions.com\/en\/article-jean-luc-le-tenia-2\/","og_locale":"en_US","og_type":"article","og_title":"Article - Jean-Luc Le T\u00e9nia - Conspiration | \u00c9ditions","og_description":"Article paru dans Le Maine Libre\u00c9dition du vendredi 14 avril 2017Merci \u00e0 Alexandre Sepr\u00e9","og_url":"https:\/\/conspiration-editions.com\/en\/article-jean-luc-le-tenia-2\/","og_site_name":"Conspiration | \u00c9ditions","og_image":[{"url":"https:\/\/conspiration-editions.com\/wp-content\/uploads\/2021\/10\/2017-04-14-le-maine-libre.jpg"}],"twitter_card":"summary_large_image","schema":{"@context":"https:\/\/schema.org","@graph":[{"@type":"WebPage","@id":"https:\/\/conspiration-editions.com\/article-jean-luc-le-tenia-2\/","url":"https:\/\/conspiration-editions.com\/article-jean-luc-le-tenia-2\/","name":"Article - Jean-Luc Le T\u00e9nia - Conspiration | \u00c9ditions","isPartOf":{"@id":"https:\/\/conspiration-editions.com\/#website"},"primaryImageOfPage":{"@id":"https:\/\/conspiration-editions.com\/article-jean-luc-le-tenia-2\/#primaryimage"},"image":{"@id":"https:\/\/conspiration-editions.com\/article-jean-luc-le-tenia-2\/#primaryimage"},"thumbnailUrl":"https:\/\/conspiration-editions.com\/wp-content\/uploads\/2021\/10\/2017-04-14-le-maine-libre.jpg","datePublished":"2026-02-27T09:27:46+00:00","dateModified":"2026-02-27T09:27:46+00:00","breadcrumb":{"@id":"https:\/\/conspiration-editions.com\/article-jean-luc-le-tenia-2\/#breadcrumb"},"inLanguage":"en-US","potentialAction":[{"@type":"ReadAction","target":["https:\/\/conspiration-editions.com\/article-jean-luc-le-tenia-2\/"]}]},{"@type":"ImageObject","inLanguage":"en-US","@id":"https:\/\/conspiration-editions.com\/article-jean-luc-le-tenia-2\/#primaryimage","url":"https:\/\/conspiration-editions.com\/wp-content\/uploads\/2021\/10\/2017-04-14-le-maine-libre.jpg","contentUrl":"https:\/\/conspiration-editions.com\/wp-content\/uploads\/2021\/10\/2017-04-14-le-maine-libre.jpg"},{"@type":"BreadcrumbList","@id":"https:\/\/conspiration-editions.com\/article-jean-luc-le-tenia-2\/#breadcrumb","itemListElement":[{"@type":"ListItem","position":1,"name":"Accueil","item":"https:\/\/conspiration-editions.com\/"},{"@type":"ListItem","position":2,"name":"Article &#8211; Jean-Luc Le T\u00e9nia"}]},{"@type":"WebSite","@id":"https:\/\/conspiration-editions.com\/#website","url":"https:\/\/conspiration-editions.com\/","name":"Conspiration | \u00c9ditions","description":"","publisher":{"@id":"https:\/\/conspiration-editions.com\/#organization"},"potentialAction":[{"@type":"SearchAction","target":{"@type":"EntryPoint","urlTemplate":"https:\/\/conspiration-editions.com\/?s={search_term_string}"},"query-input":"required name=search_term_string"}],"inLanguage":"en-US"},{"@type":"Organization","@id":"https:\/\/conspiration-editions.com\/#organization","name":"Conspiration | \u00c9ditions","url":"https:\/\/conspiration-editions.com\/","logo":{"@type":"ImageObject","inLanguage":"en-US","@id":"https:\/\/conspiration-editions.com\/#\/schema\/logo\/image\/","url":"https:\/\/conspiration-editions.com\/wp-content\/uploads\/2021\/01\/cropped-cropped-cropped-logo-editions.png","contentUrl":"https:\/\/conspiration-editions.com\/wp-content\/uploads\/2021\/01\/cropped-cropped-cropped-logo-editions.png","width":574,"height":100,"caption":"Conspiration | \u00c9ditions"},"image":{"@id":"https:\/\/conspiration-editions.com\/#\/schema\/logo\/image\/"}}]}},"_links":{"self":[{"href":"https:\/\/conspiration-editions.com\/en\/wp-json\/wp\/v2\/pages\/3384"}],"collection":[{"href":"https:\/\/conspiration-editions.com\/en\/wp-json\/wp\/v2\/pages"}],"about":[{"href":"https:\/\/conspiration-editions.com\/en\/wp-json\/wp\/v2\/types\/page"}],"author":[{"embeddable":true,"href":"https:\/\/conspiration-editions.com\/en\/wp-json\/wp\/v2\/users\/1"}],"replies":[{"embeddable":true,"href":"https:\/\/conspiration-editions.com\/en\/wp-json\/wp\/v2\/comments?post=3384"}],"version-history":[{"count":4,"href":"https:\/\/conspiration-editions.com\/en\/wp-json\/wp\/v2\/pages\/3384\/revisions"}],"predecessor-version":[{"id":3389,"href":"https:\/\/conspiration-editions.com\/en\/wp-json\/wp\/v2\/pages\/3384\/revisions\/3389"}],"wp:attachment":[{"href":"https:\/\/conspiration-editions.com\/en\/wp-json\/wp\/v2\/media?parent=3384"}],"curies":[{"name":"wp","href":"https:\/\/api.w.org\/{rel}","templated":true}]}}