{"id":3376,"date":"2026-02-27T10:27:46","date_gmt":"2026-02-27T09:27:46","guid":{"rendered":"https:\/\/conspiration-editions.com\/?page_id=3376"},"modified":"2026-02-27T10:27:46","modified_gmt":"2026-02-27T09:27:46","slug":"article-jean-luc-le-tenia","status":"publish","type":"page","link":"https:\/\/conspiration-editions.com\/en\/article-jean-luc-le-tenia\/","title":{"rendered":"Article &#8211; Jean-Luc Le T\u00e9nia"},"content":{"rendered":"<div data-elementor-type=\"wp-page\" data-elementor-id=\"3376\" class=\"elementor elementor-3376\" data-elementor-settings=\"[]\">\n\t\t\t\t\t\t<div class=\"elementor-inner\">\n\t\t\t\t\t\t\t<div class=\"elementor-section-wrap\">\n\t\t\t\t\t\t\t<section class=\"elementor-section elementor-top-section elementor-element elementor-element-81e748a elementor-section-boxed elementor-section-height-default elementor-section-height-default\" data-id=\"81e748a\" data-element_type=\"section\">\n\t\t\t\t\t\t<div class=\"elementor-container elementor-column-gap-default\">\n\t\t\t\t\t\t\t<div class=\"elementor-row\">\n\t\t\t\t\t<div class=\"elementor-column elementor-col-100 elementor-top-column elementor-element elementor-element-f8916a9\" data-id=\"f8916a9\" data-element_type=\"column\">\n\t\t\t<div class=\"elementor-column-wrap elementor-element-populated\">\n\t\t\t\t\t\t\t<div class=\"elementor-widget-wrap\">\n\t\t\t\t\t\t<div class=\"elementor-element elementor-element-434ba79 elementor-widget elementor-widget-image\" data-id=\"434ba79\" data-element_type=\"widget\" data-widget_type=\"image.default\">\n\t\t\t\t<div class=\"elementor-widget-container\">\n\t\t\t\t\t<div class=\"elementor-image\">\n\t\t\t\t\t\t\t\t\t\t<img loading=\"lazy\" decoding=\"async\" width=\"2250\" height=\"2560\" src=\"https:\/\/conspiration-editions.com\/wp-content\/uploads\/2021\/10\/2017-03-23-ouest-france-jl-le-tenia-scaled.jpg\" class=\"attachment-full size-full\" alt=\"\" srcset=\"https:\/\/conspiration-editions.com\/wp-content\/uploads\/2021\/10\/2017-03-23-ouest-france-jl-le-tenia-scaled.jpg 2250w, https:\/\/conspiration-editions.com\/wp-content\/uploads\/2021\/10\/2017-03-23-ouest-france-jl-le-tenia-264x300.jpg 264w, https:\/\/conspiration-editions.com\/wp-content\/uploads\/2021\/10\/2017-03-23-ouest-france-jl-le-tenia-900x1024.jpg 900w, https:\/\/conspiration-editions.com\/wp-content\/uploads\/2021\/10\/2017-03-23-ouest-france-jl-le-tenia-768x874.jpg 768w, https:\/\/conspiration-editions.com\/wp-content\/uploads\/2021\/10\/2017-03-23-ouest-france-jl-le-tenia-1350x1536.jpg 1350w, https:\/\/conspiration-editions.com\/wp-content\/uploads\/2021\/10\/2017-03-23-ouest-france-jl-le-tenia-1800x2048.jpg 1800w, https:\/\/conspiration-editions.com\/wp-content\/uploads\/2021\/10\/2017-03-23-ouest-france-jl-le-tenia-230x262.jpg 230w, https:\/\/conspiration-editions.com\/wp-content\/uploads\/2021\/10\/2017-03-23-ouest-france-jl-le-tenia-600x683.jpg 600w\" sizes=\"(max-width: 2250px) 100vw, 2250px\" \/>\t\t\t\t\t\t\t\t\t\t\t<\/div>\n\t\t\t\t<\/div>\n\t\t\t\t<\/div>\n\t\t\t\t\t\t<\/div>\n\t\t\t\t\t<\/div>\n\t\t<\/div>\n\t\t\t\t\t\t\t\t<\/div>\n\t\t\t\t\t<\/div>\n\t\t<\/section>\n\t\t\t\t<section class=\"elementor-section elementor-top-section elementor-element elementor-element-4d5f5e2 elementor-section-boxed elementor-section-height-default elementor-section-height-default\" data-id=\"4d5f5e2\" data-element_type=\"section\">\n\t\t\t\t\t\t<div class=\"elementor-container elementor-column-gap-default\">\n\t\t\t\t\t\t\t<div class=\"elementor-row\">\n\t\t\t\t\t<div class=\"elementor-column elementor-col-100 elementor-top-column elementor-element elementor-element-e3855f5\" data-id=\"e3855f5\" data-element_type=\"column\">\n\t\t\t<div class=\"elementor-column-wrap elementor-element-populated\">\n\t\t\t\t\t\t\t<div class=\"elementor-widget-wrap\">\n\t\t\t\t\t\t<div class=\"elementor-element elementor-element-b8668fe elementor-widget elementor-widget-text-editor\" data-id=\"b8668fe\" data-element_type=\"widget\" data-widget_type=\"text-editor.default\">\n\t\t\t\t<div class=\"elementor-widget-container\">\n\t\t\t\t\t<div class=\"elementor-text-editor elementor-clearfix\"><div class=\"\" data-block=\"true\" data-editor=\"1tdeh\" data-offset-key=\"2sad0-0-0\">\n<div class=\"_1mf _1mj\" data-offset-key=\"2sad0-0-0\"><span data-offset-key=\"2sad0-0-0\">Article d\u2019Ouest-France <\/span><\/div>\n<\/div>\n<div class=\"\" data-block=\"true\" data-editor=\"1tdeh\" data-offset-key=\"4g8qn-0-0\">\n<div class=\"_1mf _1mj\" data-offset-key=\"4g8qn-0-0\"><span data-offset-key=\"4g8qn-0-0\">Edition du 23 mars 2017<\/span><\/div>\n<\/div>\n<div class=\"\" data-block=\"true\" data-editor=\"1tdeh\" data-offset-key=\"73p8m-0-0\">\n<div class=\"_1mf _1mj\" data-offset-key=\"73p8m-0-0\"><span data-offset-key=\"73p8m-0-0\">Merci \u00e0 J\u00e9r\u00f4me Lourdais<\/span><\/div>\n<\/div><\/div>\n\t\t\t\t<\/div>\n\t\t\t\t<\/div>\n\t\t\t\t\t\t<\/div>\n\t\t\t\t\t<\/div>\n\t\t<\/div>\n\t\t\t\t\t\t\t\t<\/div>\n\t\t\t\t\t<\/div>\n\t\t<\/section>\n\t\t\t\t\t\t<\/div>\n\t\t\t\t\t\t<\/div>\n\t\t\t\t\t<\/div>","protected":false},"excerpt":{"rendered":"<p>Article d\u2019Ouest-France Edition du 23 mars 2017 Merci \u00e0 J\u00e9r\u00f4me Lourdais<\/p>","protected":false},"author":1,"featured_media":0,"parent":0,"menu_order":0,"comment_status":"closed","ping_status":"closed","template":"","meta":{"footnotes":""},"yoast_head":"<!-- This site is optimized with the Yoast SEO plugin v22.9 - https:\/\/yoast.com\/wordpress\/plugins\/seo\/ -->\n<title>Article - Jean-Luc Le T\u00e9nia - Conspiration | \u00c9ditions<\/title>\n<meta name=\"robots\" content=\"index, follow, max-snippet:-1, max-image-preview:large, max-video-preview:-1\" \/>\n<link rel=\"canonical\" href=\"https:\/\/conspiration-editions.com\/en\/article-jean-luc-le-tenia\/\" \/>\n<meta property=\"og:locale\" content=\"en_US\" \/>\n<meta property=\"og:type\" content=\"article\" \/>\n<meta property=\"og:title\" content=\"Article - Jean-Luc Le T\u00e9nia - Conspiration | \u00c9ditions\" \/>\n<meta property=\"og:description\" content=\"Article d\u2019Ouest-France Edition du 23 mars 2017 Merci \u00e0 J\u00e9r\u00f4me Lourdais\" \/>\n<meta property=\"og:url\" content=\"https:\/\/conspiration-editions.com\/en\/article-jean-luc-le-tenia\/\" \/>\n<meta property=\"og:site_name\" content=\"Conspiration | \u00c9ditions\" \/>\n<meta property=\"og:image\" content=\"https:\/\/conspiration-editions.com\/wp-content\/uploads\/2021\/10\/2017-03-23-ouest-france-jl-le-tenia-scaled.jpg\" \/>\n<meta name=\"twitter:card\" content=\"summary_large_image\" \/>\n<script type=\"application\/ld+json\" class=\"yoast-schema-graph\">{\"@context\":\"https:\/\/schema.org\",\"@graph\":[{\"@type\":\"WebPage\",\"@id\":\"https:\/\/conspiration-editions.com\/article-jean-luc-le-tenia\/\",\"url\":\"https:\/\/conspiration-editions.com\/article-jean-luc-le-tenia\/\",\"name\":\"Article - Jean-Luc Le T\u00e9nia - Conspiration | \u00c9ditions\",\"isPartOf\":{\"@id\":\"https:\/\/conspiration-editions.com\/#website\"},\"primaryImageOfPage\":{\"@id\":\"https:\/\/conspiration-editions.com\/article-jean-luc-le-tenia\/#primaryimage\"},\"image\":{\"@id\":\"https:\/\/conspiration-editions.com\/article-jean-luc-le-tenia\/#primaryimage\"},\"thumbnailUrl\":\"https:\/\/conspiration-editions.com\/wp-content\/uploads\/2021\/10\/2017-03-23-ouest-france-jl-le-tenia-scaled.jpg\",\"datePublished\":\"2026-02-27T09:27:46+00:00\",\"dateModified\":\"2026-02-27T09:27:46+00:00\",\"breadcrumb\":{\"@id\":\"https:\/\/conspiration-editions.com\/article-jean-luc-le-tenia\/#breadcrumb\"},\"inLanguage\":\"en-US\",\"potentialAction\":[{\"@type\":\"ReadAction\",\"target\":[\"https:\/\/conspiration-editions.com\/article-jean-luc-le-tenia\/\"]}]},{\"@type\":\"ImageObject\",\"inLanguage\":\"en-US\",\"@id\":\"https:\/\/conspiration-editions.com\/article-jean-luc-le-tenia\/#primaryimage\",\"url\":\"https:\/\/conspiration-editions.com\/wp-content\/uploads\/2021\/10\/2017-03-23-ouest-france-jl-le-tenia-scaled.jpg\",\"contentUrl\":\"https:\/\/conspiration-editions.com\/wp-content\/uploads\/2021\/10\/2017-03-23-ouest-france-jl-le-tenia-scaled.jpg\"},{\"@type\":\"BreadcrumbList\",\"@id\":\"https:\/\/conspiration-editions.com\/article-jean-luc-le-tenia\/#breadcrumb\",\"itemListElement\":[{\"@type\":\"ListItem\",\"position\":1,\"name\":\"Accueil\",\"item\":\"https:\/\/conspiration-editions.com\/\"},{\"@type\":\"ListItem\",\"position\":2,\"name\":\"Article &#8211; Jean-Luc Le T\u00e9nia\"}]},{\"@type\":\"WebSite\",\"@id\":\"https:\/\/conspiration-editions.com\/#website\",\"url\":\"https:\/\/conspiration-editions.com\/\",\"name\":\"Conspiration | \u00c9ditions\",\"description\":\"\",\"publisher\":{\"@id\":\"https:\/\/conspiration-editions.com\/#organization\"},\"potentialAction\":[{\"@type\":\"SearchAction\",\"target\":{\"@type\":\"EntryPoint\",\"urlTemplate\":\"https:\/\/conspiration-editions.com\/?s={search_term_string}\"},\"query-input\":\"required name=search_term_string\"}],\"inLanguage\":\"en-US\"},{\"@type\":\"Organization\",\"@id\":\"https:\/\/conspiration-editions.com\/#organization\",\"name\":\"Conspiration | \u00c9ditions\",\"url\":\"https:\/\/conspiration-editions.com\/\",\"logo\":{\"@type\":\"ImageObject\",\"inLanguage\":\"en-US\",\"@id\":\"https:\/\/conspiration-editions.com\/#\/schema\/logo\/image\/\",\"url\":\"https:\/\/conspiration-editions.com\/wp-content\/uploads\/2021\/01\/cropped-cropped-cropped-logo-editions.png\",\"contentUrl\":\"https:\/\/conspiration-editions.com\/wp-content\/uploads\/2021\/01\/cropped-cropped-cropped-logo-editions.png\",\"width\":574,\"height\":100,\"caption\":\"Conspiration | \u00c9ditions\"},\"image\":{\"@id\":\"https:\/\/conspiration-editions.com\/#\/schema\/logo\/image\/\"}}]}<\/script>\n<!-- \/ Yoast SEO plugin. -->","yoast_head_json":{"title":"Article - Jean-Luc Le T\u00e9nia - Conspiration | \u00c9ditions","robots":{"index":"index","follow":"follow","max-snippet":"max-snippet:-1","max-image-preview":"max-image-preview:large","max-video-preview":"max-video-preview:-1"},"canonical":"https:\/\/conspiration-editions.com\/en\/article-jean-luc-le-tenia\/","og_locale":"en_US","og_type":"article","og_title":"Article - Jean-Luc Le T\u00e9nia - Conspiration | \u00c9ditions","og_description":"Article d\u2019Ouest-France Edition du 23 mars 2017 Merci \u00e0 J\u00e9r\u00f4me Lourdais","og_url":"https:\/\/conspiration-editions.com\/en\/article-jean-luc-le-tenia\/","og_site_name":"Conspiration | \u00c9ditions","og_image":[{"url":"https:\/\/conspiration-editions.com\/wp-content\/uploads\/2021\/10\/2017-03-23-ouest-france-jl-le-tenia-scaled.jpg"}],"twitter_card":"summary_large_image","schema":{"@context":"https:\/\/schema.org","@graph":[{"@type":"WebPage","@id":"https:\/\/conspiration-editions.com\/article-jean-luc-le-tenia\/","url":"https:\/\/conspiration-editions.com\/article-jean-luc-le-tenia\/","name":"Article - Jean-Luc Le T\u00e9nia - Conspiration | \u00c9ditions","isPartOf":{"@id":"https:\/\/conspiration-editions.com\/#website"},"primaryImageOfPage":{"@id":"https:\/\/conspiration-editions.com\/article-jean-luc-le-tenia\/#primaryimage"},"image":{"@id":"https:\/\/conspiration-editions.com\/article-jean-luc-le-tenia\/#primaryimage"},"thumbnailUrl":"https:\/\/conspiration-editions.com\/wp-content\/uploads\/2021\/10\/2017-03-23-ouest-france-jl-le-tenia-scaled.jpg","datePublished":"2026-02-27T09:27:46+00:00","dateModified":"2026-02-27T09:27:46+00:00","breadcrumb":{"@id":"https:\/\/conspiration-editions.com\/article-jean-luc-le-tenia\/#breadcrumb"},"inLanguage":"en-US","potentialAction":[{"@type":"ReadAction","target":["https:\/\/conspiration-editions.com\/article-jean-luc-le-tenia\/"]}]},{"@type":"ImageObject","inLanguage":"en-US","@id":"https:\/\/conspiration-editions.com\/article-jean-luc-le-tenia\/#primaryimage","url":"https:\/\/conspiration-editions.com\/wp-content\/uploads\/2021\/10\/2017-03-23-ouest-france-jl-le-tenia-scaled.jpg","contentUrl":"https:\/\/conspiration-editions.com\/wp-content\/uploads\/2021\/10\/2017-03-23-ouest-france-jl-le-tenia-scaled.jpg"},{"@type":"BreadcrumbList","@id":"https:\/\/conspiration-editions.com\/article-jean-luc-le-tenia\/#breadcrumb","itemListElement":[{"@type":"ListItem","position":1,"name":"Accueil","item":"https:\/\/conspiration-editions.com\/"},{"@type":"ListItem","position":2,"name":"Article &#8211; Jean-Luc Le T\u00e9nia"}]},{"@type":"WebSite","@id":"https:\/\/conspiration-editions.com\/#website","url":"https:\/\/conspiration-editions.com\/","name":"Conspiration | \u00c9ditions","description":"","publisher":{"@id":"https:\/\/conspiration-editions.com\/#organization"},"potentialAction":[{"@type":"SearchAction","target":{"@type":"EntryPoint","urlTemplate":"https:\/\/conspiration-editions.com\/?s={search_term_string}"},"query-input":"required name=search_term_string"}],"inLanguage":"en-US"},{"@type":"Organization","@id":"https:\/\/conspiration-editions.com\/#organization","name":"Conspiration | \u00c9ditions","url":"https:\/\/conspiration-editions.com\/","logo":{"@type":"ImageObject","inLanguage":"en-US","@id":"https:\/\/conspiration-editions.com\/#\/schema\/logo\/image\/","url":"https:\/\/conspiration-editions.com\/wp-content\/uploads\/2021\/01\/cropped-cropped-cropped-logo-editions.png","contentUrl":"https:\/\/conspiration-editions.com\/wp-content\/uploads\/2021\/01\/cropped-cropped-cropped-logo-editions.png","width":574,"height":100,"caption":"Conspiration | \u00c9ditions"},"image":{"@id":"https:\/\/conspiration-editions.com\/#\/schema\/logo\/image\/"}}]}},"_links":{"self":[{"href":"https:\/\/conspiration-editions.com\/en\/wp-json\/wp\/v2\/pages\/3376"}],"collection":[{"href":"https:\/\/conspiration-editions.com\/en\/wp-json\/wp\/v2\/pages"}],"about":[{"href":"https:\/\/conspiration-editions.com\/en\/wp-json\/wp\/v2\/types\/page"}],"author":[{"embeddable":true,"href":"https:\/\/conspiration-editions.com\/en\/wp-json\/wp\/v2\/users\/1"}],"replies":[{"embeddable":true,"href":"https:\/\/conspiration-editions.com\/en\/wp-json\/wp\/v2\/comments?post=3376"}],"version-history":[{"count":7,"href":"https:\/\/conspiration-editions.com\/en\/wp-json\/wp\/v2\/pages\/3376\/revisions"}],"predecessor-version":[{"id":3383,"href":"https:\/\/conspiration-editions.com\/en\/wp-json\/wp\/v2\/pages\/3376\/revisions\/3383"}],"wp:attachment":[{"href":"https:\/\/conspiration-editions.com\/en\/wp-json\/wp\/v2\/media?parent=3376"}],"curies":[{"name":"wp","href":"https:\/\/api.w.org\/{rel}","templated":true}]}}