{"id":2213,"date":"2026-02-27T10:27:49","date_gmt":"2026-02-27T09:27:49","guid":{"rendered":"http:\/\/www.christophelinage.com\/conspiration\/?page_id=697"},"modified":"2026-02-27T10:27:49","modified_gmt":"2026-02-27T09:27:49","slug":"journal-dun-cure-de-campagne","status":"publish","type":"page","link":"https:\/\/conspiration-editions.com\/en\/journal-dun-cure-de-campagne\/","title":{"rendered":"Journal d&rsquo;un cur\u00e9 de campagne"},"content":{"rendered":"<div data-elementor-type=\"wp-page\" data-elementor-id=\"2213\" class=\"elementor elementor-2213\" data-elementor-settings=\"[]\">\n\t\t\t\t\t\t<div class=\"elementor-inner\">\n\t\t\t\t\t\t\t<div class=\"elementor-section-wrap\">\n\t\t\t\t\t\t\t<section class=\"elementor-section elementor-top-section elementor-element elementor-element-fb0c4b6 elementor-section-boxed elementor-section-height-default elementor-section-height-default\" data-id=\"fb0c4b6\" data-element_type=\"section\">\n\t\t\t\t\t\t<div class=\"elementor-container elementor-column-gap-default\">\n\t\t\t\t\t\t\t<div class=\"elementor-row\">\n\t\t\t\t\t<div class=\"elementor-column elementor-col-50 elementor-top-column elementor-element elementor-element-4bb46f7d\" data-id=\"4bb46f7d\" data-element_type=\"column\">\n\t\t\t<div class=\"elementor-column-wrap elementor-element-populated\">\n\t\t\t\t\t\t\t<div class=\"elementor-widget-wrap\">\n\t\t\t\t\t\t<div class=\"elementor-element elementor-element-25107545 euclid elementor-widget elementor-widget-heading\" data-id=\"25107545\" data-element_type=\"widget\" data-widget_type=\"heading.default\">\n\t\t\t\t<div class=\"elementor-widget-container\">\n\t\t\t<h2 class=\"elementor-heading-title elementor-size-default\">Journal d'un cur\u00e9 de campagne<\/h2>\t\t<\/div>\n\t\t\t\t<\/div>\n\t\t\t\t<div class=\"elementor-element elementor-element-3667eebb elementor-widget elementor-widget-text-editor\" data-id=\"3667eebb\" data-element_type=\"widget\" data-widget_type=\"text-editor.default\">\n\t\t\t\t<div class=\"elementor-widget-container\">\n\t\t\t\t\t<div class=\"elementor-text-editor elementor-clearfix\"><p>Georges Bernanos<\/p><\/div>\n\t\t\t\t<\/div>\n\t\t\t\t<\/div>\n\t\t\t\t<div class=\"elementor-element elementor-element-4e456d20 elementor-widget elementor-widget-text-editor\" data-id=\"4e456d20\" data-element_type=\"widget\" data-widget_type=\"text-editor.default\">\n\t\t\t\t<div class=\"elementor-widget-container\">\n\t\t\t\t\t<div class=\"elementor-text-editor elementor-clearfix\"><p>Le savoir \/ deux<\/p><\/div>\n\t\t\t\t<\/div>\n\t\t\t\t<\/div>\n\t\t\t\t<div class=\"elementor-element elementor-element-3a610eb5 elementor-widget-divider--view-line elementor-widget elementor-widget-divider\" data-id=\"3a610eb5\" data-element_type=\"widget\" data-widget_type=\"divider.default\">\n\t\t\t\t<div class=\"elementor-widget-container\">\n\t\t\t\t\t<div class=\"elementor-divider\">\n\t\t\t<span class=\"elementor-divider-separator\">\n\t\t\t\t\t\t<\/span>\n\t\t<\/div>\n\t\t\t\t<\/div>\n\t\t\t\t<\/div>\n\t\t\t\t<section class=\"elementor-section elementor-inner-section elementor-element elementor-element-6e3786b elementor-section-boxed elementor-section-height-default elementor-section-height-default\" data-id=\"6e3786b\" data-element_type=\"section\">\n\t\t\t\t\t\t<div class=\"elementor-container elementor-column-gap-default\">\n\t\t\t\t\t\t\t<div class=\"elementor-row\">\n\t\t\t\t\t<div class=\"elementor-column elementor-col-50 elementor-inner-column elementor-element elementor-element-86a1d74\" data-id=\"86a1d74\" data-element_type=\"column\">\n\t\t\t<div class=\"elementor-column-wrap elementor-element-populated\">\n\t\t\t\t\t\t\t<div class=\"elementor-widget-wrap\">\n\t\t\t\t\t\t<div class=\"elementor-element elementor-element-80b5695 elementor-widget elementor-widget-text-editor\" data-id=\"80b5695\" data-element_type=\"widget\" data-widget_type=\"text-editor.default\">\n\t\t\t\t<div class=\"elementor-widget-container\">\n\t\t\t\t\t<div class=\"elementor-text-editor elementor-clearfix\"><div class=\"dp-element dp-lite\"  data-slug=\"journal-dun-cure-de-campagne\" data-_slug=\"journal-dun-cure-de-campagne\" data-title=\"lire-un-extrait\" id=\"dp_5523\" data-option=\"dp_option_5523\"  data-lightbox=\"button\">Lire un extrait<\/div><script class=\"dp-shortcode-script\" type=\"application\/javascript\">window.dp_option_5523 = {\"source\":\"https:\\\/\\\/conspiration-editions.com\\\/wp-content\\\/uploads\\\/2022\\\/10\\\/journal_d_un_cure_de_campagne.pdf\",\"viewerType\":\"flipbook\",\"is3D\":false,\"enableSound\":false,\"slug\":\"journal-dun-cure-de-campagne\",\"id\":5523}; if(window.DEARPDF && window.DEARPDF.parseElements){window.DEARPDF.parseElements();}<\/script><\/div>\n\t\t\t\t<\/div>\n\t\t\t\t<\/div>\n\t\t\t\t\t\t<\/div>\n\t\t\t\t\t<\/div>\n\t\t<\/div>\n\t\t\t\t<div class=\"elementor-column elementor-col-50 elementor-inner-column elementor-element elementor-element-72a24c3\" data-id=\"72a24c3\" data-element_type=\"column\">\n\t\t\t<div class=\"elementor-column-wrap elementor-element-populated\">\n\t\t\t\t\t\t\t<div class=\"elementor-widget-wrap\">\n\t\t\t\t\t\t<div class=\"elementor-element elementor-element-3932070 elementor-align-right elementor-widget elementor-widget-button\" data-id=\"3932070\" data-element_type=\"widget\" data-widget_type=\"button.default\">\n\t\t\t\t<div class=\"elementor-widget-container\">\n\t\t\t\t\t<div class=\"elementor-button-wrapper\">\n\t\t\t<a class=\"elementor-button elementor-size-sm\" role=\"button\">\n\t\t\t\t\t\t<span class=\"elementor-button-content-wrapper\">\n\t\t\t\t\t\t<span class=\"elementor-button-text\">Rupture de stock<\/span>\n\t\t<\/span>\n\t\t\t\t\t<\/a>\n\t\t<\/div>\n\t\t\t\t<\/div>\n\t\t\t\t<\/div>\n\t\t\t\t\t\t<\/div>\n\t\t\t\t\t<\/div>\n\t\t<\/div>\n\t\t\t\t\t\t\t\t<\/div>\n\t\t\t\t\t<\/div>\n\t\t<\/section>\n\t\t\t\t<div class=\"elementor-element elementor-element-c66deae elementor-widget elementor-widget-text-editor\" data-id=\"c66deae\" data-element_type=\"widget\" data-widget_type=\"text-editor.default\">\n\t\t\t\t<div class=\"elementor-widget-container\">\n\t\t\t\t\t<div class=\"elementor-text-editor elementor-clearfix\"><p><em>Date de parution : 14 mai 2019<\/em><br \/><em>302 pages &#8211; 130&#215;190 mm<\/em><br \/><span style=\"font-size: 12px;\"><em>ISBN : 979-10-95550-06-8<\/em><\/span><\/p><\/div>\n\t\t\t\t<\/div>\n\t\t\t\t<\/div>\n\t\t\t\t\t\t<\/div>\n\t\t\t\t\t<\/div>\n\t\t<\/div>\n\t\t\t\t<div class=\"elementor-column elementor-col-50 elementor-top-column elementor-element elementor-element-45657482\" data-id=\"45657482\" data-element_type=\"column\">\n\t\t\t<div class=\"elementor-column-wrap elementor-element-populated\">\n\t\t\t\t\t\t\t<div class=\"elementor-widget-wrap\">\n\t\t\t\t\t\t<div class=\"elementor-element elementor-element-56351cb elementor-widget elementor-widget-image\" data-id=\"56351cb\" data-element_type=\"widget\" data-widget_type=\"image.default\">\n\t\t\t\t<div class=\"elementor-widget-container\">\n\t\t\t\t\t<div class=\"elementor-image\">\n\t\t\t\t\t\t\t\t\t\t\t<a href=\"https:\/\/conspiration-editions.com\/wp-content\/uploads\/2022\/10\/Bernanos-couverture-simulation.jpg\" data-elementor-open-lightbox=\"yes\" data-elementor-lightbox-title=\"Journal d&#039;un cur\u00e9 de campagne\" data-lbwps-width=\"980\" data-lbwps-height=\"700\" data-lbwps-srcsmall=\"https:\/\/conspiration-editions.com\/wp-content\/uploads\/2022\/10\/Bernanos-couverture-simulation.jpg\">\n\t\t\t\t\t\t\t<img loading=\"lazy\" decoding=\"async\" width=\"750\" height=\"536\" src=\"https:\/\/conspiration-editions.com\/wp-content\/uploads\/2022\/10\/Bernanos-couverture-simulation.jpg\" class=\"attachment-large size-large\" alt=\"\" srcset=\"https:\/\/conspiration-editions.com\/wp-content\/uploads\/2022\/10\/Bernanos-couverture-simulation.jpg 980w, https:\/\/conspiration-editions.com\/wp-content\/uploads\/2022\/10\/Bernanos-couverture-simulation-300x214.jpg 300w, https:\/\/conspiration-editions.com\/wp-content\/uploads\/2022\/10\/Bernanos-couverture-simulation-768x549.jpg 768w, https:\/\/conspiration-editions.com\/wp-content\/uploads\/2022\/10\/Bernanos-couverture-simulation-230x164.jpg 230w, https:\/\/conspiration-editions.com\/wp-content\/uploads\/2022\/10\/Bernanos-couverture-simulation-600x429.jpg 600w\" sizes=\"(max-width: 750px) 100vw, 750px\" \/>\t\t\t\t\t\t\t\t<\/a>\n\t\t\t\t\t\t\t\t\t\t\t<\/div>\n\t\t\t\t<\/div>\n\t\t\t\t<\/div>\n\t\t\t\t\t\t<\/div>\n\t\t\t\t\t<\/div>\n\t\t<\/div>\n\t\t\t\t\t\t\t\t<\/div>\n\t\t\t\t\t<\/div>\n\t\t<\/section>\n\t\t\t\t<section class=\"elementor-section elementor-top-section elementor-element elementor-element-40e03368 elementor-section-boxed elementor-section-height-default elementor-section-height-default\" data-id=\"40e03368\" data-element_type=\"section\">\n\t\t\t\t\t\t<div class=\"elementor-container elementor-column-gap-default\">\n\t\t\t\t\t\t\t<div class=\"elementor-row\">\n\t\t\t\t\t<div class=\"elementor-column elementor-col-100 elementor-top-column elementor-element elementor-element-3375a7f1\" data-id=\"3375a7f1\" data-element_type=\"column\">\n\t\t\t<div class=\"elementor-column-wrap elementor-element-populated\">\n\t\t\t\t\t\t\t<div class=\"elementor-widget-wrap\">\n\t\t\t\t\t\t<div class=\"elementor-element elementor-element-c95f70b elementor-widget elementor-widget-text-editor\" data-id=\"c95f70b\" data-element_type=\"widget\" data-widget_type=\"text-editor.default\">\n\t\t\t\t<div class=\"elementor-widget-container\">\n\t\t\t\t\t<div class=\"elementor-text-editor elementor-clearfix\"><p><strong>R\u00e9sum\u00e9 :<\/strong><\/p><\/div>\n\t\t\t\t<\/div>\n\t\t\t\t<\/div>\n\t\t\t\t\t\t<\/div>\n\t\t\t\t\t<\/div>\n\t\t<\/div>\n\t\t\t\t\t\t\t\t<\/div>\n\t\t\t\t\t<\/div>\n\t\t<\/section>\n\t\t\t\t<section class=\"elementor-section elementor-top-section elementor-element elementor-element-10b36fa4 elementor-section-boxed elementor-section-height-default elementor-section-height-default\" data-id=\"10b36fa4\" data-element_type=\"section\">\n\t\t\t\t\t\t<div class=\"elementor-container elementor-column-gap-default\">\n\t\t\t\t\t\t\t<div class=\"elementor-row\">\n\t\t\t\t\t<div class=\"elementor-column elementor-col-100 elementor-top-column elementor-element elementor-element-313416cf\" data-id=\"313416cf\" data-element_type=\"column\">\n\t\t\t<div class=\"elementor-column-wrap elementor-element-populated\">\n\t\t\t\t\t\t\t<div class=\"elementor-widget-wrap\">\n\t\t\t\t\t\t<div class=\"elementor-element elementor-element-4ff8dd9d elementor-widget elementor-widget-text-editor\" data-id=\"4ff8dd9d\" data-element_type=\"widget\" data-widget_type=\"text-editor.default\">\n\t\t\t\t<div class=\"elementor-widget-container\">\n\t\t\t\t\t<div class=\"elementor-text-editor elementor-clearfix\"><p>\u00ab\u00a0J\u2019ai r\u00e9solu de continuer ce journal parce qu\u2019une relation sinc\u00e8re, scrupuleusement exacte des \u00e9v\u00e9nements de ma vie, au cours de l\u2019\u00e9preuve que je traverse, peut m\u2019\u00eatre utile un jour \u2013 qui sait ? utile \u00e0 moi, ou \u00e0 d\u2019autres. Car alors que mon c\u0153ur est devenu si dur, je ne puis penser sans amiti\u00e9 au futur lecteur, probablement imaginaire, de ce journal\u2026\u00a0\u00bb<\/p>\n<blockquote class=\"wp-block-quote\">\n<p><em>\u00ab\u00a0J\u2019ai d\u00e9cid\u00e9 ce matin de ne pas prolonger l\u2019exp\u00e9rience au-del\u00e0 des douze mois qui vont suivre. Au 25 novembre prochain, je mettrai ces feuilles au feu, je t\u00e2cherai de les oublier. Cette r\u00e9solution prise apr\u00e8s la messe ne m\u2019a rassur\u00e9 qu\u2019un moment.\u00a0\u00bb<\/em><\/p>\n<\/blockquote><\/div>\n\t\t\t\t<\/div>\n\t\t\t\t<\/div>\n\t\t\t\t\t\t<\/div>\n\t\t\t\t\t<\/div>\n\t\t<\/div>\n\t\t\t\t\t\t\t\t<\/div>\n\t\t\t\t\t<\/div>\n\t\t<\/section>\n\t\t\t\t<section class=\"elementor-section elementor-top-section elementor-element elementor-element-74b4445b elementor-section-boxed elementor-section-height-default elementor-section-height-default\" data-id=\"74b4445b\" data-element_type=\"section\">\n\t\t\t\t\t\t<div class=\"elementor-container elementor-column-gap-default\">\n\t\t\t\t\t\t\t<div class=\"elementor-row\">\n\t\t\t\t\t<div class=\"elementor-column elementor-col-100 elementor-top-column elementor-element elementor-element-57363283\" data-id=\"57363283\" data-element_type=\"column\">\n\t\t\t<div class=\"elementor-column-wrap elementor-element-populated\">\n\t\t\t\t\t\t\t<div class=\"elementor-widget-wrap\">\n\t\t\t\t\t\t<div class=\"elementor-element elementor-element-5b1ee231 elementor-widget elementor-widget-text-editor\" data-id=\"5b1ee231\" data-element_type=\"widget\" data-widget_type=\"text-editor.default\">\n\t\t\t\t<div class=\"elementor-widget-container\">\n\t\t\t\t\t<div class=\"elementor-text-editor elementor-clearfix\"><p><strong>L&rsquo;auteur :<br \/><\/strong><\/p><\/div>\n\t\t\t\t<\/div>\n\t\t\t\t<\/div>\n\t\t\t\t\t\t<\/div>\n\t\t\t\t\t<\/div>\n\t\t<\/div>\n\t\t\t\t\t\t\t\t<\/div>\n\t\t\t\t\t<\/div>\n\t\t<\/section>\n\t\t\t\t<section class=\"elementor-section elementor-top-section elementor-element elementor-element-38a8ff5a elementor-section-boxed elementor-section-height-default elementor-section-height-default\" data-id=\"38a8ff5a\" data-element_type=\"section\">\n\t\t\t\t\t\t<div class=\"elementor-container elementor-column-gap-default\">\n\t\t\t\t\t\t\t<div class=\"elementor-row\">\n\t\t\t\t\t<div class=\"elementor-column elementor-col-100 elementor-top-column elementor-element elementor-element-245b6563\" data-id=\"245b6563\" data-element_type=\"column\">\n\t\t\t<div class=\"elementor-column-wrap elementor-element-populated\">\n\t\t\t\t\t\t\t<div class=\"elementor-widget-wrap\">\n\t\t\t\t\t\t<div class=\"elementor-element elementor-element-8607dfc elementor-widget elementor-widget-text-editor\" data-id=\"8607dfc\" data-element_type=\"widget\" data-widget_type=\"text-editor.default\">\n\t\t\t\t<div class=\"elementor-widget-container\">\n\t\t\t\t\t<div class=\"elementor-text-editor elementor-clearfix\"><p><strong><img loading=\"lazy\" decoding=\"async\" src=\"https:\/\/conspiration-editions.com\/wp-content\/uploads\/2025\/04\/Portrait-Georges-Bernanos.jpg\" alt=\"\" class=\"wp-image-12100  alignleft\" title=\"Georges Bernanos\" width=\"150\" height=\"218\" srcset=\"https:\/\/conspiration-editions.com\/wp-content\/uploads\/2025\/04\/Portrait-Georges-Bernanos.jpg 203w, https:\/\/conspiration-editions.com\/wp-content\/uploads\/2025\/04\/Portrait-Georges-Bernanos-8x12.jpg 8w\" sizes=\"(max-width: 150px) 100vw, 150px\" \/>Georges Bernanos<\/strong><\/p><p>Georges Bernanos, n\u00e9 le 20 f\u00e9vrier 1888 \u00e0 Paris et mort le 5 juillet 1948 \u00e0 Neuilly-sur-Seine, auteur notamment de \u00ab Sous le soleil de Satan \u00bb, et de \u00ab Nouvelles histoires de Mouchettes \u00bb, adapt\u00e9s au cin\u00e9ma par Maurice Pialat et Robert Bresson, figure parmi les plus grands \u00e9crivains de la premi\u00e8re moiti\u00e9 du XXe si\u00e8cle.<\/p><\/div>\n\t\t\t\t<\/div>\n\t\t\t\t<\/div>\n\t\t\t\t\t\t<\/div>\n\t\t\t\t\t<\/div>\n\t\t<\/div>\n\t\t\t\t\t\t\t\t<\/div>\n\t\t\t\t\t<\/div>\n\t\t<\/section>\n\t\t\t\t<section class=\"elementor-section elementor-top-section elementor-element elementor-element-c54f4f7 elementor-section-boxed elementor-section-height-default elementor-section-height-default\" data-id=\"c54f4f7\" data-element_type=\"section\">\n\t\t\t\t\t\t<div class=\"elementor-container elementor-column-gap-default\">\n\t\t\t\t\t\t\t<div class=\"elementor-row\">\n\t\t\t\t\t<div class=\"elementor-column elementor-col-100 elementor-top-column elementor-element elementor-element-43fa210\" data-id=\"43fa210\" data-element_type=\"column\">\n\t\t\t<div class=\"elementor-column-wrap elementor-element-populated\">\n\t\t\t\t\t\t\t<div class=\"elementor-widget-wrap\">\n\t\t\t\t\t\t<div class=\"elementor-element elementor-element-53865ff elementor-widget elementor-widget-spacer\" data-id=\"53865ff\" data-element_type=\"widget\" data-widget_type=\"spacer.default\">\n\t\t\t\t<div class=\"elementor-widget-container\">\n\t\t\t\t\t<div class=\"elementor-spacer\">\n\t\t\t<div class=\"elementor-spacer-inner\"><\/div>\n\t\t<\/div>\n\t\t\t\t<\/div>\n\t\t\t\t<\/div>\n\t\t\t\t\t\t<\/div>\n\t\t\t\t\t<\/div>\n\t\t<\/div>\n\t\t\t\t\t\t\t\t<\/div>\n\t\t\t\t\t<\/div>\n\t\t<\/section>\n\t\t\t\t\t\t<\/div>\n\t\t\t\t\t\t<\/div>\n\t\t\t\t\t<\/div>","protected":false},"excerpt":{"rendered":"<p>Journal d&rsquo;un cur\u00e9 de campagne Georges Bernanos Le savoir \/ deux Rupture de stock Date de parution : 14 mai 2019302 pages &#8211; 130&#215;190 mmISBN : 979-10-95550-06-8 R\u00e9sum\u00e9 : \u00ab\u00a0J\u2019ai r\u00e9solu de continuer ce journal parce qu\u2019une relation sinc\u00e8re, scrupuleusement exacte des \u00e9v\u00e9nements de ma vie, au cours de l\u2019\u00e9preuve [&hellip;]<\/p>","protected":false},"author":1,"featured_media":0,"parent":0,"menu_order":0,"comment_status":"closed","ping_status":"closed","template":"","meta":{"footnotes":""},"yoast_head":"<!-- This site is optimized with the Yoast SEO plugin v22.9 - https:\/\/yoast.com\/wordpress\/plugins\/seo\/ -->\n<title>Journal d&#039;un cur\u00e9 de campagne - Conspiration | \u00c9ditions<\/title>\n<meta name=\"description\" content=\"De Georges Bernanos. Au 25 novembre prochain, je mettrai ces feuilles au feu, je t\u00e2cherai de les oublier.\" \/>\n<meta name=\"robots\" content=\"index, follow, max-snippet:-1, max-image-preview:large, max-video-preview:-1\" \/>\n<link rel=\"canonical\" href=\"https:\/\/conspiration-editions.com\/en\/journal-dun-cure-de-campagne\/\" \/>\n<meta property=\"og:locale\" content=\"en_US\" \/>\n<meta property=\"og:type\" content=\"article\" \/>\n<meta property=\"og:title\" content=\"Journal d&#039;un cur\u00e9 de campagne - Conspiration | \u00c9ditions\" \/>\n<meta property=\"og:description\" content=\"De Georges Bernanos. Au 25 novembre prochain, je mettrai ces feuilles au feu, je t\u00e2cherai de les oublier.\" \/>\n<meta property=\"og:url\" content=\"https:\/\/conspiration-editions.com\/en\/journal-dun-cure-de-campagne\/\" \/>\n<meta property=\"og:site_name\" content=\"Conspiration | \u00c9ditions\" \/>\n<meta property=\"og:image\" content=\"https:\/\/conspiration-editions.com\/wp-content\/uploads\/2022\/10\/Bernanos-couverture-simulation.jpg\" \/>\n<meta name=\"twitter:card\" content=\"summary_large_image\" \/>\n<meta name=\"twitter:label1\" content=\"Est. reading time\" \/>\n\t<meta name=\"twitter:data1\" content=\"2 minutes\" \/>\n<script type=\"application\/ld+json\" class=\"yoast-schema-graph\">{\"@context\":\"https:\/\/schema.org\",\"@graph\":[{\"@type\":\"WebPage\",\"@id\":\"https:\/\/conspiration-editions.com\/journal-dun-cure-de-campagne\/\",\"url\":\"https:\/\/conspiration-editions.com\/journal-dun-cure-de-campagne\/\",\"name\":\"Journal d'un cur\u00e9 de campagne - Conspiration | \u00c9ditions\",\"isPartOf\":{\"@id\":\"https:\/\/conspiration-editions.com\/#website\"},\"primaryImageOfPage\":{\"@id\":\"https:\/\/conspiration-editions.com\/journal-dun-cure-de-campagne\/#primaryimage\"},\"image\":{\"@id\":\"https:\/\/conspiration-editions.com\/journal-dun-cure-de-campagne\/#primaryimage\"},\"thumbnailUrl\":\"https:\/\/conspiration-editions.com\/wp-content\/uploads\/2022\/10\/Bernanos-couverture-simulation.jpg\",\"datePublished\":\"2026-02-27T09:27:49+00:00\",\"dateModified\":\"2026-02-27T09:27:49+00:00\",\"description\":\"De Georges Bernanos. Au 25 novembre prochain, je mettrai ces feuilles au feu, je t\u00e2cherai de les oublier.\",\"breadcrumb\":{\"@id\":\"https:\/\/conspiration-editions.com\/journal-dun-cure-de-campagne\/#breadcrumb\"},\"inLanguage\":\"en-US\",\"potentialAction\":[{\"@type\":\"ReadAction\",\"target\":[\"https:\/\/conspiration-editions.com\/journal-dun-cure-de-campagne\/\"]}]},{\"@type\":\"ImageObject\",\"inLanguage\":\"en-US\",\"@id\":\"https:\/\/conspiration-editions.com\/journal-dun-cure-de-campagne\/#primaryimage\",\"url\":\"https:\/\/conspiration-editions.com\/wp-content\/uploads\/2022\/10\/Bernanos-couverture-simulation.jpg\",\"contentUrl\":\"https:\/\/conspiration-editions.com\/wp-content\/uploads\/2022\/10\/Bernanos-couverture-simulation.jpg\"},{\"@type\":\"BreadcrumbList\",\"@id\":\"https:\/\/conspiration-editions.com\/journal-dun-cure-de-campagne\/#breadcrumb\",\"itemListElement\":[{\"@type\":\"ListItem\",\"position\":1,\"name\":\"Accueil\",\"item\":\"https:\/\/conspiration-editions.com\/\"},{\"@type\":\"ListItem\",\"position\":2,\"name\":\"Journal d&rsquo;un cur\u00e9 de campagne\"}]},{\"@type\":\"WebSite\",\"@id\":\"https:\/\/conspiration-editions.com\/#website\",\"url\":\"https:\/\/conspiration-editions.com\/\",\"name\":\"Conspiration | \u00c9ditions\",\"description\":\"\",\"publisher\":{\"@id\":\"https:\/\/conspiration-editions.com\/#organization\"},\"potentialAction\":[{\"@type\":\"SearchAction\",\"target\":{\"@type\":\"EntryPoint\",\"urlTemplate\":\"https:\/\/conspiration-editions.com\/?s={search_term_string}\"},\"query-input\":\"required name=search_term_string\"}],\"inLanguage\":\"en-US\"},{\"@type\":\"Organization\",\"@id\":\"https:\/\/conspiration-editions.com\/#organization\",\"name\":\"Conspiration | \u00c9ditions\",\"url\":\"https:\/\/conspiration-editions.com\/\",\"logo\":{\"@type\":\"ImageObject\",\"inLanguage\":\"en-US\",\"@id\":\"https:\/\/conspiration-editions.com\/#\/schema\/logo\/image\/\",\"url\":\"https:\/\/conspiration-editions.com\/wp-content\/uploads\/2021\/01\/cropped-cropped-cropped-logo-editions.png\",\"contentUrl\":\"https:\/\/conspiration-editions.com\/wp-content\/uploads\/2021\/01\/cropped-cropped-cropped-logo-editions.png\",\"width\":574,\"height\":100,\"caption\":\"Conspiration | \u00c9ditions\"},\"image\":{\"@id\":\"https:\/\/conspiration-editions.com\/#\/schema\/logo\/image\/\"}}]}<\/script>\n<!-- \/ Yoast SEO plugin. -->","yoast_head_json":{"title":"Journal d'un cur\u00e9 de campagne - Conspiration | \u00c9ditions","description":"De Georges Bernanos. Au 25 novembre prochain, je mettrai ces feuilles au feu, je t\u00e2cherai de les oublier.","robots":{"index":"index","follow":"follow","max-snippet":"max-snippet:-1","max-image-preview":"max-image-preview:large","max-video-preview":"max-video-preview:-1"},"canonical":"https:\/\/conspiration-editions.com\/en\/journal-dun-cure-de-campagne\/","og_locale":"en_US","og_type":"article","og_title":"Journal d'un cur\u00e9 de campagne - Conspiration | \u00c9ditions","og_description":"De Georges Bernanos. Au 25 novembre prochain, je mettrai ces feuilles au feu, je t\u00e2cherai de les oublier.","og_url":"https:\/\/conspiration-editions.com\/en\/journal-dun-cure-de-campagne\/","og_site_name":"Conspiration | \u00c9ditions","og_image":[{"url":"https:\/\/conspiration-editions.com\/wp-content\/uploads\/2022\/10\/Bernanos-couverture-simulation.jpg"}],"twitter_card":"summary_large_image","twitter_misc":{"Est. reading time":"2 minutes"},"schema":{"@context":"https:\/\/schema.org","@graph":[{"@type":"WebPage","@id":"https:\/\/conspiration-editions.com\/journal-dun-cure-de-campagne\/","url":"https:\/\/conspiration-editions.com\/journal-dun-cure-de-campagne\/","name":"Journal d'un cur\u00e9 de campagne - Conspiration | \u00c9ditions","isPartOf":{"@id":"https:\/\/conspiration-editions.com\/#website"},"primaryImageOfPage":{"@id":"https:\/\/conspiration-editions.com\/journal-dun-cure-de-campagne\/#primaryimage"},"image":{"@id":"https:\/\/conspiration-editions.com\/journal-dun-cure-de-campagne\/#primaryimage"},"thumbnailUrl":"https:\/\/conspiration-editions.com\/wp-content\/uploads\/2022\/10\/Bernanos-couverture-simulation.jpg","datePublished":"2026-02-27T09:27:49+00:00","dateModified":"2026-02-27T09:27:49+00:00","description":"De Georges Bernanos. Au 25 novembre prochain, je mettrai ces feuilles au feu, je t\u00e2cherai de les oublier.","breadcrumb":{"@id":"https:\/\/conspiration-editions.com\/journal-dun-cure-de-campagne\/#breadcrumb"},"inLanguage":"en-US","potentialAction":[{"@type":"ReadAction","target":["https:\/\/conspiration-editions.com\/journal-dun-cure-de-campagne\/"]}]},{"@type":"ImageObject","inLanguage":"en-US","@id":"https:\/\/conspiration-editions.com\/journal-dun-cure-de-campagne\/#primaryimage","url":"https:\/\/conspiration-editions.com\/wp-content\/uploads\/2022\/10\/Bernanos-couverture-simulation.jpg","contentUrl":"https:\/\/conspiration-editions.com\/wp-content\/uploads\/2022\/10\/Bernanos-couverture-simulation.jpg"},{"@type":"BreadcrumbList","@id":"https:\/\/conspiration-editions.com\/journal-dun-cure-de-campagne\/#breadcrumb","itemListElement":[{"@type":"ListItem","position":1,"name":"Accueil","item":"https:\/\/conspiration-editions.com\/"},{"@type":"ListItem","position":2,"name":"Journal d&rsquo;un cur\u00e9 de campagne"}]},{"@type":"WebSite","@id":"https:\/\/conspiration-editions.com\/#website","url":"https:\/\/conspiration-editions.com\/","name":"Conspiration | \u00c9ditions","description":"","publisher":{"@id":"https:\/\/conspiration-editions.com\/#organization"},"potentialAction":[{"@type":"SearchAction","target":{"@type":"EntryPoint","urlTemplate":"https:\/\/conspiration-editions.com\/?s={search_term_string}"},"query-input":"required name=search_term_string"}],"inLanguage":"en-US"},{"@type":"Organization","@id":"https:\/\/conspiration-editions.com\/#organization","name":"Conspiration | \u00c9ditions","url":"https:\/\/conspiration-editions.com\/","logo":{"@type":"ImageObject","inLanguage":"en-US","@id":"https:\/\/conspiration-editions.com\/#\/schema\/logo\/image\/","url":"https:\/\/conspiration-editions.com\/wp-content\/uploads\/2021\/01\/cropped-cropped-cropped-logo-editions.png","contentUrl":"https:\/\/conspiration-editions.com\/wp-content\/uploads\/2021\/01\/cropped-cropped-cropped-logo-editions.png","width":574,"height":100,"caption":"Conspiration | \u00c9ditions"},"image":{"@id":"https:\/\/conspiration-editions.com\/#\/schema\/logo\/image\/"}}]}},"_links":{"self":[{"href":"https:\/\/conspiration-editions.com\/en\/wp-json\/wp\/v2\/pages\/2213"}],"collection":[{"href":"https:\/\/conspiration-editions.com\/en\/wp-json\/wp\/v2\/pages"}],"about":[{"href":"https:\/\/conspiration-editions.com\/en\/wp-json\/wp\/v2\/types\/page"}],"author":[{"embeddable":true,"href":"https:\/\/conspiration-editions.com\/en\/wp-json\/wp\/v2\/users\/1"}],"replies":[{"embeddable":true,"href":"https:\/\/conspiration-editions.com\/en\/wp-json\/wp\/v2\/comments?post=2213"}],"version-history":[{"count":25,"href":"https:\/\/conspiration-editions.com\/en\/wp-json\/wp\/v2\/pages\/2213\/revisions"}],"predecessor-version":[{"id":12103,"href":"https:\/\/conspiration-editions.com\/en\/wp-json\/wp\/v2\/pages\/2213\/revisions\/12103"}],"wp:attachment":[{"href":"https:\/\/conspiration-editions.com\/en\/wp-json\/wp\/v2\/media?parent=2213"}],"curies":[{"name":"wp","href":"https:\/\/api.w.org\/{rel}","templated":true}]}}