{"id":2201,"date":"2026-02-27T10:27:47","date_gmt":"2026-02-27T09:27:47","guid":{"rendered":"http:\/\/127.0.0.1\/conspiration-editions\/?page_id=26"},"modified":"2026-03-03T14:38:39","modified_gmt":"2026-03-03T13:38:39","slug":"contact","status":"publish","type":"page","link":"https:\/\/conspiration-editions.com\/en\/contact\/","title":{"rendered":"Contact us"},"content":{"rendered":"<div data-elementor-type=\"wp-page\" data-elementor-id=\"2201\" class=\"elementor elementor-2201\" data-elementor-settings=\"[]\">\n\t\t\t\t\t\t<div class=\"elementor-inner\">\n\t\t\t\t\t\t\t<div class=\"elementor-section-wrap\">\n\t\t\t\t\t\t\t<section class=\"elementor-section elementor-top-section elementor-element elementor-element-b219bf3 elementor-section-boxed elementor-section-height-default elementor-section-height-default\" data-id=\"b219bf3\" data-element_type=\"section\">\n\t\t\t\t\t\t<div class=\"elementor-container elementor-column-gap-default\">\n\t\t\t\t\t\t\t<div class=\"elementor-row\">\n\t\t\t\t\t<div class=\"elementor-column elementor-col-100 elementor-top-column elementor-element elementor-element-9f0d8a9\" data-id=\"9f0d8a9\" data-element_type=\"column\">\n\t\t\t<div class=\"elementor-column-wrap elementor-element-populated\">\n\t\t\t\t\t\t\t<div class=\"elementor-widget-wrap\">\n\t\t\t\t\t\t<div class=\"elementor-element elementor-element-09789b8 elementor-widget elementor-widget-text-editor\" data-id=\"09789b8\" data-element_type=\"widget\" data-widget_type=\"text-editor.default\">\n\t\t\t\t<div class=\"elementor-widget-container\">\n\t\t\t\t\t<div class=\"elementor-text-editor elementor-clearfix\"><div style=\"font-variant: small-caps; padding: 5px 0 10px 0; font-family: Euclid Flex; font-size: 25px; color: #002a50;\"><strong>Contact us<\/strong><\/div><\/div>\n\t\t\t\t<\/div>\n\t\t\t\t<\/div>\n\t\t\t\t<section class=\"elementor-section elementor-inner-section elementor-element elementor-element-ecd2baf elementor-section-boxed elementor-section-height-default elementor-section-height-default\" data-id=\"ecd2baf\" data-element_type=\"section\">\n\t\t\t\t\t\t<div class=\"elementor-container elementor-column-gap-default\">\n\t\t\t\t\t\t\t<div class=\"elementor-row\">\n\t\t\t\t\t<div class=\"elementor-column elementor-col-100 elementor-inner-column elementor-element elementor-element-137fff4\" data-id=\"137fff4\" data-element_type=\"column\">\n\t\t\t<div class=\"elementor-column-wrap elementor-element-populated\">\n\t\t\t\t\t\t\t<div class=\"elementor-widget-wrap\">\n\t\t\t\t\t\t<div class=\"elementor-element elementor-element-c7ea4a5 elementor-widget elementor-widget-text-editor\" data-id=\"c7ea4a5\" data-element_type=\"widget\" data-widget_type=\"text-editor.default\">\n\t\t\t\t<div class=\"elementor-widget-container\">\n\t\t\t\t\t<div class=\"elementor-text-editor elementor-clearfix\"><p>La maison d&rsquo;\u00e9dition a cess\u00e9 son activit\u00e9 en juillet 2025. Vous avez n\u00e9anmoins la possibilit\u00e9 de nous contacter \u00e0 l&rsquo;adresse suivante : contact[@]conspiration-editions.com<\/p><\/div>\n\t\t\t\t<\/div>\n\t\t\t\t<\/div>\n\t\t\t\t\t\t<\/div>\n\t\t\t\t\t<\/div>\n\t\t<\/div>\n\t\t\t\t\t\t\t\t<\/div>\n\t\t\t\t\t<\/div>\n\t\t<\/section>\n\t\t\t\t<div class=\"elementor-element elementor-element-001a6ed elementor-widget-divider--view-line elementor-widget elementor-widget-divider\" data-id=\"001a6ed\" data-element_type=\"widget\" data-widget_type=\"divider.default\">\n\t\t\t\t<div class=\"elementor-widget-container\">\n\t\t\t\t\t<div class=\"elementor-divider\">\n\t\t\t<span class=\"elementor-divider-separator\">\n\t\t\t\t\t\t<\/span>\n\t\t<\/div>\n\t\t\t\t<\/div>\n\t\t\t\t<\/div>\n\t\t\t\t<div class=\"elementor-element elementor-element-8eb562e elementor-widget elementor-widget-text-editor\" data-id=\"8eb562e\" data-element_type=\"widget\" data-widget_type=\"text-editor.default\">\n\t\t\t\t<div class=\"elementor-widget-container\">\n\t\t\t\t\t<div class=\"elementor-text-editor elementor-clearfix\"><div style=\"font-variant: small-caps; padding: 5px 0 10px 0; font-family: Euclid Flex; font-size: 25px; color: #002a50;\"><strong>Booksellers<\/strong><\/div><\/div>\n\t\t\t\t<\/div>\n\t\t\t\t<\/div>\n\t\t\t\t<section class=\"elementor-section elementor-inner-section elementor-element elementor-element-e2d8e74 elementor-section-boxed elementor-section-height-default elementor-section-height-default\" data-id=\"e2d8e74\" data-element_type=\"section\">\n\t\t\t\t\t\t<div class=\"elementor-container elementor-column-gap-default\">\n\t\t\t\t\t\t\t<div class=\"elementor-row\">\n\t\t\t\t\t<div class=\"elementor-column elementor-col-100 elementor-inner-column elementor-element elementor-element-d7b0a2e\" data-id=\"d7b0a2e\" data-element_type=\"column\">\n\t\t\t<div class=\"elementor-column-wrap elementor-element-populated\">\n\t\t\t\t\t\t\t<div class=\"elementor-widget-wrap\">\n\t\t\t\t\t\t<div class=\"elementor-element elementor-element-9611a74 elementor-widget elementor-widget-text-editor\" data-id=\"9611a74\" data-element_type=\"widget\" data-widget_type=\"text-editor.default\">\n\t\t\t\t<div class=\"elementor-widget-container\">\n\t\t\t\t\t<div class=\"elementor-text-editor elementor-clearfix\"><p>La maison d&rsquo;\u00e9dition a cess\u00e9 son activit\u00e9 en juillet 2025. Vous avez n\u00e9anmoins la possibilit\u00e9 de commander les titres non \u00e9puis\u00e9s en vous adressant \u00e0 :<\/p><p><img loading=\"lazy\" decoding=\"async\" src=\"https:\/\/conspiration-editions.com\/wp-content\/uploads\/2021\/03\/pollen-300x84.jpg\" alt=\"\" width=\"147\" height=\"41\" \/><\/p><p><span>60 rue \u00c9tienne Dolet\u00a0<\/span><br \/><span>92240 Malakoff<\/span><br \/><strong>Phone:<\/strong> +33 (0)1 43 62 08 07<br \/><strong>To contact them:<\/strong> <span style=\"text-decoration: underline;\"><a href=\"https:\/\/pollen-diffusion.com\/contact\" target=\"_blank\" rel=\"noopener\">click here<\/a><\/span><\/p><p><span style=\"text-decoration: underline;\"><a href=\"https:\/\/pollen-diffusion.com\/editeurs\/1706\" target=\"_blank\" rel=\"noopener\">Catalogue de Conspiration | \u00c9ditions<\/a><\/span><a href=\"https:\/\/www.pollen-difpop.com\/article-18736-editions-conspiration.aspx\" target=\"_blank\" rel=\"noopener\"><span style=\"text-decoration: underline;\"><\/span><\/a><\/p><\/div>\n\t\t\t\t<\/div>\n\t\t\t\t<\/div>\n\t\t\t\t\t\t<\/div>\n\t\t\t\t\t<\/div>\n\t\t<\/div>\n\t\t\t\t\t\t\t\t<\/div>\n\t\t\t\t\t<\/div>\n\t\t<\/section>\n\t\t\t\t<div class=\"elementor-element elementor-element-e103950 elementor-widget elementor-widget-spacer\" data-id=\"e103950\" data-element_type=\"widget\" data-widget_type=\"spacer.default\">\n\t\t\t\t<div class=\"elementor-widget-container\">\n\t\t\t\t\t<div class=\"elementor-spacer\">\n\t\t\t<div class=\"elementor-spacer-inner\"><\/div>\n\t\t<\/div>\n\t\t\t\t<\/div>\n\t\t\t\t<\/div>\n\t\t\t\t\t\t<\/div>\n\t\t\t\t\t<\/div>\n\t\t<\/div>\n\t\t\t\t\t\t\t\t<\/div>\n\t\t\t\t\t<\/div>\n\t\t<\/section>\n\t\t\t\t\t\t<\/div>\n\t\t\t\t\t\t<\/div>\n\t\t\t\t\t<\/div>","protected":false},"excerpt":{"rendered":"<p>Nous contacter La maison d&rsquo;\u00e9dition a cess\u00e9 son activit\u00e9 en juillet 2025. Vous avez n\u00e9anmoins la possibilit\u00e9 de nous contacter \u00e0 l&rsquo;adresse suivante : contact[@]conspiration-editions.com Libraires La maison d&rsquo;\u00e9dition a cess\u00e9 son activit\u00e9 en juillet 2025. Vous avez n\u00e9anmoins la possibilit\u00e9 de commander les titres non \u00e9puis\u00e9s en vous adressant [&hellip;]<\/p>","protected":false},"author":1,"featured_media":0,"parent":0,"menu_order":0,"comment_status":"closed","ping_status":"closed","template":"","meta":{"footnotes":""},"yoast_head":"<!-- This site is optimized with the Yoast SEO plugin v22.9 - https:\/\/yoast.com\/wordpress\/plugins\/seo\/ -->\n<title>Contact - Conspiration | \u00c9ditions<\/title>\n<meta name=\"robots\" content=\"index, follow, max-snippet:-1, max-image-preview:large, max-video-preview:-1\" \/>\n<link rel=\"canonical\" href=\"https:\/\/conspiration-editions.com\/en\/contact\/\" \/>\n<meta property=\"og:locale\" content=\"en_US\" \/>\n<meta property=\"og:type\" content=\"article\" \/>\n<meta property=\"og:title\" content=\"Contact - Conspiration | \u00c9ditions\" \/>\n<meta property=\"og:description\" content=\"Nous contacter La maison d&rsquo;\u00e9dition a cess\u00e9 son activit\u00e9 en juillet 2025. Vous avez n\u00e9anmoins la possibilit\u00e9 de nous contacter \u00e0 l&rsquo;adresse suivante : contact[@]conspiration-editions.com Libraires La maison d&rsquo;\u00e9dition a cess\u00e9 son activit\u00e9 en juillet 2025. Vous avez n\u00e9anmoins la possibilit\u00e9 de commander les titres non \u00e9puis\u00e9s en vous adressant [&hellip;]\" \/>\n<meta property=\"og:url\" content=\"https:\/\/conspiration-editions.com\/en\/contact\/\" \/>\n<meta property=\"og:site_name\" content=\"Conspiration | \u00c9ditions\" \/>\n<meta property=\"article:modified_time\" content=\"2026-03-03T13:38:39+00:00\" \/>\n<meta property=\"og:image\" content=\"https:\/\/conspiration-editions.com\/wp-content\/uploads\/2021\/03\/pollen-300x84.jpg\" \/>\n<meta name=\"twitter:card\" content=\"summary_large_image\" \/>\n<meta name=\"twitter:label1\" content=\"Est. reading time\" \/>\n\t<meta name=\"twitter:data1\" content=\"1 minute\" \/>\n<script type=\"application\/ld+json\" class=\"yoast-schema-graph\">{\"@context\":\"https:\/\/schema.org\",\"@graph\":[{\"@type\":\"WebPage\",\"@id\":\"https:\/\/conspiration-editions.com\/contact\/\",\"url\":\"https:\/\/conspiration-editions.com\/contact\/\",\"name\":\"Contact - Conspiration | \u00c9ditions\",\"isPartOf\":{\"@id\":\"https:\/\/conspiration-editions.com\/#website\"},\"primaryImageOfPage\":{\"@id\":\"https:\/\/conspiration-editions.com\/contact\/#primaryimage\"},\"image\":{\"@id\":\"https:\/\/conspiration-editions.com\/contact\/#primaryimage\"},\"thumbnailUrl\":\"https:\/\/conspiration-editions.com\/wp-content\/uploads\/2021\/03\/pollen-300x84.jpg\",\"datePublished\":\"2026-02-27T09:27:47+00:00\",\"dateModified\":\"2026-03-03T13:38:39+00:00\",\"breadcrumb\":{\"@id\":\"https:\/\/conspiration-editions.com\/contact\/#breadcrumb\"},\"inLanguage\":\"en-US\",\"potentialAction\":[{\"@type\":\"ReadAction\",\"target\":[\"https:\/\/conspiration-editions.com\/contact\/\"]}]},{\"@type\":\"ImageObject\",\"inLanguage\":\"en-US\",\"@id\":\"https:\/\/conspiration-editions.com\/contact\/#primaryimage\",\"url\":\"https:\/\/conspiration-editions.com\/wp-content\/uploads\/2021\/03\/pollen-300x84.jpg\",\"contentUrl\":\"https:\/\/conspiration-editions.com\/wp-content\/uploads\/2021\/03\/pollen-300x84.jpg\"},{\"@type\":\"BreadcrumbList\",\"@id\":\"https:\/\/conspiration-editions.com\/contact\/#breadcrumb\",\"itemListElement\":[{\"@type\":\"ListItem\",\"position\":1,\"name\":\"Accueil\",\"item\":\"https:\/\/conspiration-editions.com\/\"},{\"@type\":\"ListItem\",\"position\":2,\"name\":\"Contact\"}]},{\"@type\":\"WebSite\",\"@id\":\"https:\/\/conspiration-editions.com\/#website\",\"url\":\"https:\/\/conspiration-editions.com\/\",\"name\":\"Conspiration | \u00c9ditions\",\"description\":\"\",\"publisher\":{\"@id\":\"https:\/\/conspiration-editions.com\/#organization\"},\"potentialAction\":[{\"@type\":\"SearchAction\",\"target\":{\"@type\":\"EntryPoint\",\"urlTemplate\":\"https:\/\/conspiration-editions.com\/?s={search_term_string}\"},\"query-input\":\"required name=search_term_string\"}],\"inLanguage\":\"en-US\"},{\"@type\":\"Organization\",\"@id\":\"https:\/\/conspiration-editions.com\/#organization\",\"name\":\"Conspiration | \u00c9ditions\",\"url\":\"https:\/\/conspiration-editions.com\/\",\"logo\":{\"@type\":\"ImageObject\",\"inLanguage\":\"en-US\",\"@id\":\"https:\/\/conspiration-editions.com\/#\/schema\/logo\/image\/\",\"url\":\"https:\/\/conspiration-editions.com\/wp-content\/uploads\/2021\/01\/cropped-cropped-cropped-logo-editions.png\",\"contentUrl\":\"https:\/\/conspiration-editions.com\/wp-content\/uploads\/2021\/01\/cropped-cropped-cropped-logo-editions.png\",\"width\":574,\"height\":100,\"caption\":\"Conspiration | \u00c9ditions\"},\"image\":{\"@id\":\"https:\/\/conspiration-editions.com\/#\/schema\/logo\/image\/\"}}]}<\/script>\n<!-- \/ Yoast SEO plugin. -->","yoast_head_json":{"title":"Contact - Conspiration | \u00c9ditions","robots":{"index":"index","follow":"follow","max-snippet":"max-snippet:-1","max-image-preview":"max-image-preview:large","max-video-preview":"max-video-preview:-1"},"canonical":"https:\/\/conspiration-editions.com\/en\/contact\/","og_locale":"en_US","og_type":"article","og_title":"Contact - Conspiration | \u00c9ditions","og_description":"Nous contacter La maison d&rsquo;\u00e9dition a cess\u00e9 son activit\u00e9 en juillet 2025. Vous avez n\u00e9anmoins la possibilit\u00e9 de nous contacter \u00e0 l&rsquo;adresse suivante : contact[@]conspiration-editions.com Libraires La maison d&rsquo;\u00e9dition a cess\u00e9 son activit\u00e9 en juillet 2025. Vous avez n\u00e9anmoins la possibilit\u00e9 de commander les titres non \u00e9puis\u00e9s en vous adressant [&hellip;]","og_url":"https:\/\/conspiration-editions.com\/en\/contact\/","og_site_name":"Conspiration | \u00c9ditions","article_modified_time":"2026-03-03T13:38:39+00:00","og_image":[{"url":"https:\/\/conspiration-editions.com\/wp-content\/uploads\/2021\/03\/pollen-300x84.jpg"}],"twitter_card":"summary_large_image","twitter_misc":{"Est. reading time":"1 minute"},"schema":{"@context":"https:\/\/schema.org","@graph":[{"@type":"WebPage","@id":"https:\/\/conspiration-editions.com\/contact\/","url":"https:\/\/conspiration-editions.com\/contact\/","name":"Contact - Conspiration | \u00c9ditions","isPartOf":{"@id":"https:\/\/conspiration-editions.com\/#website"},"primaryImageOfPage":{"@id":"https:\/\/conspiration-editions.com\/contact\/#primaryimage"},"image":{"@id":"https:\/\/conspiration-editions.com\/contact\/#primaryimage"},"thumbnailUrl":"https:\/\/conspiration-editions.com\/wp-content\/uploads\/2021\/03\/pollen-300x84.jpg","datePublished":"2026-02-27T09:27:47+00:00","dateModified":"2026-03-03T13:38:39+00:00","breadcrumb":{"@id":"https:\/\/conspiration-editions.com\/contact\/#breadcrumb"},"inLanguage":"en-US","potentialAction":[{"@type":"ReadAction","target":["https:\/\/conspiration-editions.com\/contact\/"]}]},{"@type":"ImageObject","inLanguage":"en-US","@id":"https:\/\/conspiration-editions.com\/contact\/#primaryimage","url":"https:\/\/conspiration-editions.com\/wp-content\/uploads\/2021\/03\/pollen-300x84.jpg","contentUrl":"https:\/\/conspiration-editions.com\/wp-content\/uploads\/2021\/03\/pollen-300x84.jpg"},{"@type":"BreadcrumbList","@id":"https:\/\/conspiration-editions.com\/contact\/#breadcrumb","itemListElement":[{"@type":"ListItem","position":1,"name":"Accueil","item":"https:\/\/conspiration-editions.com\/"},{"@type":"ListItem","position":2,"name":"Contact"}]},{"@type":"WebSite","@id":"https:\/\/conspiration-editions.com\/#website","url":"https:\/\/conspiration-editions.com\/","name":"Conspiration | \u00c9ditions","description":"","publisher":{"@id":"https:\/\/conspiration-editions.com\/#organization"},"potentialAction":[{"@type":"SearchAction","target":{"@type":"EntryPoint","urlTemplate":"https:\/\/conspiration-editions.com\/?s={search_term_string}"},"query-input":"required name=search_term_string"}],"inLanguage":"en-US"},{"@type":"Organization","@id":"https:\/\/conspiration-editions.com\/#organization","name":"Conspiration | \u00c9ditions","url":"https:\/\/conspiration-editions.com\/","logo":{"@type":"ImageObject","inLanguage":"en-US","@id":"https:\/\/conspiration-editions.com\/#\/schema\/logo\/image\/","url":"https:\/\/conspiration-editions.com\/wp-content\/uploads\/2021\/01\/cropped-cropped-cropped-logo-editions.png","contentUrl":"https:\/\/conspiration-editions.com\/wp-content\/uploads\/2021\/01\/cropped-cropped-cropped-logo-editions.png","width":574,"height":100,"caption":"Conspiration | \u00c9ditions"},"image":{"@id":"https:\/\/conspiration-editions.com\/#\/schema\/logo\/image\/"}}]}},"_links":{"self":[{"href":"https:\/\/conspiration-editions.com\/en\/wp-json\/wp\/v2\/pages\/2201"}],"collection":[{"href":"https:\/\/conspiration-editions.com\/en\/wp-json\/wp\/v2\/pages"}],"about":[{"href":"https:\/\/conspiration-editions.com\/en\/wp-json\/wp\/v2\/types\/page"}],"author":[{"embeddable":true,"href":"https:\/\/conspiration-editions.com\/en\/wp-json\/wp\/v2\/users\/1"}],"replies":[{"embeddable":true,"href":"https:\/\/conspiration-editions.com\/en\/wp-json\/wp\/v2\/comments?post=2201"}],"version-history":[{"count":70,"href":"https:\/\/conspiration-editions.com\/en\/wp-json\/wp\/v2\/pages\/2201\/revisions"}],"predecessor-version":[{"id":12453,"href":"https:\/\/conspiration-editions.com\/en\/wp-json\/wp\/v2\/pages\/2201\/revisions\/12453"}],"wp:attachment":[{"href":"https:\/\/conspiration-editions.com\/en\/wp-json\/wp\/v2\/media?parent=2201"}],"curies":[{"name":"wp","href":"https:\/\/api.w.org\/{rel}","templated":true}]}}