{"id":11586,"date":"2026-02-27T10:29:55","date_gmt":"2026-02-27T09:29:55","guid":{"rendered":"https:\/\/ceditions.com\/?page_id=11586"},"modified":"2026-02-27T10:29:55","modified_gmt":"2026-02-27T09:29:55","slug":"les-profondeurs","status":"publish","type":"page","link":"https:\/\/conspiration-editions.com\/en\/les-profondeurs\/","title":{"rendered":"Les profondeurs"},"content":{"rendered":"<div data-elementor-type=\"wp-page\" data-elementor-id=\"11586\" class=\"elementor elementor-11586\" data-elementor-settings=\"[]\">\n\t\t\t\t\t\t<div class=\"elementor-inner\">\n\t\t\t\t\t\t\t<div class=\"elementor-section-wrap\">\n\t\t\t\t\t\t\t<section class=\"elementor-section elementor-top-section elementor-element elementor-element-81787ca elementor-section-boxed elementor-section-height-default elementor-section-height-default\" data-id=\"81787ca\" data-element_type=\"section\">\n\t\t\t\t\t\t<div class=\"elementor-container elementor-column-gap-default\">\n\t\t\t\t\t\t\t<div class=\"elementor-row\">\n\t\t\t\t\t<div class=\"elementor-column elementor-col-50 elementor-top-column elementor-element elementor-element-b16c204\" data-id=\"b16c204\" data-element_type=\"column\">\n\t\t\t<div class=\"elementor-column-wrap elementor-element-populated\">\n\t\t\t\t\t\t\t<div class=\"elementor-widget-wrap\">\n\t\t\t\t\t\t<div class=\"elementor-element elementor-element-c5ad740 euclid elementor-widget elementor-widget-heading\" data-id=\"c5ad740\" data-element_type=\"widget\" data-widget_type=\"heading.default\">\n\t\t\t\t<div class=\"elementor-widget-container\">\n\t\t\t<h2 class=\"elementor-heading-title elementor-size-default\">Les profondeurs<\/h2>\t\t<\/div>\n\t\t\t\t<\/div>\n\t\t\t\t<div class=\"elementor-element elementor-element-2f090d4 elementor-widget elementor-widget-text-editor\" data-id=\"2f090d4\" data-element_type=\"widget\" data-widget_type=\"text-editor.default\">\n\t\t\t\t<div class=\"elementor-widget-container\">\n\t\t\t\t\t<div class=\"elementor-text-editor elementor-clearfix\"><p>Nicolas Gonzales<\/p><\/div>\n\t\t\t\t<\/div>\n\t\t\t\t<\/div>\n\t\t\t\t<div class=\"elementor-element elementor-element-65cb7ae elementor-widget elementor-widget-text-editor\" data-id=\"65cb7ae\" data-element_type=\"widget\" data-widget_type=\"text-editor.default\">\n\t\t\t\t<div class=\"elementor-widget-container\">\n\t\t\t\t\t<div class=\"elementor-text-editor elementor-clearfix\"><p>La po\u00e9sie \/ neuf<\/p><\/div>\n\t\t\t\t<\/div>\n\t\t\t\t<\/div>\n\t\t\t\t<div class=\"elementor-element elementor-element-bd9d257 elementor-widget-divider--view-line elementor-widget elementor-widget-divider\" data-id=\"bd9d257\" data-element_type=\"widget\" data-widget_type=\"divider.default\">\n\t\t\t\t<div class=\"elementor-widget-container\">\n\t\t\t\t\t<div class=\"elementor-divider\">\n\t\t\t<span class=\"elementor-divider-separator\">\n\t\t\t\t\t\t<\/span>\n\t\t<\/div>\n\t\t\t\t<\/div>\n\t\t\t\t<\/div>\n\t\t\t\t<section class=\"elementor-section elementor-inner-section elementor-element elementor-element-6444681 elementor-section-boxed elementor-section-height-default elementor-section-height-default\" data-id=\"6444681\" data-element_type=\"section\">\n\t\t\t\t\t\t<div class=\"elementor-container elementor-column-gap-default\">\n\t\t\t\t\t\t\t<div class=\"elementor-row\">\n\t\t\t\t\t<div class=\"elementor-column elementor-col-50 elementor-inner-column elementor-element elementor-element-e4acfa5\" data-id=\"e4acfa5\" data-element_type=\"column\">\n\t\t\t<div class=\"elementor-column-wrap elementor-element-populated\">\n\t\t\t\t\t\t\t<div class=\"elementor-widget-wrap\">\n\t\t\t\t\t\t<div class=\"elementor-element elementor-element-4d90dd6 bt-jaune elementor-widget elementor-widget-text-editor\" data-id=\"4d90dd6\" data-element_type=\"widget\" data-widget_type=\"text-editor.default\">\n\t\t\t\t<div class=\"elementor-widget-container\">\n\t\t\t\t\t<div class=\"elementor-text-editor elementor-clearfix\"><p><div class=\"dp-element dp-lite\"  data-slug=\"les-profondeurs\" data-_slug=\"les-profondeurs\" data-title=\"lire-un-extrait\" id=\"dp_11589\" data-option=\"dp_option_11589\"  data-lightbox=\"button\">Lire un extrait<\/div><script class=\"dp-shortcode-script\" type=\"application\/javascript\">window.dp_option_11589 = {\"source\":\"https:\\\/\\\/conspiration-editions.com\\\/wp-content\\\/uploads\\\/2025\\\/03\\\/Les-profondeurs-interieur-extrait.pdf\",\"viewerType\":\"flipbook\",\"is3D\":false,\"enableSound\":false,\"slug\":\"les-profondeurs\",\"id\":11589}; if(window.DEARPDF && window.DEARPDF.parseElements){window.DEARPDF.parseElements();}<\/script><\/p><\/div>\n\t\t\t\t<\/div>\n\t\t\t\t<\/div>\n\t\t\t\t\t\t<\/div>\n\t\t\t\t\t<\/div>\n\t\t<\/div>\n\t\t\t\t<div class=\"elementor-column elementor-col-50 elementor-inner-column elementor-element elementor-element-9ae28b0\" data-id=\"9ae28b0\" data-element_type=\"column\">\n\t\t\t<div class=\"elementor-column-wrap elementor-element-populated\">\n\t\t\t\t\t\t\t<div class=\"elementor-widget-wrap\">\n\t\t\t\t\t\t<div class=\"elementor-element elementor-element-78f6716 elementor-align-right elementor-widget elementor-widget-button\" data-id=\"78f6716\" data-element_type=\"widget\" data-widget_type=\"button.default\">\n\t\t\t\t<div class=\"elementor-widget-container\">\n\t\t\t\t\t<div class=\"elementor-button-wrapper\">\n\t\t\t<a class=\"elementor-button elementor-size-sm\" role=\"button\">\n\t\t\t\t\t\t<span class=\"elementor-button-content-wrapper\">\n\t\t\t\t\t\t<span class=\"elementor-button-text\">Uniquement en librairie<\/span>\n\t\t<\/span>\n\t\t\t\t\t<\/a>\n\t\t<\/div>\n\t\t\t\t<\/div>\n\t\t\t\t<\/div>\n\t\t\t\t\t\t<\/div>\n\t\t\t\t\t<\/div>\n\t\t<\/div>\n\t\t\t\t\t\t\t\t<\/div>\n\t\t\t\t\t<\/div>\n\t\t<\/section>\n\t\t\t\t<div class=\"elementor-element elementor-element-5b592a7 elementor-widget elementor-widget-text-editor\" data-id=\"5b592a7\" data-element_type=\"widget\" data-widget_type=\"text-editor.default\">\n\t\t\t\t<div class=\"elementor-widget-container\">\n\t\t\t\t\t<div class=\"elementor-text-editor elementor-clearfix\"><p><em>Date de parution : 21 mars 2025<\/em><br \/><em>40 pages &#8211; 150&#215;100 mm<\/em><br \/><span style=\"font-size: 12px;\"><em>ISBN : 979-10-95550-48-8<\/em><\/span><\/p><\/div>\n\t\t\t\t<\/div>\n\t\t\t\t<\/div>\n\t\t\t\t\t\t<\/div>\n\t\t\t\t\t<\/div>\n\t\t<\/div>\n\t\t\t\t<div class=\"elementor-column elementor-col-50 elementor-top-column elementor-element elementor-element-748c959\" data-id=\"748c959\" data-element_type=\"column\">\n\t\t\t<div class=\"elementor-column-wrap elementor-element-populated\">\n\t\t\t\t\t\t\t<div class=\"elementor-widget-wrap\">\n\t\t\t\t\t\t<div class=\"elementor-element elementor-element-d93d226 elementor-widget elementor-widget-image\" data-id=\"d93d226\" data-element_type=\"widget\" data-widget_type=\"image.default\">\n\t\t\t\t<div class=\"elementor-widget-container\">\n\t\t\t\t\t<div class=\"elementor-image\">\n\t\t\t\t\t\t\t\t\t\t\t<a href=\"https:\/\/conspiration-editions.com\/wp-content\/uploads\/2025\/03\/Les-profondeurs-couverture-simulation.jpg\" data-elementor-open-lightbox=\"yes\" data-elementor-lightbox-title=\"Les profondeurs-couverture-simulation\" data-lbwps-width=\"980\" data-lbwps-height=\"700\" data-lbwps-srcsmall=\"https:\/\/conspiration-editions.com\/wp-content\/uploads\/2025\/03\/Les-profondeurs-couverture-simulation-18x12.jpg\">\n\t\t\t\t\t\t\t<img loading=\"lazy\" decoding=\"async\" width=\"750\" height=\"536\" src=\"https:\/\/conspiration-editions.com\/wp-content\/uploads\/2025\/03\/Les-profondeurs-couverture-simulation.jpg\" class=\"attachment-large size-large\" alt=\"\" srcset=\"https:\/\/conspiration-editions.com\/wp-content\/uploads\/2025\/03\/Les-profondeurs-couverture-simulation.jpg 980w, https:\/\/conspiration-editions.com\/wp-content\/uploads\/2025\/03\/Les-profondeurs-couverture-simulation-300x214.jpg 300w, https:\/\/conspiration-editions.com\/wp-content\/uploads\/2025\/03\/Les-profondeurs-couverture-simulation-768x549.jpg 768w, https:\/\/conspiration-editions.com\/wp-content\/uploads\/2025\/03\/Les-profondeurs-couverture-simulation-18x12.jpg 18w, https:\/\/conspiration-editions.com\/wp-content\/uploads\/2025\/03\/Les-profondeurs-couverture-simulation-230x164.jpg 230w, https:\/\/conspiration-editions.com\/wp-content\/uploads\/2025\/03\/Les-profondeurs-couverture-simulation-600x429.jpg 600w\" sizes=\"(max-width: 750px) 100vw, 750px\" \/>\t\t\t\t\t\t\t\t<\/a>\n\t\t\t\t\t\t\t\t\t\t\t<\/div>\n\t\t\t\t<\/div>\n\t\t\t\t<\/div>\n\t\t\t\t\t\t<\/div>\n\t\t\t\t\t<\/div>\n\t\t<\/div>\n\t\t\t\t\t\t\t\t<\/div>\n\t\t\t\t\t<\/div>\n\t\t<\/section>\n\t\t\t\t<section class=\"elementor-section elementor-top-section elementor-element elementor-element-a4bd27a elementor-section-boxed elementor-section-height-default elementor-section-height-default\" data-id=\"a4bd27a\" data-element_type=\"section\">\n\t\t\t\t\t\t<div class=\"elementor-container elementor-column-gap-default\">\n\t\t\t\t\t\t\t<div class=\"elementor-row\">\n\t\t\t\t\t<div class=\"elementor-column elementor-col-100 elementor-top-column elementor-element elementor-element-036e5a3\" data-id=\"036e5a3\" data-element_type=\"column\">\n\t\t\t<div class=\"elementor-column-wrap elementor-element-populated\">\n\t\t\t\t\t\t\t<div class=\"elementor-widget-wrap\">\n\t\t\t\t\t\t<div class=\"elementor-element elementor-element-923f0b8 elementor-widget elementor-widget-text-editor\" data-id=\"923f0b8\" data-element_type=\"widget\" data-widget_type=\"text-editor.default\">\n\t\t\t\t<div class=\"elementor-widget-container\">\n\t\t\t\t\t<div class=\"elementor-text-editor elementor-clearfix\"><p><strong>R\u00e9sum\u00e9 :<\/strong><\/p><\/div>\n\t\t\t\t<\/div>\n\t\t\t\t<\/div>\n\t\t\t\t\t\t<\/div>\n\t\t\t\t\t<\/div>\n\t\t<\/div>\n\t\t\t\t\t\t\t\t<\/div>\n\t\t\t\t\t<\/div>\n\t\t<\/section>\n\t\t\t\t<section class=\"elementor-section elementor-top-section elementor-element elementor-element-2f61c5b elementor-section-boxed elementor-section-height-default elementor-section-height-default\" data-id=\"2f61c5b\" data-element_type=\"section\">\n\t\t\t\t\t\t<div class=\"elementor-container elementor-column-gap-default\">\n\t\t\t\t\t\t\t<div class=\"elementor-row\">\n\t\t\t\t\t<div class=\"elementor-column elementor-col-100 elementor-top-column elementor-element elementor-element-1db0c9a\" data-id=\"1db0c9a\" data-element_type=\"column\">\n\t\t\t<div class=\"elementor-column-wrap elementor-element-populated\">\n\t\t\t\t\t\t\t<div class=\"elementor-widget-wrap\">\n\t\t\t\t\t\t<div class=\"elementor-element elementor-element-d933e80 elementor-widget elementor-widget-text-editor\" data-id=\"d933e80\" data-element_type=\"widget\" data-widget_type=\"text-editor.default\">\n\t\t\t\t<div class=\"elementor-widget-container\">\n\t\t\t\t\t<div class=\"elementor-text-editor elementor-clearfix\"><p><em>Les profondeurs<\/em> est un aller simple vers nous-m\u00eames, une apn\u00e9e salvatrice dans la p\u00e9nombre de la chair. Dans ce livre, l\u2019auteur explose les verrous psychologiques et nous traduit les paysages int\u00e9rieurs avec une pr\u00e9cision d\u00e9concertante, riche en m\u00e9taphores et en images inhabituelles. Au fil d\u2019un profondim\u00e8tre nous menant jusqu\u2019au <em>fond<\/em>, en nous y asphyxiant peut-\u00eatre, l\u2019auteur (re)trouve notre v\u00e9ritable nature, un lieu apais\u00e9, r\u00e9confortant, puits de lumi\u00e8re dans les t\u00e9n\u00e8bres et nous remonte ainsi \u00e0 la vie.<\/p><\/div>\n\t\t\t\t<\/div>\n\t\t\t\t<\/div>\n\t\t\t\t\t\t<\/div>\n\t\t\t\t\t<\/div>\n\t\t<\/div>\n\t\t\t\t\t\t\t\t<\/div>\n\t\t\t\t\t<\/div>\n\t\t<\/section>\n\t\t\t\t<section class=\"elementor-section elementor-top-section elementor-element elementor-element-cffaf8c elementor-section-boxed elementor-section-height-default elementor-section-height-default\" data-id=\"cffaf8c\" data-element_type=\"section\">\n\t\t\t\t\t\t<div class=\"elementor-container elementor-column-gap-default\">\n\t\t\t\t\t\t\t<div class=\"elementor-row\">\n\t\t\t\t\t<div class=\"elementor-column elementor-col-100 elementor-top-column elementor-element elementor-element-6339aaf\" data-id=\"6339aaf\" data-element_type=\"column\">\n\t\t\t<div class=\"elementor-column-wrap elementor-element-populated\">\n\t\t\t\t\t\t\t<div class=\"elementor-widget-wrap\">\n\t\t\t\t\t\t<div class=\"elementor-element elementor-element-f6f90e4 elementor-widget elementor-widget-text-editor\" data-id=\"f6f90e4\" data-element_type=\"widget\" data-widget_type=\"text-editor.default\">\n\t\t\t\t<div class=\"elementor-widget-container\">\n\t\t\t\t\t<div class=\"elementor-text-editor elementor-clearfix\"><p><strong>L&rsquo;auteur :<br \/><\/strong><\/p><\/div>\n\t\t\t\t<\/div>\n\t\t\t\t<\/div>\n\t\t\t\t\t\t<\/div>\n\t\t\t\t\t<\/div>\n\t\t<\/div>\n\t\t\t\t\t\t\t\t<\/div>\n\t\t\t\t\t<\/div>\n\t\t<\/section>\n\t\t\t\t<section class=\"elementor-section elementor-top-section elementor-element elementor-element-1230e02 elementor-section-boxed elementor-section-height-default elementor-section-height-default\" data-id=\"1230e02\" data-element_type=\"section\">\n\t\t\t\t\t\t<div class=\"elementor-container elementor-column-gap-default\">\n\t\t\t\t\t\t\t<div class=\"elementor-row\">\n\t\t\t\t\t<div class=\"elementor-column elementor-col-100 elementor-top-column elementor-element elementor-element-fe170b9\" data-id=\"fe170b9\" data-element_type=\"column\">\n\t\t\t<div class=\"elementor-column-wrap elementor-element-populated\">\n\t\t\t\t\t\t\t<div class=\"elementor-widget-wrap\">\n\t\t\t\t\t\t<div class=\"elementor-element elementor-element-e11f231 elementor-widget elementor-widget-text-editor\" data-id=\"e11f231\" data-element_type=\"widget\" data-widget_type=\"text-editor.default\">\n\t\t\t\t<div class=\"elementor-widget-container\">\n\t\t\t\t\t<div class=\"elementor-text-editor elementor-clearfix\"><p><strong><img loading=\"lazy\" decoding=\"async\" src=\"https:\/\/conspiration-editions.com\/wp-content\/uploads\/2025\/03\/Portrait-N-Gonzales-1-264x300.jpg\" alt=\"\" class=\"wp-image-11596  alignleft\" title=\"Alain Rivi\u00e8re\" width=\"152\" height=\"173\" srcset=\"https:\/\/conspiration-editions.com\/wp-content\/uploads\/2025\/03\/Portrait-N-Gonzales-1-264x300.jpg 264w, https:\/\/conspiration-editions.com\/wp-content\/uploads\/2025\/03\/Portrait-N-Gonzales-1-11x12.jpg 11w, https:\/\/conspiration-editions.com\/wp-content\/uploads\/2025\/03\/Portrait-N-Gonzales-1-230x261.jpg 230w, https:\/\/conspiration-editions.com\/wp-content\/uploads\/2025\/03\/Portrait-N-Gonzales-1.jpg 559w\" sizes=\"(max-width: 152px) 100vw, 152px\" \/>Nicolas Gonzales<br \/><\/strong><\/p><p>Acteur, chercheur et po\u00e8te, Nicolas Gonzales joue au th\u00e9\u00e2tre \u00e0 plusieurs reprises sous les directions de Christian Schiaretti, Galin Stoev, Antonio Araujo en France et \u00e0 l\u2019\u00e9tranger. Laur\u00e9at de mobilit\u00e9s artistiques de l\u2019Institut fran\u00e7ais, il m\u00e8ne des recherches performatives en Indon\u00e9sie et au Japon. Il enregistre r\u00e9guli\u00e8rement des fictions radiophoniques pour France-Culture. Son premier recueil est pr\u00e9fac\u00e9 par Jean-Pierre Sim\u00e9on et son dernier, <em>Il saignera des cordes<\/em>, re\u00e7oit le Prix CoPo doubl\u00e9 du Prix CoPo des lyc\u00e9ens en 2023.<\/p><\/div>\n\t\t\t\t<\/div>\n\t\t\t\t<\/div>\n\t\t\t\t\t\t<\/div>\n\t\t\t\t\t<\/div>\n\t\t<\/div>\n\t\t\t\t\t\t\t\t<\/div>\n\t\t\t\t\t<\/div>\n\t\t<\/section>\n\t\t\t\t\t\t<\/div>\n\t\t\t\t\t\t<\/div>\n\t\t\t\t\t<\/div>","protected":false},"excerpt":{"rendered":"<p>Les profondeurs Nicolas Gonzales La po\u00e9sie \/ neuf Uniquement en librairie Date de parution : 21 mars 202540 pages &#8211; 150&#215;100 mmISBN : 979-10-95550-48-8 R\u00e9sum\u00e9 : Les profondeurs est un aller simple vers nous-m\u00eames, une apn\u00e9e salvatrice dans la p\u00e9nombre de la chair. Dans ce livre, l\u2019auteur explose les verrous [&hellip;]<\/p>","protected":false},"author":1,"featured_media":0,"parent":0,"menu_order":0,"comment_status":"closed","ping_status":"closed","template":"page-templates\/template-pagebuilder-full-width.php","meta":{"footnotes":""},"yoast_head":"<!-- This site is optimized with the Yoast SEO plugin v22.9 - https:\/\/yoast.com\/wordpress\/plugins\/seo\/ -->\n<title>Les profondeurs - Conspiration | \u00c9ditions<\/title>\n<meta name=\"robots\" content=\"index, follow, max-snippet:-1, max-image-preview:large, max-video-preview:-1\" \/>\n<link rel=\"canonical\" href=\"https:\/\/conspiration-editions.com\/en\/les-profondeurs\/\" \/>\n<meta property=\"og:locale\" content=\"en_US\" \/>\n<meta property=\"og:type\" content=\"article\" \/>\n<meta property=\"og:title\" content=\"Les profondeurs - Conspiration | \u00c9ditions\" \/>\n<meta property=\"og:description\" content=\"Les profondeurs Nicolas Gonzales La po\u00e9sie \/ neuf Uniquement en librairie Date de parution : 21 mars 202540 pages &#8211; 150&#215;100 mmISBN : 979-10-95550-48-8 R\u00e9sum\u00e9 : Les profondeurs est un aller simple vers nous-m\u00eames, une apn\u00e9e salvatrice dans la p\u00e9nombre de la chair. Dans ce livre, l\u2019auteur explose les verrous [&hellip;]\" \/>\n<meta property=\"og:url\" content=\"https:\/\/conspiration-editions.com\/en\/les-profondeurs\/\" \/>\n<meta property=\"og:site_name\" content=\"Conspiration | \u00c9ditions\" \/>\n<meta property=\"og:image\" content=\"https:\/\/conspiration-editions.com\/wp-content\/uploads\/2025\/03\/Les-profondeurs-couverture-simulation.jpg\" \/>\n<meta name=\"twitter:card\" content=\"summary_large_image\" \/>\n<script type=\"application\/ld+json\" class=\"yoast-schema-graph\">{\"@context\":\"https:\/\/schema.org\",\"@graph\":[{\"@type\":\"WebPage\",\"@id\":\"https:\/\/conspiration-editions.com\/les-profondeurs\/\",\"url\":\"https:\/\/conspiration-editions.com\/les-profondeurs\/\",\"name\":\"Les profondeurs - Conspiration | \u00c9ditions\",\"isPartOf\":{\"@id\":\"https:\/\/conspiration-editions.com\/#website\"},\"primaryImageOfPage\":{\"@id\":\"https:\/\/conspiration-editions.com\/les-profondeurs\/#primaryimage\"},\"image\":{\"@id\":\"https:\/\/conspiration-editions.com\/les-profondeurs\/#primaryimage\"},\"thumbnailUrl\":\"https:\/\/conspiration-editions.com\/wp-content\/uploads\/2025\/03\/Les-profondeurs-couverture-simulation.jpg\",\"datePublished\":\"2026-02-27T09:29:55+00:00\",\"dateModified\":\"2026-02-27T09:29:55+00:00\",\"breadcrumb\":{\"@id\":\"https:\/\/conspiration-editions.com\/les-profondeurs\/#breadcrumb\"},\"inLanguage\":\"en-US\",\"potentialAction\":[{\"@type\":\"ReadAction\",\"target\":[\"https:\/\/conspiration-editions.com\/les-profondeurs\/\"]}]},{\"@type\":\"ImageObject\",\"inLanguage\":\"en-US\",\"@id\":\"https:\/\/conspiration-editions.com\/les-profondeurs\/#primaryimage\",\"url\":\"https:\/\/conspiration-editions.com\/wp-content\/uploads\/2025\/03\/Les-profondeurs-couverture-simulation.jpg\",\"contentUrl\":\"https:\/\/conspiration-editions.com\/wp-content\/uploads\/2025\/03\/Les-profondeurs-couverture-simulation.jpg\"},{\"@type\":\"BreadcrumbList\",\"@id\":\"https:\/\/conspiration-editions.com\/les-profondeurs\/#breadcrumb\",\"itemListElement\":[{\"@type\":\"ListItem\",\"position\":1,\"name\":\"Accueil\",\"item\":\"https:\/\/conspiration-editions.com\/\"},{\"@type\":\"ListItem\",\"position\":2,\"name\":\"Les profondeurs\"}]},{\"@type\":\"WebSite\",\"@id\":\"https:\/\/conspiration-editions.com\/#website\",\"url\":\"https:\/\/conspiration-editions.com\/\",\"name\":\"Conspiration | \u00c9ditions\",\"description\":\"\",\"publisher\":{\"@id\":\"https:\/\/conspiration-editions.com\/#organization\"},\"potentialAction\":[{\"@type\":\"SearchAction\",\"target\":{\"@type\":\"EntryPoint\",\"urlTemplate\":\"https:\/\/conspiration-editions.com\/?s={search_term_string}\"},\"query-input\":\"required name=search_term_string\"}],\"inLanguage\":\"en-US\"},{\"@type\":\"Organization\",\"@id\":\"https:\/\/conspiration-editions.com\/#organization\",\"name\":\"Conspiration | \u00c9ditions\",\"url\":\"https:\/\/conspiration-editions.com\/\",\"logo\":{\"@type\":\"ImageObject\",\"inLanguage\":\"en-US\",\"@id\":\"https:\/\/conspiration-editions.com\/#\/schema\/logo\/image\/\",\"url\":\"https:\/\/conspiration-editions.com\/wp-content\/uploads\/2021\/01\/cropped-cropped-cropped-logo-editions.png\",\"contentUrl\":\"https:\/\/conspiration-editions.com\/wp-content\/uploads\/2021\/01\/cropped-cropped-cropped-logo-editions.png\",\"width\":574,\"height\":100,\"caption\":\"Conspiration | \u00c9ditions\"},\"image\":{\"@id\":\"https:\/\/conspiration-editions.com\/#\/schema\/logo\/image\/\"}}]}<\/script>\n<!-- \/ Yoast SEO plugin. -->","yoast_head_json":{"title":"Les profondeurs - Conspiration | \u00c9ditions","robots":{"index":"index","follow":"follow","max-snippet":"max-snippet:-1","max-image-preview":"max-image-preview:large","max-video-preview":"max-video-preview:-1"},"canonical":"https:\/\/conspiration-editions.com\/en\/les-profondeurs\/","og_locale":"en_US","og_type":"article","og_title":"Les profondeurs - Conspiration | \u00c9ditions","og_description":"Les profondeurs Nicolas Gonzales La po\u00e9sie \/ neuf Uniquement en librairie Date de parution : 21 mars 202540 pages &#8211; 150&#215;100 mmISBN : 979-10-95550-48-8 R\u00e9sum\u00e9 : Les profondeurs est un aller simple vers nous-m\u00eames, une apn\u00e9e salvatrice dans la p\u00e9nombre de la chair. Dans ce livre, l\u2019auteur explose les verrous [&hellip;]","og_url":"https:\/\/conspiration-editions.com\/en\/les-profondeurs\/","og_site_name":"Conspiration | \u00c9ditions","og_image":[{"url":"https:\/\/conspiration-editions.com\/wp-content\/uploads\/2025\/03\/Les-profondeurs-couverture-simulation.jpg"}],"twitter_card":"summary_large_image","schema":{"@context":"https:\/\/schema.org","@graph":[{"@type":"WebPage","@id":"https:\/\/conspiration-editions.com\/les-profondeurs\/","url":"https:\/\/conspiration-editions.com\/les-profondeurs\/","name":"Les profondeurs - Conspiration | \u00c9ditions","isPartOf":{"@id":"https:\/\/conspiration-editions.com\/#website"},"primaryImageOfPage":{"@id":"https:\/\/conspiration-editions.com\/les-profondeurs\/#primaryimage"},"image":{"@id":"https:\/\/conspiration-editions.com\/les-profondeurs\/#primaryimage"},"thumbnailUrl":"https:\/\/conspiration-editions.com\/wp-content\/uploads\/2025\/03\/Les-profondeurs-couverture-simulation.jpg","datePublished":"2026-02-27T09:29:55+00:00","dateModified":"2026-02-27T09:29:55+00:00","breadcrumb":{"@id":"https:\/\/conspiration-editions.com\/les-profondeurs\/#breadcrumb"},"inLanguage":"en-US","potentialAction":[{"@type":"ReadAction","target":["https:\/\/conspiration-editions.com\/les-profondeurs\/"]}]},{"@type":"ImageObject","inLanguage":"en-US","@id":"https:\/\/conspiration-editions.com\/les-profondeurs\/#primaryimage","url":"https:\/\/conspiration-editions.com\/wp-content\/uploads\/2025\/03\/Les-profondeurs-couverture-simulation.jpg","contentUrl":"https:\/\/conspiration-editions.com\/wp-content\/uploads\/2025\/03\/Les-profondeurs-couverture-simulation.jpg"},{"@type":"BreadcrumbList","@id":"https:\/\/conspiration-editions.com\/les-profondeurs\/#breadcrumb","itemListElement":[{"@type":"ListItem","position":1,"name":"Accueil","item":"https:\/\/conspiration-editions.com\/"},{"@type":"ListItem","position":2,"name":"Les profondeurs"}]},{"@type":"WebSite","@id":"https:\/\/conspiration-editions.com\/#website","url":"https:\/\/conspiration-editions.com\/","name":"Conspiration | \u00c9ditions","description":"","publisher":{"@id":"https:\/\/conspiration-editions.com\/#organization"},"potentialAction":[{"@type":"SearchAction","target":{"@type":"EntryPoint","urlTemplate":"https:\/\/conspiration-editions.com\/?s={search_term_string}"},"query-input":"required name=search_term_string"}],"inLanguage":"en-US"},{"@type":"Organization","@id":"https:\/\/conspiration-editions.com\/#organization","name":"Conspiration | \u00c9ditions","url":"https:\/\/conspiration-editions.com\/","logo":{"@type":"ImageObject","inLanguage":"en-US","@id":"https:\/\/conspiration-editions.com\/#\/schema\/logo\/image\/","url":"https:\/\/conspiration-editions.com\/wp-content\/uploads\/2021\/01\/cropped-cropped-cropped-logo-editions.png","contentUrl":"https:\/\/conspiration-editions.com\/wp-content\/uploads\/2021\/01\/cropped-cropped-cropped-logo-editions.png","width":574,"height":100,"caption":"Conspiration | \u00c9ditions"},"image":{"@id":"https:\/\/conspiration-editions.com\/#\/schema\/logo\/image\/"}}]}},"_links":{"self":[{"href":"https:\/\/conspiration-editions.com\/en\/wp-json\/wp\/v2\/pages\/11586"}],"collection":[{"href":"https:\/\/conspiration-editions.com\/en\/wp-json\/wp\/v2\/pages"}],"about":[{"href":"https:\/\/conspiration-editions.com\/en\/wp-json\/wp\/v2\/types\/page"}],"author":[{"embeddable":true,"href":"https:\/\/conspiration-editions.com\/en\/wp-json\/wp\/v2\/users\/1"}],"replies":[{"embeddable":true,"href":"https:\/\/conspiration-editions.com\/en\/wp-json\/wp\/v2\/comments?post=11586"}],"version-history":[{"count":19,"href":"https:\/\/conspiration-editions.com\/en\/wp-json\/wp\/v2\/pages\/11586\/revisions"}],"predecessor-version":[{"id":12282,"href":"https:\/\/conspiration-editions.com\/en\/wp-json\/wp\/v2\/pages\/11586\/revisions\/12282"}],"wp:attachment":[{"href":"https:\/\/conspiration-editions.com\/en\/wp-json\/wp\/v2\/media?parent=11586"}],"curies":[{"name":"wp","href":"https:\/\/api.w.org\/{rel}","templated":true}]}}